{"id":23228,"date":"2018-07-17T00:00:00","date_gmt":"2018-07-17T00:00:00","guid":{"rendered":"https:\/\/dev.liqui-moly-shop.ch\/index.php\/product\/schrauben-sicherung-feinmechanik\/"},"modified":"2023-12-15T13:42:37","modified_gmt":"2023-12-15T13:42:37","slug":"schrauben-sicherung-feinmechanik","status":"publish","type":"product","link":"https:\/\/www.liqui-moly-shop.ch\/index.php\/product\/schrauben-sicherung-feinmechanik\/","title":{"rendered":"Schrauben-Sicherung Feinmechanik"},"content":{"rendered":"<h3>Schrauben-Sicherung Feinmechanik<\/h3>\n<p>Optimales Gewindesicherungsprodukt. Einsetzbar bei ge\u00f6lten Oberfl\u00e4chen sowie galvanisierten Schrauben. Gute Chemikalienbest\u00e4ndigkeit. Breiter Temperatureinsatzbereich: -60 \u00b0C bis +150 \u00b0C.<\/p>\n<p><!-- --><\/p>\n<table id=\"detail\">\n<tbody>\n<tr>\n<td class=\"left\" valign=\"top\">Artikelnummer:<\/td>\n<td class=\"right\" valign=\"top\">3812<\/td>\n<\/tr>\n<tr>\n<td class=\"left\" valign=\"top\">Gebinde:<\/td>\n<td class=\"right\" valign=\"top\">10 g Blister<\/td>\n<\/tr>\n<tr>\n<td class=\"left\" valign=\"top\">Paletteninhalt:<\/td>\n<td class=\"right\" valign=\"top\">1740<\/td>\n<\/tr>\n<tr>\n<td class=\"left\" valign=\"top\">VPE:<\/td>\n<td class=\"right\" valign=\"top\">6 STK<\/td>\n<\/tr>\n<tr>\n<td class=\"left\" valign=\"top\">Sprache:<\/td>\n<td class=\"right\" valign=\"top\">D<\/td>\n<\/tr>\n<\/tbody>\n<\/table>\n<h3 class=\"detail\">Einsatzzweck<\/h3>\n<p>F\u00fcr alle g\u00e4ngigen Muttern- und Schraubengr\u00f6\u00dfen bis maximal M12 und\u00a0aller G\u00fcteklassen, besonders mit Feingewinde.<\/p>\n<div class=\"content-row content-standalone bg-light py-5 py-lg-6 variantswitch-sku-3812\">\n<div class=\"ghs-information container fs-11\">\n<div class=\"d-grid gap-3\">\n<div class=\"text-md-center text-muted ps-md-2 pe-md-2\">\n<ul class=\"info-text m-0 p-0\">\n<li>EUH208 Enth\u00e4lt Diisopropylbenzolhydroperoxid. Kann allergische Reaktionen hervorrufen.<\/li>\n<li>EUH210 Sicherheitsdatenblatt auf Anfrage erh\u00e4ltlich.<\/li>\n<\/ul>\n<\/div>\n<\/div>\n<\/div>\n<\/div>\n<div class=\"container\">\n<div class=\"content-tabs-wrapper content-tabs-container content-row product info detailed mage-tabs-disabled\">\n<div class=\"horizontal-scroll horizontal-scroll--fade-out\" data-limo-observe-movement=\"\">\n<ul class=\"nav content-tabs scroll-snap-x flex-nowrap\" data-limo-observe-tabs=\"\">\n<li class=\"d-inline-block nav-item px-2_5\" role=\"tablist\"><\/li>\n<\/ul>\n<\/div>\n<\/div>\n<\/div>\n<p>Wenn Sie Fragen rund um die Liqui Moly Produkte haben sollten, z\u00f6gern Sie nicht und kontaktieren Sie uns. Gerne stehen wir Ihnen jederzeit gerne zur Verf\u00fcgung.<\/p>\n","protected":false},"excerpt":{"rendered":"<p>Schrauben-Sicherung Feinmechanik Optimales Gewindesicherungsprodukt. Einsetzbar bei ge\u00f6lten Oberfl\u00e4chen sowie galvanisierten Schrauben. Gute Chemikalienbest\u00e4ndigkeit. Breiter Temperatureinsatzbereich: -60 \u00b0C bis +150 \u00b0C. Artikelnummer: 3812 Gebinde: 10 g Blister Paletteninhalt: 1740 VPE: 6 STK Sprache: D Einsatzzweck F\u00fcr alle g\u00e4ngigen Muttern- und Schraubengr\u00f6\u00dfen bis maximal M12 und\u00a0aller G\u00fcteklassen, besonders mit Feingewinde. EUH208 Enth\u00e4lt Diisopropylbenzolhydroperoxid. Kann allergische Reaktionen hervorrufen. [&hellip;]<\/p>\n","protected":false},"featured_media":23229,"comment_status":"closed","ping_status":"closed","template":"","meta":[],"class_list":["post-23228","product","type-product","status-publish","has-post-thumbnail","hentry","product_cat-kleben-und-dichten","product_cat-technische-klebstoffe"],"_links":{"self":[{"href":"https:\/\/www.liqui-moly-shop.ch\/index.php\/wp-json\/wp\/v2\/product\/23228","targetHints":{"allow":["GET"]}}],"collection":[{"href":"https:\/\/www.liqui-moly-shop.ch\/index.php\/wp-json\/wp\/v2\/product"}],"about":[{"href":"https:\/\/www.liqui-moly-shop.ch\/index.php\/wp-json\/wp\/v2\/types\/product"}],"replies":[{"embeddable":true,"href":"https:\/\/www.liqui-moly-shop.ch\/index.php\/wp-json\/wp\/v2\/comments?post=23228"}],"wp:featuredmedia":[{"embeddable":true,"href":"https:\/\/www.liqui-moly-shop.ch\/index.php\/wp-json\/wp\/v2\/media\/23229"}],"wp:attachment":[{"href":"https:\/\/www.liqui-moly-shop.ch\/index.php\/wp-json\/wp\/v2\/media?parent=23228"}],"curies":[{"name":"wp","href":"https:\/\/api.w.org\/{rel}","templated":true}]}}