{"id":23231,"date":"2018-07-17T00:00:00","date_gmt":"2018-07-17T00:00:00","guid":{"rendered":"https:\/\/dev.liqui-moly-shop.ch\/index.php\/product\/liquimate-kraftkleber-8050-ms\/"},"modified":"2023-12-15T10:43:27","modified_gmt":"2023-12-15T10:43:27","slug":"liquimate-kraftkleber-8050-ms","status":"publish","type":"product","link":"https:\/\/www.liqui-moly-shop.ch\/index.php\/product\/liquimate-kraftkleber-8050-ms\/","title":{"rendered":"Liquimate Kraftkleber 8050 MS"},"content":{"rendered":"<h3>Liquimate Kraftkleber 8050 MS<\/h3>\n<p>1-komponentiger, hochviskoser, luftfeuchtigkeitsh\u00e4rtender Strukturkleber auf Basis von MS-Polymer f\u00fcr eine hochfeste, dauerelastische Klebeverbindung. Verf\u00fcgt \u00fcber ein ausgezeichnetes Haftverm\u00f6gen auf fast allen Untergr\u00fcnden. L\u00f6semittel-, isocyanat- sowie silikonfrei und seewasserbest\u00e4ndig.<\/p>\n<p><!-- --><\/p>\n<table id=\"detail\">\n<tbody>\n<tr>\n<td class=\"left\" valign=\"top\">Artikelnummer:<\/td>\n<td class=\"right\" valign=\"top\">6165<\/td>\n<\/tr>\n<tr>\n<td class=\"left\" valign=\"top\">Gebinde:<\/td>\n<td class=\"right\" valign=\"top\">290 ml Kartusche Kunststoff<\/td>\n<\/tr>\n<tr>\n<td class=\"left\" valign=\"top\">Paletteninhalt:<\/td>\n<td class=\"right\" valign=\"top\">1008<\/td>\n<\/tr>\n<tr>\n<td class=\"left\" valign=\"top\">VPE:<\/td>\n<td class=\"right\" valign=\"top\">12 STK<\/td>\n<\/tr>\n<tr>\n<td class=\"left\" valign=\"top\">Sprache:<\/td>\n<td class=\"right\" valign=\"top\">D &#8211; GB &#8211; F &#8211; I &#8211; E &#8211; NL &#8211; P<\/td>\n<\/tr>\n<\/tbody>\n<\/table>\n<h3 class=\"detail\">Einsatzzweck<\/h3>\n<p>F\u00fcr dauerelastische Verklebungen im Fahrzeugbau, Wohnwagen- und Caravanbau, Containerbau, im Schiffsbau sowie in der Luftfahrt- und Bauindustrie bei nahezu allen Materialen mit- und untereinander.<br \/>\n<strong>Achtung<\/strong><\/p>\n<ul class=\"info-text m-0 p-0\">\n<li>H229 Beh\u00e4lter steht unter Druck: Kann bei Erw\u00e4rmung bersten.<\/li>\n<li>EUH208 Enth\u00e4lt 3-Aminopropyltriethoxysilan. Kann allergische Reaktionen hervorrufen.<\/li>\n<\/ul>\n<p>Wenn Sie Fragen rund um die Liqui Moly Produkte haben sollten, z\u00f6gern Sie nicht und kontaktieren Sie uns. Gerne stehen wir Ihnen jederzeit gerne zur Verf\u00fcgung.<\/p>\n","protected":false},"excerpt":{"rendered":"<p>Liquimate Kraftkleber 8050 MS 1-komponentiger, hochviskoser, luftfeuchtigkeitsh\u00e4rtender Strukturkleber auf Basis von MS-Polymer f\u00fcr eine hochfeste, dauerelastische Klebeverbindung. Verf\u00fcgt \u00fcber ein ausgezeichnetes Haftverm\u00f6gen auf fast allen Untergr\u00fcnden. L\u00f6semittel-, isocyanat- sowie silikonfrei und seewasserbest\u00e4ndig. Artikelnummer: 6165 Gebinde: 290 ml Kartusche Kunststoff Paletteninhalt: 1008 VPE: 12 STK Sprache: D &#8211; GB &#8211; F &#8211; I &#8211; E &#8211; [&hellip;]<\/p>\n","protected":false},"featured_media":23232,"comment_status":"closed","ping_status":"closed","template":"","meta":[],"class_list":["post-23231","product","type-product","status-publish","has-post-thumbnail","hentry","product_cat-kleben-und-dichten","product_cat-technische-klebstoffe"],"_links":{"self":[{"href":"https:\/\/www.liqui-moly-shop.ch\/index.php\/wp-json\/wp\/v2\/product\/23231","targetHints":{"allow":["GET"]}}],"collection":[{"href":"https:\/\/www.liqui-moly-shop.ch\/index.php\/wp-json\/wp\/v2\/product"}],"about":[{"href":"https:\/\/www.liqui-moly-shop.ch\/index.php\/wp-json\/wp\/v2\/types\/product"}],"replies":[{"embeddable":true,"href":"https:\/\/www.liqui-moly-shop.ch\/index.php\/wp-json\/wp\/v2\/comments?post=23231"}],"wp:featuredmedia":[{"embeddable":true,"href":"https:\/\/www.liqui-moly-shop.ch\/index.php\/wp-json\/wp\/v2\/media\/23232"}],"wp:attachment":[{"href":"https:\/\/www.liqui-moly-shop.ch\/index.php\/wp-json\/wp\/v2\/media?parent=23231"}],"curies":[{"name":"wp","href":"https:\/\/api.w.org\/{rel}","templated":true}]}}