{"id":23240,"date":"2018-07-17T00:00:00","date_gmt":"2018-07-17T00:00:00","guid":{"rendered":"https:\/\/dev.liqui-moly-shop.ch\/index.php\/product\/fluessig-metall\/"},"modified":"2023-12-15T12:54:16","modified_gmt":"2023-12-15T12:54:16","slug":"fluessig-metall","status":"publish","type":"product","link":"https:\/\/www.liqui-moly-shop.ch\/index.php\/product\/fluessig-metall\/","title":{"rendered":"Fl\u00fcssig-Metall"},"content":{"rendered":"<h3>Fl\u00fcssig-Metall<\/h3>\n<p>Schnellh\u00e4rtender 2-Komponenten-Epoxy-Kleber. Verf\u00fcgt\u00a0\u00fcber eine sehr hohe Festigkeit. Reparierte Stellen k\u00f6nnen nach\u00a0Aush\u00e4rtung\u00a0spanabhebend weiterbearbeitet, geschliffen oder \u00fcberlackiert werden.<\/p>\n<p><!-- --><\/p>\n<table id=\"detail\">\n<tbody>\n<tr>\n<td class=\"left\" valign=\"top\">Artikelnummer:<\/td>\n<td class=\"right\" valign=\"top\">6193<\/td>\n<\/tr>\n<tr>\n<td class=\"left\" valign=\"top\">Gebinde:<\/td>\n<td class=\"right\" valign=\"top\">25 ml Blister<\/td>\n<\/tr>\n<tr>\n<td class=\"left\" valign=\"top\">Paletteninhalt:<\/td>\n<td class=\"right\" valign=\"top\">900<\/td>\n<\/tr>\n<tr>\n<td class=\"left\" valign=\"top\">VPE:<\/td>\n<td class=\"right\" valign=\"top\">6 STK<\/td>\n<\/tr>\n<tr>\n<td class=\"left\" valign=\"top\">Sprache:<\/td>\n<td class=\"right\" valign=\"top\">D &#8211; GB &#8211; F &#8211; I &#8211; E &#8211; NL &#8211; P<\/td>\n<\/tr>\n<\/tbody>\n<\/table>\n<h3 class=\"detail\">Einsatzzweck<\/h3>\n<p>Zum F\u00fcllen und Spachteln von Rissen, L\u00f6chern, Fehlbohrungen, Lunkerstellen sowie zur Reparatur an Rohren, Tanks, Gewinden, Karosserie- und Maschinenteilen oder zum Verkleben verschiedener Materialien sowohl mit- als auch untereinander. Ersatzmischer (Mischerspritze mit Gewinde, Art.-Nr. 6242).<\/p>\n<div class=\"d-flex justify-content-md-center gap-1\"><img decoding=\"async\" title=\"ghs07\" src=\"https:\/\/liquimoly.cloudimg.io\/v7\/https:\/\/www.liqui-moly.com\/static\/version1702332212\/frontend\/limo\/base\/de_DE\/images\/info\/ghs07.png\" alt=\"ghs07\" width=\"35px\" height=\"35px\" \/><img decoding=\"async\" title=\"ghs08\" src=\"https:\/\/liquimoly.cloudimg.io\/v7\/https:\/\/www.liqui-moly.com\/static\/version1702332212\/frontend\/limo\/base\/de_DE\/images\/info\/ghs08.png\" alt=\"ghs08\" width=\"35px\" height=\"35px\" \/><img decoding=\"async\" title=\"ghs09\" src=\"https:\/\/liquimoly.cloudimg.io\/v7\/https:\/\/www.liqui-moly.com\/static\/version1702332212\/frontend\/limo\/base\/de_DE\/images\/info\/ghs09.png\" alt=\"ghs09\" width=\"35px\" height=\"35px\" \/><\/div>\n<div class=\"text-md-center text-muted ps-md-2 pe-md-2\">\n<p><strong>Achtung<\/strong><\/p>\n<ul class=\"info-text m-0 p-0\">\n<li>H315 Verursacht Hautreizungen.<\/li>\n<li>H317 Kann allergische Hautreaktionen verursachen.<\/li>\n<li>H319 Verursacht schwere Augenreizung.<\/li>\n<li>H341 Kann vermutlich genetische Defekte verursachen.<\/li>\n<li>H411 Giftig f\u00fcr Wasserorganismen, mit langfristiger Wirkung.<\/li>\n<\/ul>\n<\/div>\n<p>Wenn Sie Fragen rund um die Liqui Moly Produkte haben sollten, z\u00f6gern Sie nicht und kontaktieren Sie uns. Gerne stehen wir Ihnen jederzeit gerne zur Verf\u00fcgung.<\/p>\n","protected":false},"excerpt":{"rendered":"<p>Fl\u00fcssig-Metall Schnellh\u00e4rtender 2-Komponenten-Epoxy-Kleber. Verf\u00fcgt\u00a0\u00fcber eine sehr hohe Festigkeit. Reparierte Stellen k\u00f6nnen nach\u00a0Aush\u00e4rtung\u00a0spanabhebend weiterbearbeitet, geschliffen oder \u00fcberlackiert werden. Artikelnummer: 6193 Gebinde: 25 ml Blister Paletteninhalt: 900 VPE: 6 STK Sprache: D &#8211; GB &#8211; F &#8211; I &#8211; E &#8211; NL &#8211; P Einsatzzweck Zum F\u00fcllen und Spachteln von Rissen, L\u00f6chern, Fehlbohrungen, Lunkerstellen sowie zur Reparatur [&hellip;]<\/p>\n","protected":false},"featured_media":23241,"comment_status":"closed","ping_status":"closed","template":"","meta":[],"class_list":["post-23240","product","type-product","status-publish","has-post-thumbnail","hentry","product_cat-kleben-und-dichten","product_cat-technische-klebstoffe"],"_links":{"self":[{"href":"https:\/\/www.liqui-moly-shop.ch\/index.php\/wp-json\/wp\/v2\/product\/23240","targetHints":{"allow":["GET"]}}],"collection":[{"href":"https:\/\/www.liqui-moly-shop.ch\/index.php\/wp-json\/wp\/v2\/product"}],"about":[{"href":"https:\/\/www.liqui-moly-shop.ch\/index.php\/wp-json\/wp\/v2\/types\/product"}],"replies":[{"embeddable":true,"href":"https:\/\/www.liqui-moly-shop.ch\/index.php\/wp-json\/wp\/v2\/comments?post=23240"}],"wp:featuredmedia":[{"embeddable":true,"href":"https:\/\/www.liqui-moly-shop.ch\/index.php\/wp-json\/wp\/v2\/media\/23241"}],"wp:attachment":[{"href":"https:\/\/www.liqui-moly-shop.ch\/index.php\/wp-json\/wp\/v2\/media?parent=23240"}],"curies":[{"name":"wp","href":"https:\/\/api.w.org\/{rel}","templated":true}]}}