{"id":23273,"date":"2018-07-17T00:00:00","date_gmt":"2018-07-17T00:00:00","guid":{"rendered":"https:\/\/dev.liqui-moly-shop.ch\/index.php\/product\/steinschlagschutz-grau\/"},"modified":"2023-12-15T14:03:50","modified_gmt":"2023-12-15T14:03:50","slug":"steinschlagschutz-grau","status":"publish","type":"product","link":"https:\/\/www.liqui-moly-shop.ch\/index.php\/product\/steinschlagschutz-grau\/","title":{"rendered":"Steinschlagschutz grau"},"content":{"rendered":"<h3>Steinschlagschutz grau<\/h3>\n<p>L\u00f6sungsmittelhaltige, dauerelastische und dickfl\u00fcssige Beschichtungsmasse mit optimalem Deckungsverm\u00f6gen. Nach der Durchtrocknung stellt die Beschichtung einen abriebfesten Korrosionsschutz mit guten Steinschlagschutzeigenschaften und einer hervorragenden Anti-Dr\u00f6hn-Wirkung dar. Nass in Nass \u00fcberlackierbar, PVC-vertr\u00e4glich. Einf\u00e4rbung durch Beimischen des original Wagenlackes m\u00f6glich.<\/p>\n<p><!-- --><\/p>\n<table id=\"detail\">\n<tbody>\n<tr>\n<td class=\"left\" valign=\"top\">Artikelnummer:<\/td>\n<td class=\"right\" valign=\"top\">6106<\/td>\n<\/tr>\n<tr>\n<td class=\"left\" valign=\"top\">Gebinde:<\/td>\n<td class=\"right\" valign=\"top\">1 l Dose Blech<\/td>\n<\/tr>\n<tr>\n<td class=\"left\" valign=\"top\">Paletteninhalt:<\/td>\n<td class=\"right\" valign=\"top\">600<\/td>\n<\/tr>\n<tr>\n<td class=\"left\" valign=\"top\">VPE:<\/td>\n<td class=\"right\" valign=\"top\">12 STK<\/td>\n<\/tr>\n<tr>\n<td class=\"left\" valign=\"top\">Sprache:<\/td>\n<td class=\"right\" valign=\"top\">D &#8211; GB &#8211; F &#8211; I &#8211; E &#8211; NL &#8211; P<\/td>\n<\/tr>\n<\/tbody>\n<\/table>\n<h3 class=\"detail\">Einsatzzweck<\/h3>\n<p>Zur Erneuerung und Erg\u00e4nzung des werkseitigen Steinschlagschutzes an Hecksch\u00fcrzen, Spoilern, Frontpartien, Schwellern etc. Zum Spritzen von strukturierten Oberfl\u00e4chen.<\/p>\n<div class=\"d-flex justify-content-md-center gap-1\"><img decoding=\"async\" title=\"ghs02\" src=\"https:\/\/liquimoly.cloudimg.io\/v7\/https:\/\/www.liqui-moly.com\/static\/version1702332212\/frontend\/limo\/base\/de_DE\/images\/info\/ghs02.png\" alt=\"ghs02\" width=\"35px\" height=\"35px\" \/><img decoding=\"async\" title=\"ghs07\" src=\"https:\/\/liquimoly.cloudimg.io\/v7\/https:\/\/www.liqui-moly.com\/static\/version1702332212\/frontend\/limo\/base\/de_DE\/images\/info\/ghs07.png\" alt=\"ghs07\" width=\"35px\" height=\"35px\" \/><img decoding=\"async\" title=\"ghs09\" src=\"https:\/\/liquimoly.cloudimg.io\/v7\/https:\/\/www.liqui-moly.com\/static\/version1702332212\/frontend\/limo\/base\/de_DE\/images\/info\/ghs09.png\" alt=\"ghs09\" width=\"35px\" height=\"35px\" \/><\/div>\n<div class=\"text-md-center text-muted ps-md-2 pe-md-2\"><strong>Gefahr<\/strong><\/p>\n<ul class=\"info-text m-0 p-0\">\n<li>H225 Fl\u00fcssigkeit und Dampf leicht entz\u00fcndbar.<\/li>\n<li>H315 Verursacht Hautreizungen.<\/li>\n<li>H336 Kann Schl\u00e4frigkeit und Benommenheit verursachen.<\/li>\n<li>H411 Giftig f\u00fcr Wasserorganismen, mit langfristiger Wirkung.<\/li>\n<\/ul>\n<\/div>\n<p>Wenn Sie Fragen rund um die Liqui Moly Produkte haben sollten, z\u00f6gern Sie nicht und kontaktieren Sie uns. Gerne stehen wir Ihnen jederzeit gerne zur Verf\u00fcgung.<\/p>\n","protected":false},"excerpt":{"rendered":"<p>Steinschlagschutz grau L\u00f6sungsmittelhaltige, dauerelastische und dickfl\u00fcssige Beschichtungsmasse mit optimalem Deckungsverm\u00f6gen. Nach der Durchtrocknung stellt die Beschichtung einen abriebfesten Korrosionsschutz mit guten Steinschlagschutzeigenschaften und einer hervorragenden Anti-Dr\u00f6hn-Wirkung dar. Nass in Nass \u00fcberlackierbar, PVC-vertr\u00e4glich. Einf\u00e4rbung durch Beimischen des original Wagenlackes m\u00f6glich. Artikelnummer: 6106 Gebinde: 1 l Dose Blech Paletteninhalt: 600 VPE: 12 STK Sprache: D &#8211; GB [&hellip;]<\/p>\n","protected":false},"featured_media":23274,"comment_status":"closed","ping_status":"closed","template":"","meta":[],"class_list":["post-23273","product","type-product","status-publish","has-post-thumbnail","hentry","product_cat-kleben-und-dichten","product_cat-unterbodenschutz"],"_links":{"self":[{"href":"https:\/\/www.liqui-moly-shop.ch\/index.php\/wp-json\/wp\/v2\/product\/23273","targetHints":{"allow":["GET"]}}],"collection":[{"href":"https:\/\/www.liqui-moly-shop.ch\/index.php\/wp-json\/wp\/v2\/product"}],"about":[{"href":"https:\/\/www.liqui-moly-shop.ch\/index.php\/wp-json\/wp\/v2\/types\/product"}],"replies":[{"embeddable":true,"href":"https:\/\/www.liqui-moly-shop.ch\/index.php\/wp-json\/wp\/v2\/comments?post=23273"}],"wp:featuredmedia":[{"embeddable":true,"href":"https:\/\/www.liqui-moly-shop.ch\/index.php\/wp-json\/wp\/v2\/media\/23274"}],"wp:attachment":[{"href":"https:\/\/www.liqui-moly-shop.ch\/index.php\/wp-json\/wp\/v2\/media?parent=23273"}],"curies":[{"name":"wp","href":"https:\/\/api.w.org\/{rel}","templated":true}]}}