{"id":23288,"date":"2018-07-17T00:00:00","date_gmt":"2018-07-17T00:00:00","guid":{"rendered":"https:\/\/dev.liqui-moly-shop.ch\/index.php\/product\/unterbodenschutz-schwarz-spray\/"},"modified":"2023-12-15T14:17:37","modified_gmt":"2023-12-15T14:17:37","slug":"unterbodenschutz-schwarz-spray","status":"publish","type":"product","link":"https:\/\/www.liqui-moly-shop.ch\/index.php\/product\/unterbodenschutz-schwarz-spray\/","title":{"rendered":"Unterbodenschutz schwarz (Spray)"},"content":{"rendered":"<h3>Unterbodenschutz schwarz (Spray)<\/h3>\n<p>Bitumenfreier Korrosionsschutz, der einen elastischen Schutzbelag bildet. Mit guter Anti-Dr\u00f6hn-Wirkung und sehr hohem Abriebwiderstand. \u00dcberlackierbar und schnelltrocknend. Gute Haftung auf gereinigten Unterb\u00f6den und lackierten Fl\u00e4chen. Hoher Festk\u00f6rpergehalt.<\/p>\n<p><!-- --><\/p>\n<table id=\"detail\">\n<tbody>\n<tr>\n<td class=\"left\" valign=\"top\">Artikelnummer:<\/td>\n<td class=\"right\" valign=\"top\">6113<\/td>\n<\/tr>\n<tr>\n<td class=\"left\" valign=\"top\">Gebinde:<\/td>\n<td class=\"right\" valign=\"top\">500 ml Dose Aerosol<\/td>\n<\/tr>\n<tr>\n<td class=\"left\" valign=\"top\">Paletteninhalt:<\/td>\n<td class=\"right\" valign=\"top\">840<\/td>\n<\/tr>\n<tr>\n<td class=\"left\" valign=\"top\">VPE:<\/td>\n<td class=\"right\" valign=\"top\">12 STK<\/td>\n<\/tr>\n<tr>\n<td class=\"left\" valign=\"top\">Sprache:<\/td>\n<td class=\"right\" valign=\"top\">D &#8211; GB &#8211; F &#8211; I &#8211; E &#8211; NL &#8211; P<\/td>\n<\/tr>\n<\/tbody>\n<\/table>\n<h3 class=\"detail\">Einsatzzweck<\/h3>\n<p>Zur Beschichtung von Reparaturteilen wie z. B. Kotfl\u00fcgeln, Radl\u00e4ufen, Unterb\u00f6den, Schwellern sowie Front- und Hecksch\u00fcrzen. Zum Entdr\u00f6hnen von Radh\u00e4usern sowie zum Abdichten und Abdecken von Reparaturstellen.<\/p>\n<div class=\"d-flex justify-content-md-center gap-1\"><img decoding=\"async\" title=\"ghs02\" src=\"https:\/\/liquimoly.cloudimg.io\/v7\/https:\/\/www.liqui-moly.com\/static\/version1702332212\/frontend\/limo\/base\/de_DE\/images\/info\/ghs02.png\" alt=\"ghs02\" width=\"35px\" height=\"35px\" \/><img decoding=\"async\" title=\"ghs07\" src=\"https:\/\/liquimoly.cloudimg.io\/v7\/https:\/\/www.liqui-moly.com\/static\/version1702332212\/frontend\/limo\/base\/de_DE\/images\/info\/ghs07.png\" alt=\"ghs07\" width=\"35px\" height=\"35px\" \/><img decoding=\"async\" title=\"ghs09\" src=\"https:\/\/liquimoly.cloudimg.io\/v7\/https:\/\/www.liqui-moly.com\/static\/version1702332212\/frontend\/limo\/base\/de_DE\/images\/info\/ghs09.png\" alt=\"ghs09\" width=\"35px\" height=\"35px\" \/><\/div>\n<div class=\"text-md-center text-muted ps-md-2 pe-md-2\"><strong>Gefahr<\/strong><\/p>\n<ul class=\"info-text m-0 p-0\">\n<li>H222 Extrem entz\u00fcndbares Aerosol.<\/li>\n<li>H229 Beh\u00e4lter steht unter Druck: Kann bei Erw\u00e4rmung bersten.<\/li>\n<li>H315 Verursacht Hautreizungen.<\/li>\n<li>H319 Verursacht schwere Augenreizung.<\/li>\n<li>H336 Kann Schl\u00e4frigkeit und Benommenheit verursachen.<\/li>\n<li>H411 Giftig f\u00fcr Wasserorganismen, mit langfristiger Wirkung.<\/li>\n<\/ul>\n<\/div>\n<p>Wenn Sie Fragen rund um die Liqui Moly Produkte haben sollten, z\u00f6gern Sie nicht und kontaktieren Sie uns. Gerne stehen wir Ihnen jederzeit gerne zur Verf\u00fcgung.<\/p>\n","protected":false},"excerpt":{"rendered":"<p>Unterbodenschutz schwarz (Spray) Bitumenfreier Korrosionsschutz, der einen elastischen Schutzbelag bildet. Mit guter Anti-Dr\u00f6hn-Wirkung und sehr hohem Abriebwiderstand. \u00dcberlackierbar und schnelltrocknend. Gute Haftung auf gereinigten Unterb\u00f6den und lackierten Fl\u00e4chen. Hoher Festk\u00f6rpergehalt. Artikelnummer: 6113 Gebinde: 500 ml Dose Aerosol Paletteninhalt: 840 VPE: 12 STK Sprache: D &#8211; GB &#8211; F &#8211; I &#8211; E &#8211; NL &#8211; [&hellip;]<\/p>\n","protected":false},"featured_media":23289,"comment_status":"closed","ping_status":"closed","template":"","meta":[],"class_list":["post-23288","product","type-product","status-publish","has-post-thumbnail","hentry","product_cat-kleben-und-dichten","product_cat-unterbodenschutz"],"_links":{"self":[{"href":"https:\/\/www.liqui-moly-shop.ch\/index.php\/wp-json\/wp\/v2\/product\/23288","targetHints":{"allow":["GET"]}}],"collection":[{"href":"https:\/\/www.liqui-moly-shop.ch\/index.php\/wp-json\/wp\/v2\/product"}],"about":[{"href":"https:\/\/www.liqui-moly-shop.ch\/index.php\/wp-json\/wp\/v2\/types\/product"}],"replies":[{"embeddable":true,"href":"https:\/\/www.liqui-moly-shop.ch\/index.php\/wp-json\/wp\/v2\/comments?post=23288"}],"wp:featuredmedia":[{"embeddable":true,"href":"https:\/\/www.liqui-moly-shop.ch\/index.php\/wp-json\/wp\/v2\/media\/23289"}],"wp:attachment":[{"href":"https:\/\/www.liqui-moly-shop.ch\/index.php\/wp-json\/wp\/v2\/media?parent=23288"}],"curies":[{"name":"wp","href":"https:\/\/api.w.org\/{rel}","templated":true}]}}