{"id":23315,"date":"2018-07-17T00:00:00","date_gmt":"2018-07-17T00:00:00","guid":{"rendered":"https:\/\/dev.liqui-moly-shop.ch\/index.php\/product\/spritzpistole\/"},"modified":"2024-10-21T05:57:07","modified_gmt":"2024-10-21T05:57:07","slug":"spritzpistole","status":"publish","type":"product","link":"https:\/\/www.liqui-moly-shop.ch\/index.php\/product\/spritzpistole\/","title":{"rendered":"Spritzpistole"},"content":{"rendered":"<h3>Spritzpistole<\/h3>\n<p>F\u00fcr die Verarbeitung von 1 l-Unterboden- und Steinschlagschutzprodukten geeignet. Kann an den Stellen eingesetzt werden, an denen es wichtig ist, die Originalstruktur wiederherzustellen. Durch die verstellbare Spritzd\u00fcse k\u00f6nnen verschiedene Oberfl\u00e4chenstrukturen erzeugt werden.<\/p>\n<p><!-- --><\/p>\n<table id=\"detail\">\n<tbody>\n<tr>\n<td class=\"left\" valign=\"top\">Artikelnummer:<\/td>\n<td class=\"right\" valign=\"top\">6219<\/td>\n<\/tr>\n<tr>\n<td class=\"left\" valign=\"top\">Gebinde:<\/td>\n<td class=\"right\" valign=\"top\">1 Stk Karton<\/td>\n<\/tr>\n<tr>\n<td class=\"left\" valign=\"top\">Paletteninhalt:<\/td>\n<td class=\"right\" valign=\"top\">160<\/td>\n<\/tr>\n<tr>\n<td class=\"left\" valign=\"top\">VPE:<\/td>\n<td class=\"right\" valign=\"top\">1 STK<\/td>\n<\/tr>\n<tr>\n<td class=\"left\" valign=\"top\">Sprache:<\/td>\n<td class=\"right\" valign=\"top\"><\/td>\n<\/tr>\n<\/tbody>\n<\/table>\n<h3 class=\"detail\">Einsatzzweck<\/h3>\n<p>Zum Strukturspritzen mit 1 l-Unterboden- und Steinschlagschutz.<\/p>\n<p>Wenn Sie Fragen rund um die Liqui Moly Produkte haben sollten, z\u00f6gern Sie nicht und kontaktieren Sie uns. Gerne stehen wir Ihnen jederzeit gerne zur Verf\u00fcgung.<\/p>\n","protected":false},"excerpt":{"rendered":"<p>Spritzpistole F\u00fcr die Verarbeitung von 1 l-Unterboden- und Steinschlagschutzprodukten geeignet. Kann an den Stellen eingesetzt werden, an denen es wichtig ist, die Originalstruktur wiederherzustellen. Durch die verstellbare Spritzd\u00fcse k\u00f6nnen verschiedene Oberfl\u00e4chenstrukturen erzeugt werden. Artikelnummer: 6219 Gebinde: 1 Stk Karton Paletteninhalt: 160 VPE: 1 STK Sprache: Einsatzzweck Zum Strukturspritzen mit 1 l-Unterboden- und Steinschlagschutz. Wenn Sie [&hellip;]<\/p>\n","protected":false},"featured_media":23316,"comment_status":"closed","ping_status":"closed","template":"","meta":[],"class_list":["post-23315","product","type-product","status-publish","has-post-thumbnail","hentry","product_cat-kleben-und-dichten","product_cat-verarbeitungsgeraete","product_cat-zubehoer-werkzeug-unterbodenschutz"],"_links":{"self":[{"href":"https:\/\/www.liqui-moly-shop.ch\/index.php\/wp-json\/wp\/v2\/product\/23315","targetHints":{"allow":["GET"]}}],"collection":[{"href":"https:\/\/www.liqui-moly-shop.ch\/index.php\/wp-json\/wp\/v2\/product"}],"about":[{"href":"https:\/\/www.liqui-moly-shop.ch\/index.php\/wp-json\/wp\/v2\/types\/product"}],"replies":[{"embeddable":true,"href":"https:\/\/www.liqui-moly-shop.ch\/index.php\/wp-json\/wp\/v2\/comments?post=23315"}],"wp:featuredmedia":[{"embeddable":true,"href":"https:\/\/www.liqui-moly-shop.ch\/index.php\/wp-json\/wp\/v2\/media\/23316"}],"wp:attachment":[{"href":"https:\/\/www.liqui-moly-shop.ch\/index.php\/wp-json\/wp\/v2\/media?parent=23315"}],"curies":[{"name":"wp","href":"https:\/\/api.w.org\/{rel}","templated":true}]}}