{"id":23435,"date":"2018-07-17T00:00:00","date_gmt":"2018-07-17T00:00:00","guid":{"rendered":"https:\/\/dev.liqui-moly-shop.ch\/index.php\/product\/marine-diesel-schutz\/"},"modified":"2025-04-14T08:28:19","modified_gmt":"2025-04-14T08:28:19","slug":"marine-diesel-schutz","status":"publish","type":"product","link":"https:\/\/www.liqui-moly-shop.ch\/index.php\/product\/marine-diesel-schutz\/","title":{"rendered":"Marine Diesel Schutz"},"content":{"rendered":"<h3>Marine Diesel Schutz<\/h3>\n<p>Anti-Bakterien-Biozid mit breitem Wirkungsspektrum gegen Bakterien, Hefen und Schimmelpilze. Reiniger und Korrosionsschutz pflegen und sch\u00fctzen das Kraftstoffsystem. F\u00fcr die Langzeitkonservierung bei Einlagerung von Bootsmotoren oder bei geringem Dieseldurchsatz. Durch den Cetanzahlbooster ist ein leichtes Starten bei der Wiederinbetriebnahme sichergestellt. <strong>Biozidprodukte vorsichtig verwenden. Vor Gebrauch stets Etikett und Produktinformationen lesen.<br \/>\n<\/strong><\/p>\n<p><!-- --><\/p>\n<table id=\"detail\">\n<tbody>\n<tr>\n<td class=\"left\" valign=\"top\">Artikelnummer:<\/td>\n<td class=\"right\" valign=\"top\">25000<\/td>\n<\/tr>\n<tr>\n<td class=\"left\" valign=\"top\">Gebinde:<\/td>\n<td class=\"right\" valign=\"top\">500 ml Dose Blech<\/td>\n<\/tr>\n<tr>\n<td class=\"left\" valign=\"top\">Paletteninhalt:<\/td>\n<td class=\"right\" valign=\"top\">1026<\/td>\n<\/tr>\n<tr>\n<td class=\"left\" valign=\"top\">VPE:<\/td>\n<td class=\"right\" valign=\"top\">6 STK<\/td>\n<\/tr>\n<tr>\n<td class=\"left\" valign=\"top\">Sprache:<\/td>\n<td class=\"right\" valign=\"top\">D &#8211; F &#8211; I &#8211; E &#8211; GR<\/td>\n<\/tr>\n<\/tbody>\n<\/table>\n<h3 class=\"detail\">Einsatzzweck<\/h3>\n<p>Zum vorbeugenden Einsatz und zur Entkeimung kontaminierter Tanksysteme auf Booten und in Lagertanks. Bei bereits kontaminierten Systemen ist eine Schockdosierung 1:200 vorzunehmen. Ein Messbecher (25 ml) ist ausreichend f\u00fcr 5 l Dieselkraftstoff. Zur vorbeugenden Anwendung 1:1.000 ist eine F\u00fcllung des Dosierbeh\u00e4lters (25 ml) ausreichend f\u00fcr 25 l Dieselkraftstoff.<\/p>\n<p>Wenn Sie Fragen rund um die Liqui Moly Produkte haben sollten, z\u00f6gern Sie nicht und kontaktieren Sie uns. Gerne stehen wir Ihnen jederzeit gerne zur Verf\u00fcgung.<\/p>\n","protected":false},"excerpt":{"rendered":"<p>Marine Diesel Schutz Anti-Bakterien-Biozid mit breitem Wirkungsspektrum gegen Bakterien, Hefen und Schimmelpilze. Reiniger und Korrosionsschutz pflegen und sch\u00fctzen das Kraftstoffsystem. F\u00fcr die Langzeitkonservierung bei Einlagerung von Bootsmotoren oder bei geringem Dieseldurchsatz. Durch den Cetanzahlbooster ist ein leichtes Starten bei der Wiederinbetriebnahme sichergestellt. Biozidprodukte vorsichtig verwenden. Vor Gebrauch stets Etikett und Produktinformationen lesen. Artikelnummer: 25000 Gebinde: [&hellip;]<\/p>\n","protected":false},"featured_media":23436,"comment_status":"closed","ping_status":"closed","template":"","meta":[],"class_list":["post-23435","product","type-product","status-publish","has-post-thumbnail","hentry","product_cat-additive-marine","product_cat-marine"],"_links":{"self":[{"href":"https:\/\/www.liqui-moly-shop.ch\/index.php\/wp-json\/wp\/v2\/product\/23435","targetHints":{"allow":["GET"]}}],"collection":[{"href":"https:\/\/www.liqui-moly-shop.ch\/index.php\/wp-json\/wp\/v2\/product"}],"about":[{"href":"https:\/\/www.liqui-moly-shop.ch\/index.php\/wp-json\/wp\/v2\/types\/product"}],"replies":[{"embeddable":true,"href":"https:\/\/www.liqui-moly-shop.ch\/index.php\/wp-json\/wp\/v2\/comments?post=23435"}],"wp:featuredmedia":[{"embeddable":true,"href":"https:\/\/www.liqui-moly-shop.ch\/index.php\/wp-json\/wp\/v2\/media\/23436"}],"wp:attachment":[{"href":"https:\/\/www.liqui-moly-shop.ch\/index.php\/wp-json\/wp\/v2\/media?parent=23435"}],"curies":[{"name":"wp","href":"https:\/\/api.w.org\/{rel}","templated":true}]}}