{"id":23447,"date":"2018-07-17T00:00:00","date_gmt":"2018-07-17T00:00:00","guid":{"rendered":"https:\/\/dev.liqui-moly-shop.ch\/index.php\/product\/marine-benzinstabilisator\/"},"modified":"2024-02-19T15:37:09","modified_gmt":"2024-02-19T15:37:09","slug":"marine-benzinstabilisator","status":"publish","type":"product","link":"https:\/\/www.liqui-moly-shop.ch\/index.php\/product\/marine-benzinstabilisator\/","title":{"rendered":"Marine Benzinstabilisator"},"content":{"rendered":"<h3>Marine Benzinstabilisator<\/h3>\n<p>Konserviert und sch\u00fctzt den Kraftstoff vor Alterung und Oxidation. Verhindert Korrosion im gesamten Kraftstoffsystem und gew\u00e4hrleistet eine problemfreie Stilllegung. Stabilisiert Benzinkraftstoff mit Bioanteilen.<\/p>\n<p><!-- --><\/p>\n<table id=\"detail\">\n<tbody>\n<tr>\n<td class=\"left\" valign=\"top\">Artikelnummer:<\/td>\n<td class=\"right\" valign=\"top\">25008<\/td>\n<\/tr>\n<tr>\n<td class=\"left\" valign=\"top\">Gebinde:<\/td>\n<td class=\"right\" valign=\"top\">500 ml Dose Blech<\/td>\n<\/tr>\n<tr>\n<td class=\"left\" valign=\"top\">Paletteninhalt:<\/td>\n<td class=\"right\" valign=\"top\">1026<\/td>\n<\/tr>\n<tr>\n<td class=\"left\" valign=\"top\">VPE:<\/td>\n<td class=\"right\" valign=\"top\">6 STK<\/td>\n<\/tr>\n<tr>\n<td class=\"left\" valign=\"top\">Sprache:<\/td>\n<td class=\"right\" valign=\"top\">D &#8211; F &#8211; I &#8211; E &#8211; GR<\/td>\n<\/tr>\n<\/tbody>\n<\/table>\n<h3 class=\"detail\">Einsatzzweck<\/h3>\n<p>F\u00fcr alle 2- und 4-Takt-Benzinmotoren zur Einlagerung und Konservierung. Auch zum Dauereinsatz in Motoren mit geringer Nutzung geeignet. 500 ml sind ausreichend f\u00fcr 100 l Kraftstoff. Eine F\u00fcllung des Dosierbeh\u00e4lters (25 ml) ist ausreichend f\u00fcr 5 l Kraftstoff.<\/p>\n<div class=\"content-row content-standalone bg-light py-5 py-lg-6 variantswitch-sku-25008\">\n<div class=\"ghs-information container fs-11\">\n<div class=\"d-grid gap-3\">\n<div class=\"text-md-center text-muted ps-md-2 pe-md-2\">\n<p><strong>Gefahr<\/strong><\/p>\n<ul class=\"info-text m-0 p-0\">\n<li>H304 Kann bei Verschlucken und Eindringen in die Atemwege t\u00f6dlich sein.<\/li>\n<li>H412 Sch\u00e4dlich f\u00fcr Wasserorganismen, mit langfristiger Wirkung.<\/li>\n<li>EUH066 Wiederholter Kontakt kann zu spr\u00f6der oder rissiger Haut f\u00fchren.<\/li>\n<\/ul>\n<\/div>\n<\/div>\n<\/div>\n<\/div>\n<div class=\"container\">\n<div class=\"content-tabs-wrapper content-tabs-container content-row product info detailed mage-tabs-disabled\">\n<div class=\"horizontal-scroll horizontal-scroll--fade-out\" data-limo-observe-movement=\"\">\n<ul class=\"nav content-tabs scroll-snap-x flex-nowrap\" data-limo-observe-tabs=\"\">\n<li class=\"d-inline-block nav-item px-2_5\" role=\"tablist\">\n<div class=\"ghs-information container fs-11\">\n<div class=\"d-grid gap-3\">\n<div class=\"text-md-center text-muted ps-md-2 pe-md-2\"><strong>Gefahr<\/strong><img decoding=\"async\" src=\"https:\/\/liquimoly.cloudimg.io\/v7\/https:\/\/www.liqui-moly.com\/static\/version1708014438\/frontend\/limo\/base\/de_CH\/images\/info\/ghs08.png\" alt=\"ghs08\" \/><\/div>\n<\/div>\n<\/div>\n<\/li>\n<\/ul>\n<\/div>\n<\/div>\n<\/div>\n<p>Wenn Sie Fragen rund um die Liqui Moly Produkte haben sollten, z\u00f6gern Sie nicht und kontaktieren Sie uns. Gerne stehen wir Ihnen jederzeit gerne zur Verf\u00fcgung.<\/p>\n","protected":false},"excerpt":{"rendered":"<p>Marine Benzinstabilisator Konserviert und sch\u00fctzt den Kraftstoff vor Alterung und Oxidation. Verhindert Korrosion im gesamten Kraftstoffsystem und gew\u00e4hrleistet eine problemfreie Stilllegung. Stabilisiert Benzinkraftstoff mit Bioanteilen. Artikelnummer: 25008 Gebinde: 500 ml Dose Blech Paletteninhalt: 1026 VPE: 6 STK Sprache: D &#8211; F &#8211; I &#8211; E &#8211; GR Einsatzzweck F\u00fcr alle 2- und 4-Takt-Benzinmotoren zur Einlagerung [&hellip;]<\/p>\n","protected":false},"featured_media":23448,"comment_status":"closed","ping_status":"closed","template":"","meta":[],"class_list":["post-23447","product","type-product","status-publish","has-post-thumbnail","hentry","product_cat-additive-marine","product_cat-marine"],"_links":{"self":[{"href":"https:\/\/www.liqui-moly-shop.ch\/index.php\/wp-json\/wp\/v2\/product\/23447","targetHints":{"allow":["GET"]}}],"collection":[{"href":"https:\/\/www.liqui-moly-shop.ch\/index.php\/wp-json\/wp\/v2\/product"}],"about":[{"href":"https:\/\/www.liqui-moly-shop.ch\/index.php\/wp-json\/wp\/v2\/types\/product"}],"replies":[{"embeddable":true,"href":"https:\/\/www.liqui-moly-shop.ch\/index.php\/wp-json\/wp\/v2\/comments?post=23447"}],"wp:featuredmedia":[{"embeddable":true,"href":"https:\/\/www.liqui-moly-shop.ch\/index.php\/wp-json\/wp\/v2\/media\/23448"}],"wp:attachment":[{"href":"https:\/\/www.liqui-moly-shop.ch\/index.php\/wp-json\/wp\/v2\/media?parent=23447"}],"curies":[{"name":"wp","href":"https:\/\/api.w.org\/{rel}","templated":true}]}}