{"id":23450,"date":"2018-07-17T00:00:00","date_gmt":"2018-07-17T00:00:00","guid":{"rendered":"https:\/\/dev.liqui-moly-shop.ch\/index.php\/product\/marine-benzin-system-reiniger\/"},"modified":"2024-02-19T15:38:38","modified_gmt":"2024-02-19T15:38:38","slug":"marine-benzin-system-reiniger","status":"publish","type":"product","link":"https:\/\/www.liqui-moly-shop.ch\/index.php\/product\/marine-benzin-system-reiniger\/","title":{"rendered":"Marine Benzin-System-Reiniger"},"content":{"rendered":"<h3>Marine Benzin-System-Reiniger<\/h3>\n<p>Hochwirksam reinigende und pflegende Additivkombination f\u00fcr 2- und 4-Takt-Benzinmotoren. Entfernt Ablagerungen an Einspritzventilen, Einlassventilen, Z\u00fcndkerzen sowie im Brennraum und verhindert deren Neubildung. Verbessert den Motorlauf. Beseitigt Startschwierigkeiten und unrunden Motorlauf. Senkt den Kraftstoffverbrauch und reduziert den Schadstoffaussto\u00df.<\/p>\n<p><!-- --><\/p>\n<table id=\"detail\">\n<tbody>\n<tr>\n<td class=\"left\" valign=\"top\">Artikelnummer:<\/td>\n<td class=\"right\" valign=\"top\">25010<\/td>\n<\/tr>\n<tr>\n<td class=\"left\" valign=\"top\">Gebinde:<\/td>\n<td class=\"right\" valign=\"top\">500 ml Dose Blech<\/td>\n<\/tr>\n<tr>\n<td class=\"left\" valign=\"top\">Paletteninhalt:<\/td>\n<td class=\"right\" valign=\"top\">1026<\/td>\n<\/tr>\n<tr>\n<td class=\"left\" valign=\"top\">VPE:<\/td>\n<td class=\"right\" valign=\"top\">6 STK<\/td>\n<\/tr>\n<tr>\n<td class=\"left\" valign=\"top\">Sprache:<\/td>\n<td class=\"right\" valign=\"top\">D &#8211; F &#8211; I &#8211; E &#8211; GR<\/td>\n<\/tr>\n<\/tbody>\n<\/table>\n<h3 class=\"detail\">Einsatzzweck<\/h3>\n<p>F\u00fcr alle Benzineinspritzsysteme und -vergaseranlagen. Zur Zugabe in den Kraftstofftank bei Problembehandlung oder zur Vorbeugung. 500 ml sind ausreichend f\u00fcr 250 l Kraftstoff. Eine F\u00fcllung des Dosierbeh\u00e4lters (25 ml) ist ausreichend f\u00fcr 12,5 l Kraftstoff.<\/p>\n<div class=\"d-flex justify-content-md-center gap-1\"><img decoding=\"async\" title=\"ghs08\" src=\"https:\/\/liquimoly.cloudimg.io\/v7\/https:\/\/www.liqui-moly.com\/static\/version1708014438\/frontend\/limo\/base\/de_CH\/images\/info\/ghs08.png\" alt=\"ghs08\" width=\"35px\" height=\"35px\" \/><\/div>\n<div class=\"text-md-center text-muted ps-md-2 pe-md-2\">\n<p><strong>Gefahr<\/strong><\/p>\n<ul class=\"info-text m-0 p-0\">\n<li>H304 Kann bei Verschlucken und Eindringen in die Atemwege t\u00f6dlich sein.<\/li>\n<li>H412 Sch\u00e4dlich f\u00fcr Wasserorganismen, mit langfristiger Wirkung.<\/li>\n<li>EUH066 Wiederholter Kontakt kann zu spr\u00f6der oder rissiger Haut f\u00fchren.<\/li>\n<li>EUH208 Enth\u00e4lt Maleins\u00e4ureanhydrid. Kann allergische Reaktionen hervorrufen.<\/li>\n<\/ul>\n<\/div>\n<p>Wenn Sie Fragen rund um die Liqui Moly Produkte haben sollten, z\u00f6gern Sie nicht und kontaktieren Sie uns. Gerne stehen wir Ihnen jederzeit gerne zur Verf\u00fcgung.<\/p>\n","protected":false},"excerpt":{"rendered":"<p>Marine Benzin-System-Reiniger Hochwirksam reinigende und pflegende Additivkombination f\u00fcr 2- und 4-Takt-Benzinmotoren. Entfernt Ablagerungen an Einspritzventilen, Einlassventilen, Z\u00fcndkerzen sowie im Brennraum und verhindert deren Neubildung. Verbessert den Motorlauf. Beseitigt Startschwierigkeiten und unrunden Motorlauf. Senkt den Kraftstoffverbrauch und reduziert den Schadstoffaussto\u00df. Artikelnummer: 25010 Gebinde: 500 ml Dose Blech Paletteninhalt: 1026 VPE: 6 STK Sprache: D &#8211; F [&hellip;]<\/p>\n","protected":false},"featured_media":23451,"comment_status":"closed","ping_status":"closed","template":"","meta":[],"class_list":["post-23450","product","type-product","status-publish","has-post-thumbnail","hentry","product_cat-additive-marine","product_cat-marine"],"_links":{"self":[{"href":"https:\/\/www.liqui-moly-shop.ch\/index.php\/wp-json\/wp\/v2\/product\/23450","targetHints":{"allow":["GET"]}}],"collection":[{"href":"https:\/\/www.liqui-moly-shop.ch\/index.php\/wp-json\/wp\/v2\/product"}],"about":[{"href":"https:\/\/www.liqui-moly-shop.ch\/index.php\/wp-json\/wp\/v2\/types\/product"}],"replies":[{"embeddable":true,"href":"https:\/\/www.liqui-moly-shop.ch\/index.php\/wp-json\/wp\/v2\/comments?post=23450"}],"wp:featuredmedia":[{"embeddable":true,"href":"https:\/\/www.liqui-moly-shop.ch\/index.php\/wp-json\/wp\/v2\/media\/23451"}],"wp:attachment":[{"href":"https:\/\/www.liqui-moly-shop.ch\/index.php\/wp-json\/wp\/v2\/media?parent=23450"}],"curies":[{"name":"wp","href":"https:\/\/api.w.org\/{rel}","templated":true}]}}