{"id":23461,"date":"2018-07-17T00:00:00","date_gmt":"2018-07-17T00:00:00","guid":{"rendered":"https:\/\/dev.liqui-moly-shop.ch\/index.php\/product\/marine-winschfett\/"},"modified":"2024-02-21T09:45:13","modified_gmt":"2024-02-21T09:45:13","slug":"marine-winschfett","status":"publish","type":"product","link":"https:\/\/www.liqui-moly-shop.ch\/index.php\/product\/marine-winschfett\/","title":{"rendered":"Marine Winschfett"},"content":{"rendered":"<h3>Marine Winschfett<\/h3>\n<p>Synthetisches Hochleistungsfett mit PTFE-Festschmierstoffen. Speziell entwickelt f\u00fcr Winschen und Winden jeglicher Art. Durch den Festschmierstoff extrem verschlei\u00dfsch\u00fctzend und reibungsmindernd. S\u00fc\u00df- und salzwasserbest\u00e4ndig, mit sehr gutem Haftverm\u00f6gen. Harz- und s\u00e4urefrei.<\/p>\n<p><!-- --><\/p>\n<table id=\"detail\">\n<tbody>\n<tr>\n<td class=\"left\" valign=\"top\">Artikelnummer:<\/td>\n<td class=\"right\" valign=\"top\">25045<\/td>\n<\/tr>\n<tr>\n<td class=\"left\" valign=\"top\">Gebinde:<\/td>\n<td class=\"right\" valign=\"top\">100 g Tube Kunststoff<\/td>\n<\/tr>\n<tr>\n<td class=\"left\" valign=\"top\">Paletteninhalt:<\/td>\n<td class=\"right\" valign=\"top\">1560<\/td>\n<\/tr>\n<tr>\n<td class=\"left\" valign=\"top\">VPE:<\/td>\n<td class=\"right\" valign=\"top\">6 STK<\/td>\n<\/tr>\n<tr>\n<td class=\"left\" valign=\"top\">Sprache:<\/td>\n<td class=\"right\" valign=\"top\">D &#8211; F &#8211; I &#8211; E &#8211; GR<\/td>\n<\/tr>\n<\/tbody>\n<\/table>\n<h3 class=\"detail\">Einsatzzweck<\/h3>\n<p>Hervorragend geeignet f\u00fcr Winschen und Winden mit Buntmetall- oder Kunststoffmetallpaarungen. Stark anhaftend und neutral gegen sch\u00e4dliche Umwelteinfl\u00fcsse.<\/p>\n<p>Wenn Sie Fragen rund um die Liqui Moly Produkte haben sollten, z\u00f6gern Sie nicht und kontaktieren Sie uns. Gerne stehen wir Ihnen jederzeit gerne zur Verf\u00fcgung.<\/p>\n","protected":false},"excerpt":{"rendered":"<p>Marine Winschfett Synthetisches Hochleistungsfett mit PTFE-Festschmierstoffen. Speziell entwickelt f\u00fcr Winschen und Winden jeglicher Art. Durch den Festschmierstoff extrem verschlei\u00dfsch\u00fctzend und reibungsmindernd. S\u00fc\u00df- und salzwasserbest\u00e4ndig, mit sehr gutem Haftverm\u00f6gen. Harz- und s\u00e4urefrei. Artikelnummer: 25045 Gebinde: 100 g Tube Kunststoff Paletteninhalt: 1560 VPE: 6 STK Sprache: D &#8211; F &#8211; I &#8211; E &#8211; GR Einsatzzweck Hervorragend [&hellip;]<\/p>\n","protected":false},"featured_media":23462,"comment_status":"closed","ping_status":"closed","template":"","meta":[],"class_list":["post-23461","product","type-product","status-publish","has-post-thumbnail","hentry","product_cat-fette-marine","product_cat-marine"],"_links":{"self":[{"href":"https:\/\/www.liqui-moly-shop.ch\/index.php\/wp-json\/wp\/v2\/product\/23461","targetHints":{"allow":["GET"]}}],"collection":[{"href":"https:\/\/www.liqui-moly-shop.ch\/index.php\/wp-json\/wp\/v2\/product"}],"about":[{"href":"https:\/\/www.liqui-moly-shop.ch\/index.php\/wp-json\/wp\/v2\/types\/product"}],"replies":[{"embeddable":true,"href":"https:\/\/www.liqui-moly-shop.ch\/index.php\/wp-json\/wp\/v2\/comments?post=23461"}],"wp:featuredmedia":[{"embeddable":true,"href":"https:\/\/www.liqui-moly-shop.ch\/index.php\/wp-json\/wp\/v2\/media\/23462"}],"wp:attachment":[{"href":"https:\/\/www.liqui-moly-shop.ch\/index.php\/wp-json\/wp\/v2\/media?parent=23461"}],"curies":[{"name":"wp","href":"https:\/\/api.w.org\/{rel}","templated":true}]}}