{"id":23464,"date":"2018-07-17T00:00:00","date_gmt":"2018-07-17T00:00:00","guid":{"rendered":"https:\/\/dev.liqui-moly-shop.ch\/index.php\/product\/marine-getriebeoel-gl4-gl5-80w-90\/"},"modified":"2024-02-21T09:39:58","modified_gmt":"2024-02-21T09:39:58","slug":"marine-getriebeoel-gl4-gl5-80w-90","status":"publish","type":"product","link":"https:\/\/www.liqui-moly-shop.ch\/index.php\/product\/marine-getriebeoel-gl4-gl5-80w-90\/","title":{"rendered":"Marine Getriebe\u00f6l GL4\/GL5 80W-90"},"content":{"rendered":"<h3>Marine Getriebe\u00f6l GL4\/GL5 80W-90<\/h3>\n<p>Leistungsstarkes Getriebe\u00f6l auf\u00a0Basis\u00a0ausgew\u00e4hlter Grund\u00f6le. Mit speziellen Additiven f\u00fcr mechanisch geschaltete Getriebe. Verschlei\u00df- und ger\u00e4uschmindernd. Ausgezeichneter Korrosionsschutz und Alterungsbest\u00e4ndigkeit. Entspricht den Leistungsklassen API GL4 und GL5 und der Viskosit\u00e4t SAE 80W-90.<\/p>\n<p><!-- --><\/p>\n<table id=\"detail\">\n<tbody>\n<tr>\n<td class=\"left\" valign=\"top\">Artikelnummer:<\/td>\n<td class=\"right\" valign=\"top\">25030<\/td>\n<\/tr>\n<tr>\n<td class=\"left\" valign=\"top\">Gebinde:<\/td>\n<td class=\"right\" valign=\"top\">250 ml Tube Kunststoff<\/td>\n<\/tr>\n<tr>\n<td class=\"left\" valign=\"top\">Paletteninhalt:<\/td>\n<td class=\"right\" valign=\"top\">1260<\/td>\n<\/tr>\n<tr>\n<td class=\"left\" valign=\"top\">VPE:<\/td>\n<td class=\"right\" valign=\"top\">12 STK<\/td>\n<\/tr>\n<tr>\n<td class=\"left\" valign=\"top\">Sprache:<\/td>\n<td class=\"right\" valign=\"top\">D &#8211; F &#8211; I &#8211; E &#8211; GR<\/td>\n<\/tr>\n<\/tbody>\n<\/table>\n<h3 class=\"detail\">Einsatzzweck<\/h3>\n<p>F\u00fcr Au\u00dfen- und Innenbordgetriebe mit normaler bis hoher Belastung. Auch f\u00fcr Z-Antriebe geeignet.<\/p>\n<p>&nbsp;<\/p>\n<h3 class=\"detail\">Spezifikationen und Freigaben<\/h3>\n<p>API GL4\/5 ; API MT-1<\/p>\n<p>Wenn Sie Fragen rund um die Liqui Moly Produkte haben sollten, z\u00f6gern Sie nicht und kontaktieren Sie uns. Gerne stehen wir Ihnen jederzeit gerne zur Verf\u00fcgung.<\/p>\n","protected":false},"excerpt":{"rendered":"<p>Marine Getriebe\u00f6l GL4\/GL5 80W-90 Leistungsstarkes Getriebe\u00f6l auf\u00a0Basis\u00a0ausgew\u00e4hlter Grund\u00f6le. Mit speziellen Additiven f\u00fcr mechanisch geschaltete Getriebe. Verschlei\u00df- und ger\u00e4uschmindernd. Ausgezeichneter Korrosionsschutz und Alterungsbest\u00e4ndigkeit. Entspricht den Leistungsklassen API GL4 und GL5 und der Viskosit\u00e4t SAE 80W-90. Artikelnummer: 25030 Gebinde: 250 ml Tube Kunststoff Paletteninhalt: 1260 VPE: 12 STK Sprache: D &#8211; F &#8211; I &#8211; E &#8211; [&hellip;]<\/p>\n","protected":false},"featured_media":23465,"comment_status":"closed","ping_status":"closed","template":"","meta":[],"class_list":["post-23464","product","type-product","status-publish","has-post-thumbnail","hentry","product_cat-getriebeoele-marine","product_cat-marine","product_cat-mineralisch-getriebeoele-marine"],"_links":{"self":[{"href":"https:\/\/www.liqui-moly-shop.ch\/index.php\/wp-json\/wp\/v2\/product\/23464","targetHints":{"allow":["GET"]}}],"collection":[{"href":"https:\/\/www.liqui-moly-shop.ch\/index.php\/wp-json\/wp\/v2\/product"}],"about":[{"href":"https:\/\/www.liqui-moly-shop.ch\/index.php\/wp-json\/wp\/v2\/types\/product"}],"replies":[{"embeddable":true,"href":"https:\/\/www.liqui-moly-shop.ch\/index.php\/wp-json\/wp\/v2\/comments?post=23464"}],"wp:featuredmedia":[{"embeddable":true,"href":"https:\/\/www.liqui-moly-shop.ch\/index.php\/wp-json\/wp\/v2\/media\/23465"}],"wp:attachment":[{"href":"https:\/\/www.liqui-moly-shop.ch\/index.php\/wp-json\/wp\/v2\/media?parent=23464"}],"curies":[{"name":"wp","href":"https:\/\/api.w.org\/{rel}","templated":true}]}}