{"id":23467,"date":"2018-07-17T00:00:00","date_gmt":"2018-07-17T00:00:00","guid":{"rendered":"https:\/\/dev.liqui-moly-shop.ch\/index.php\/product\/marine-high-performance-gear-oil-85w-90\/"},"modified":"2024-02-21T09:43:19","modified_gmt":"2024-02-21T09:43:19","slug":"marine-high-performance-gear-oil-85w-90","status":"publish","type":"product","link":"https:\/\/www.liqui-moly-shop.ch\/index.php\/product\/marine-high-performance-gear-oil-85w-90\/","title":{"rendered":"Marine High Performance Gear Oil 85W-90"},"content":{"rendered":"<h3>Marine High Performance Gear Oil 85W-90<\/h3>\n<p>Spezielles Hochleistungsgetriebe\u00f6l f\u00fcr den maritimen Einsatz. Mit einzigartigem Additivpaket, das selbst bei\u00a0Kontamination mit Wasser hervorragenden Verschlei\u00dfschutz garantiert. Auch unter hohen Beanspruchungen und Drehzahlen extrem druckbest\u00e4ndig. Bietet\u00a0ausgezeichneten Korrosionsschutz und sehr gute Oxidationsbest\u00e4ndigkeit.<\/p>\n<p><!-- --><\/p>\n<table id=\"detail\">\n<tbody>\n<tr>\n<td class=\"left\" valign=\"top\">Artikelnummer:<\/td>\n<td class=\"right\" valign=\"top\">25078<\/td>\n<\/tr>\n<tr>\n<td class=\"left\" valign=\"top\">Gebinde:<\/td>\n<td class=\"right\" valign=\"top\">1 l Dose Kunststoff<\/td>\n<\/tr>\n<tr>\n<td class=\"left\" valign=\"top\">Paletteninhalt:<\/td>\n<td class=\"right\" valign=\"top\">570<\/td>\n<\/tr>\n<tr>\n<td class=\"left\" valign=\"top\">VPE:<\/td>\n<td class=\"right\" valign=\"top\">6 STK<\/td>\n<\/tr>\n<tr>\n<td class=\"left\" valign=\"top\">Sprache:<\/td>\n<td class=\"right\" valign=\"top\">D &#8211; F &#8211; I &#8211; E &#8211; GR<\/td>\n<\/tr>\n<\/tbody>\n<\/table>\n<h3 class=\"detail\">Einsatzzweck<\/h3>\n<p>Erf\u00fcllt die Vorgaben g\u00e4ngiger Getriebehersteller im Marinebereich. F\u00fcr Mercury-Au\u00dfenbordmotoren ab 75 PS Leistung sowie MerCruiser Z-Antriebe. Kann als Ersatz f\u00fcr ein High Performance Gear Lube mit Viskosit\u00e4t SAE 90 eingesetzt werden.<\/p>\n<p>Wenn Sie Fragen rund um die Liqui Moly Produkte haben sollten, z\u00f6gern Sie nicht und kontaktieren Sie uns. Gerne stehen wir Ihnen jederzeit gerne zur Verf\u00fcgung.<\/p>\n","protected":false},"excerpt":{"rendered":"<p>Marine High Performance Gear Oil 85W-90 Spezielles Hochleistungsgetriebe\u00f6l f\u00fcr den maritimen Einsatz. Mit einzigartigem Additivpaket, das selbst bei\u00a0Kontamination mit Wasser hervorragenden Verschlei\u00dfschutz garantiert. Auch unter hohen Beanspruchungen und Drehzahlen extrem druckbest\u00e4ndig. Bietet\u00a0ausgezeichneten Korrosionsschutz und sehr gute Oxidationsbest\u00e4ndigkeit. Artikelnummer: 25078 Gebinde: 1 l Dose Kunststoff Paletteninhalt: 570 VPE: 6 STK Sprache: D &#8211; F &#8211; I [&hellip;]<\/p>\n","protected":false},"featured_media":23468,"comment_status":"closed","ping_status":"closed","template":"","meta":[],"class_list":["post-23467","product","type-product","status-publish","has-post-thumbnail","hentry","product_cat-getriebeoele-marine","product_cat-marine","product_cat-mineralisch-getriebeoele-marine"],"_links":{"self":[{"href":"https:\/\/www.liqui-moly-shop.ch\/index.php\/wp-json\/wp\/v2\/product\/23467","targetHints":{"allow":["GET"]}}],"collection":[{"href":"https:\/\/www.liqui-moly-shop.ch\/index.php\/wp-json\/wp\/v2\/product"}],"about":[{"href":"https:\/\/www.liqui-moly-shop.ch\/index.php\/wp-json\/wp\/v2\/types\/product"}],"replies":[{"embeddable":true,"href":"https:\/\/www.liqui-moly-shop.ch\/index.php\/wp-json\/wp\/v2\/comments?post=23467"}],"wp:featuredmedia":[{"embeddable":true,"href":"https:\/\/www.liqui-moly-shop.ch\/index.php\/wp-json\/wp\/v2\/media\/23468"}],"wp:attachment":[{"href":"https:\/\/www.liqui-moly-shop.ch\/index.php\/wp-json\/wp\/v2\/media?parent=23467"}],"curies":[{"name":"wp","href":"https:\/\/api.w.org\/{rel}","templated":true}]}}