{"id":23470,"date":"2018-07-17T00:00:00","date_gmt":"2018-07-17T00:00:00","guid":{"rendered":"https:\/\/dev.liqui-moly-shop.ch\/index.php\/product\/marine-atf\/"},"modified":"2024-02-21T09:16:12","modified_gmt":"2024-02-21T09:16:12","slug":"marine-atf","status":"publish","type":"product","link":"https:\/\/www.liqui-moly-shop.ch\/index.php\/product\/marine-atf\/","title":{"rendered":"Marine ATF"},"content":{"rendered":"<h3>Marine ATF<\/h3>\n<p>Speziell f\u00fcr den Marinebereich entwickeltes ATF-\u00d6l auf Basis Synthesetechnologie und modernster Additivtechnologie. Bietet im Vergleich zu herk\u00f6mmlichen ATF-\u00d6len erh\u00f6hten Korrosionsschutz und minimierten Verschlei\u00df. Aus der hohen thermischen Stabilit\u00e4t und den ausgezeichneten Schutzeigenschaften ergibt sich eine optimale Alterungsbest\u00e4ndigkeit mit maximalen Sicherheitsreserven. Vertr\u00e4glich mit s\u00e4mtlichen Dichtungsmaterialien.<\/p>\n<p><!-- --><\/p>\n<table id=\"detail\">\n<tbody>\n<tr>\n<td class=\"left\" valign=\"top\">Artikelnummer:<\/td>\n<td class=\"right\" valign=\"top\">25066<\/td>\n<\/tr>\n<tr>\n<td class=\"left\" valign=\"top\">Gebinde:<\/td>\n<td class=\"right\" valign=\"top\">1 l Dose Kunststoff<\/td>\n<\/tr>\n<tr>\n<td class=\"left\" valign=\"top\">Paletteninhalt:<\/td>\n<td class=\"right\" valign=\"top\">570<\/td>\n<\/tr>\n<tr>\n<td class=\"left\" valign=\"top\">VPE:<\/td>\n<td class=\"right\" valign=\"top\">6 STK<\/td>\n<\/tr>\n<tr>\n<td class=\"left\" valign=\"top\">Sprache:<\/td>\n<td class=\"right\" valign=\"top\">D &#8211; F &#8211; I &#8211; E &#8211; GR<\/td>\n<\/tr>\n<\/tbody>\n<\/table>\n<h3 class=\"detail\">Einsatzzweck<\/h3>\n<p>F\u00fcr Antrieb und Getriebe wie Wendegetriebe, Servolenkungen, Steuerungssysteme, Trimmsysteme, hydrostatische \u00dcbersetzungen sowie hydraulische und mechanische Systeme, welche die Verwendung eines ATF-\u00d6les verlangen. Nicht einsetzbar, wo \u00d6le nach GL4 oder GL5 vorgeschrieben sind.<\/p>\n<p>&nbsp;<\/p>\n<h3 class=\"detail\">Spezifikationen und Freigaben<\/h3>\n<p>Dexron II D ; Dexron II E ; Dexron III G ; Dexron III H ; Dexron TASA (Typ A\/Suffix A)<\/p>\n<p>&nbsp;<\/p>\n<p><b>LIQUI MOLY empfiehlt dieses Produkt zus\u00e4tzlich f\u00fcr Fahrzeuge bzw. Aggregate, f\u00fcr die folgende Spezifikationen oder Originalersatzteilnummern gefordert werden:<\/b><br \/>\nAllison C4 ; ZF TE-ML 02F ; ZF TE-ML 03D ; ZF TE-ML 04D ; ZF TE-ML 11B ; ZF TE-ML 14A ; ZF TE-ML 14B<\/p>\n<p>Wenn Sie Fragen rund um die Liqui Moly Produkte haben sollten, z\u00f6gern Sie nicht und kontaktieren Sie uns. Gerne stehen wir Ihnen jederzeit gerne zur Verf\u00fcgung.<\/p>\n","protected":false},"excerpt":{"rendered":"<p>Marine ATF Speziell f\u00fcr den Marinebereich entwickeltes ATF-\u00d6l auf Basis Synthesetechnologie und modernster Additivtechnologie. Bietet im Vergleich zu herk\u00f6mmlichen ATF-\u00d6len erh\u00f6hten Korrosionsschutz und minimierten Verschlei\u00df. Aus der hohen thermischen Stabilit\u00e4t und den ausgezeichneten Schutzeigenschaften ergibt sich eine optimale Alterungsbest\u00e4ndigkeit mit maximalen Sicherheitsreserven. Vertr\u00e4glich mit s\u00e4mtlichen Dichtungsmaterialien. Artikelnummer: 25066 Gebinde: 1 l Dose Kunststoff Paletteninhalt: 570 [&hellip;]<\/p>\n","protected":false},"featured_media":23471,"comment_status":"closed","ping_status":"closed","template":"","meta":[],"class_list":["post-23470","product","type-product","status-publish","has-post-thumbnail","hentry","product_cat-getriebeoele-marine","product_cat-marine","product_cat-synthesetechnologie-getriebeoele-marine"],"_links":{"self":[{"href":"https:\/\/www.liqui-moly-shop.ch\/index.php\/wp-json\/wp\/v2\/product\/23470","targetHints":{"allow":["GET"]}}],"collection":[{"href":"https:\/\/www.liqui-moly-shop.ch\/index.php\/wp-json\/wp\/v2\/product"}],"about":[{"href":"https:\/\/www.liqui-moly-shop.ch\/index.php\/wp-json\/wp\/v2\/types\/product"}],"replies":[{"embeddable":true,"href":"https:\/\/www.liqui-moly-shop.ch\/index.php\/wp-json\/wp\/v2\/comments?post=23470"}],"wp:featuredmedia":[{"embeddable":true,"href":"https:\/\/www.liqui-moly-shop.ch\/index.php\/wp-json\/wp\/v2\/media\/23471"}],"wp:attachment":[{"href":"https:\/\/www.liqui-moly-shop.ch\/index.php\/wp-json\/wp\/v2\/media?parent=23470"}],"curies":[{"name":"wp","href":"https:\/\/api.w.org\/{rel}","templated":true}]}}