{"id":23473,"date":"2018-07-17T00:00:00","date_gmt":"2018-07-17T00:00:00","guid":{"rendered":"https:\/\/dev.liqui-moly-shop.ch\/index.php\/product\/marine-vollsynthetisches-getriebeoel-gl4-gl5-75w-90\/"},"modified":"2024-02-21T09:17:41","modified_gmt":"2024-02-21T09:17:41","slug":"marine-vollsynthetisches-getriebeoel-gl4-gl5-75w-90","status":"publish","type":"product","link":"https:\/\/www.liqui-moly-shop.ch\/index.php\/product\/marine-vollsynthetisches-getriebeoel-gl4-gl5-75w-90\/","title":{"rendered":"Marine Vollsynthetisches Getriebe\u00f6l GL4\/GL5 75W-90"},"content":{"rendered":"<h3>Marine Vollsynthetisches Getriebe\u00f6l GL4\/GL5 75W-90<\/h3>\n<p>Vollsynthetisches Hochleistungsgetriebe\u00f6l mit extrem hoher Leistungsreserve. Gew\u00e4hrleistet selbst bei schwersten Betriebsbedingungen und gro\u00dfen Temperaturschwankungen die einwandfreie Funktion der Aggregate. Entspricht den Leistungsklassen API GL4 und GL5 und der Viskosit\u00e4t SAE 75W-90.<\/p>\n<p><!-- --><\/p>\n<table id=\"detail\">\n<tbody>\n<tr>\n<td class=\"left\" valign=\"top\">Artikelnummer:<\/td>\n<td class=\"right\" valign=\"top\">25036<\/td>\n<\/tr>\n<tr>\n<td class=\"left\" valign=\"top\">Gebinde:<\/td>\n<td class=\"right\" valign=\"top\">250 ml Tube Kunststoff<\/td>\n<\/tr>\n<tr>\n<td class=\"left\" valign=\"top\">Paletteninhalt:<\/td>\n<td class=\"right\" valign=\"top\">1260<\/td>\n<\/tr>\n<tr>\n<td class=\"left\" valign=\"top\">VPE:<\/td>\n<td class=\"right\" valign=\"top\">12 STK<\/td>\n<\/tr>\n<tr>\n<td class=\"left\" valign=\"top\">Sprache:<\/td>\n<td class=\"right\" valign=\"top\">D &#8211; F &#8211; I &#8211; E &#8211; GR<\/td>\n<\/tr>\n<\/tbody>\n<\/table>\n<h3 class=\"detail\">Einsatzzweck<\/h3>\n<p>F\u00fcr Bootsgetriebe, die einen hochwertigen Schmierstoff ben\u00f6tigen. Auch f\u00fcr Antriebsr\u00e4der verschiedener Klassen und Wendegetriebe geeignet. \u00dcbertrifft die h\u00f6chsten Testanforderungen namhafter Getriebehersteller.<\/p>\n<p>&nbsp;<\/p>\n<h3 class=\"detail\">Spezifikationen und Freigaben<\/h3>\n<p>API GL4\/5 ; API MT-1<\/p>\n<p>&nbsp;<\/p>\n<p><b>LIQUI MOLY empfiehlt dieses Produkt zus\u00e4tzlich f\u00fcr Fahrzeuge bzw. Aggregate, f\u00fcr die folgende Spezifikationen oder Originalersatzteilnummern gefordert werden:<\/b><br \/>\nZF TE-ML 02B ; ZF TE-ML 05A ; ZF TE-ML 12L ; ZF TE-ML 12N ; ZF TE-ML 16F ; ZF TE-ML 17B ; ZF TE-ML 19C ; ZF TE-ML 21A<\/p>\n<p>Wenn Sie Fragen rund um die Liqui Moly Produkte haben sollten, z\u00f6gern Sie nicht und kontaktieren Sie uns. Gerne stehen wir Ihnen jederzeit gerne zur Verf\u00fcgung.<\/p>\n","protected":false},"excerpt":{"rendered":"<p>Marine Vollsynthetisches Getriebe\u00f6l GL4\/GL5 75W-90 Vollsynthetisches Hochleistungsgetriebe\u00f6l mit extrem hoher Leistungsreserve. Gew\u00e4hrleistet selbst bei schwersten Betriebsbedingungen und gro\u00dfen Temperaturschwankungen die einwandfreie Funktion der Aggregate. Entspricht den Leistungsklassen API GL4 und GL5 und der Viskosit\u00e4t SAE 75W-90. Artikelnummer: 25036 Gebinde: 250 ml Tube Kunststoff Paletteninhalt: 1260 VPE: 12 STK Sprache: D &#8211; F &#8211; I &#8211; [&hellip;]<\/p>\n","protected":false},"featured_media":23474,"comment_status":"closed","ping_status":"closed","template":"","meta":[],"class_list":["post-23473","product","type-product","status-publish","has-post-thumbnail","hentry","product_cat-getriebeoele-marine","product_cat-marine","product_cat-vollsynthetisch-getriebeoele-marine"],"_links":{"self":[{"href":"https:\/\/www.liqui-moly-shop.ch\/index.php\/wp-json\/wp\/v2\/product\/23473","targetHints":{"allow":["GET"]}}],"collection":[{"href":"https:\/\/www.liqui-moly-shop.ch\/index.php\/wp-json\/wp\/v2\/product"}],"about":[{"href":"https:\/\/www.liqui-moly-shop.ch\/index.php\/wp-json\/wp\/v2\/types\/product"}],"replies":[{"embeddable":true,"href":"https:\/\/www.liqui-moly-shop.ch\/index.php\/wp-json\/wp\/v2\/comments?post=23473"}],"wp:featuredmedia":[{"embeddable":true,"href":"https:\/\/www.liqui-moly-shop.ch\/index.php\/wp-json\/wp\/v2\/media\/23474"}],"wp:attachment":[{"href":"https:\/\/www.liqui-moly-shop.ch\/index.php\/wp-json\/wp\/v2\/media?parent=23473"}],"curies":[{"name":"wp","href":"https:\/\/api.w.org\/{rel}","templated":true}]}}