{"id":23479,"date":"2018-07-17T00:00:00","date_gmt":"2018-07-17T00:00:00","guid":{"rendered":"https:\/\/dev.liqui-moly-shop.ch\/index.php\/product\/marine-2t-dfi-motor-oil\/"},"modified":"2024-02-21T09:15:21","modified_gmt":"2024-02-21T09:15:21","slug":"marine-2t-dfi-motor-oil","status":"publish","type":"product","link":"https:\/\/www.liqui-moly-shop.ch\/index.php\/product\/marine-2t-dfi-motor-oil\/","title":{"rendered":"Marine 2T DFI Motor Oil"},"content":{"rendered":"<h3>Marine 2T DFI Motor Oil<\/h3>\n<p>F\u00fcr den Marinebereich entwickeltes, teilsynthetisches Hochleistungs-2-Takt-Motor\u00f6l. Speziell auf die hohen Anforderungen der direkteinspritzenden Motoren neuester Generation abgestimmt. Sorgt f\u00fcr optimale Schmierung, auch bei hohen Betriebstemperaturen. Gew\u00e4hrleistet h\u00f6chste Motor- und Kolbensauberkeit. Raucharme Verbrennung. Mit TC-W3-Performance.<\/p>\n<p><!-- --><\/p>\n<table id=\"detail\">\n<tbody>\n<tr>\n<td class=\"left\" valign=\"top\">Artikelnummer:<\/td>\n<td class=\"right\" valign=\"top\">25063<\/td>\n<\/tr>\n<tr>\n<td class=\"left\" valign=\"top\">Gebinde:<\/td>\n<td class=\"right\" valign=\"top\">5 l Kanister Kunststoff<\/td>\n<\/tr>\n<tr>\n<td class=\"left\" valign=\"top\">Paletteninhalt:<\/td>\n<td class=\"right\" valign=\"top\">112<\/td>\n<\/tr>\n<tr>\n<td class=\"left\" valign=\"top\">VPE:<\/td>\n<td class=\"right\" valign=\"top\">4 STK<\/td>\n<\/tr>\n<tr>\n<td class=\"left\" valign=\"top\">Sprache:<\/td>\n<td class=\"right\" valign=\"top\">BOOKLET<\/td>\n<\/tr>\n<\/tbody>\n<\/table>\n<h3 class=\"detail\">Einsatzzweck<\/h3>\n<p>Empfohlen und getestet f\u00fcr Evinrude E-Tec sowie Mercury DFI-2-Takt-Motoren. Ebenfalls hervorragend f\u00fcr alle anderen 2-Takt- und DFI-2-Takt-Motoren geeignet. F\u00fcr Gemisch- und Getrenntschmierung.<\/p>\n<h3 class=\"detail\">Spezifikationen und Freigaben<\/h3>\n<p>NMMA TC-W3\u00ae<\/p>\n<p>&nbsp;<\/p>\n<p><b>LIQUI MOLY empfiehlt dieses Produkt zus\u00e4tzlich f\u00fcr Fahrzeuge bzw. Aggregate, f\u00fcr die folgende Spezifikationen oder Originalersatzteilnummern gefordert werden:<\/b><\/p>\n<p>Evinrude E-Tec Engines ; ISO L-EGC ; ISO L-EGD ; JASO FC ; JASO FD ; Mercury DFI 2 stroke Engines<\/p>\n<p>Wenn Sie Fragen rund um die Liqui Moly Produkte haben sollten, z\u00f6gern Sie nicht und kontaktieren Sie uns. Gerne stehen wir Ihnen jederzeit gerne zur Verf\u00fcgung.<\/p>\n","protected":false},"excerpt":{"rendered":"<p>Marine 2T DFI Motor Oil F\u00fcr den Marinebereich entwickeltes, teilsynthetisches Hochleistungs-2-Takt-Motor\u00f6l. Speziell auf die hohen Anforderungen der direkteinspritzenden Motoren neuester Generation abgestimmt. Sorgt f\u00fcr optimale Schmierung, auch bei hohen Betriebstemperaturen. Gew\u00e4hrleistet h\u00f6chste Motor- und Kolbensauberkeit. Raucharme Verbrennung. Mit TC-W3-Performance. Artikelnummer: 25063 Gebinde: 5 l Kanister Kunststoff Paletteninhalt: 112 VPE: 4 STK Sprache: BOOKLET Einsatzzweck Empfohlen [&hellip;]<\/p>\n","protected":false},"featured_media":23480,"comment_status":"closed","ping_status":"closed","template":"","meta":[],"class_list":["post-23479","product","type-product","status-publish","has-post-thumbnail","hentry","product_cat-marine","product_cat-motoroele-2-takt","product_cat-teilsynthetisch-motoroele-2-takt"],"_links":{"self":[{"href":"https:\/\/www.liqui-moly-shop.ch\/index.php\/wp-json\/wp\/v2\/product\/23479","targetHints":{"allow":["GET"]}}],"collection":[{"href":"https:\/\/www.liqui-moly-shop.ch\/index.php\/wp-json\/wp\/v2\/product"}],"about":[{"href":"https:\/\/www.liqui-moly-shop.ch\/index.php\/wp-json\/wp\/v2\/types\/product"}],"replies":[{"embeddable":true,"href":"https:\/\/www.liqui-moly-shop.ch\/index.php\/wp-json\/wp\/v2\/comments?post=23479"}],"wp:featuredmedia":[{"embeddable":true,"href":"https:\/\/www.liqui-moly-shop.ch\/index.php\/wp-json\/wp\/v2\/media\/23480"}],"wp:attachment":[{"href":"https:\/\/www.liqui-moly-shop.ch\/index.php\/wp-json\/wp\/v2\/media?parent=23479"}],"curies":[{"name":"wp","href":"https:\/\/api.w.org\/{rel}","templated":true}]}}