{"id":23482,"date":"2018-07-17T00:00:00","date_gmt":"2018-07-17T00:00:00","guid":{"rendered":"https:\/\/dev.liqui-moly-shop.ch\/index.php\/product\/marine-fully-synthetic-2t-motor-oil\/"},"modified":"2025-11-21T16:18:45","modified_gmt":"2025-11-21T16:18:45","slug":"marine-fully-synthetic-2t-motor-oil","status":"publish","type":"product","link":"https:\/\/www.liqui-moly-shop.ch\/index.php\/product\/marine-fully-synthetic-2t-motor-oil\/","title":{"rendered":"Marine Fully Synthetic 2T Motor Oil"},"content":{"rendered":"<h3>Marine Fully Synthetic 2T Motor Oil<\/h3>\n<p>Vollsynthetisches Hochleistungsmotor\u00f6l f\u00fcr 2-Takt-Au\u00dfenbordmotoren. Hochwertige Grund\u00f6le und spezielle Additive sorgen f\u00fcr ausgezeichnete Schmierung, hohe Betriebssicherheit und hervorragenden Verschlei\u00df- und Korrosionsschutz. Mit TC-W3-Performance.<\/p>\n<p><!-- --><\/p>\n<table id=\"detail\">\n<tbody>\n<tr>\n<td class=\"left\" valign=\"top\">Artikelnummer:<\/td>\n<td class=\"right\" valign=\"top\">25021<\/td>\n<\/tr>\n<tr>\n<td class=\"left\" valign=\"top\">Gebinde:<\/td>\n<td class=\"right\" valign=\"top\">1 l Kanister Kunststoff<\/td>\n<\/tr>\n<tr>\n<td class=\"left\" valign=\"top\">Paletteninhalt:<\/td>\n<td class=\"right\" valign=\"top\">576<\/td>\n<\/tr>\n<tr>\n<td class=\"left\" valign=\"top\">VPE:<\/td>\n<td class=\"right\" valign=\"top\">6 STK<\/td>\n<\/tr>\n<tr>\n<td class=\"left\" valign=\"top\">Sprache:<\/td>\n<td class=\"right\" valign=\"top\">BOOKLET<\/td>\n<\/tr>\n<\/tbody>\n<\/table>\n<h3 class=\"detail\">Einsatzzweck<\/h3>\n<p>F\u00fcr luft- und wassergek\u00fchlte 2-Takt-Bootsmotoren mit Gemisch- und Getrenntschmierung. Hervorragend f\u00fcr Hochleistungsmotoren geeignet. Biologische Abbaubarkeit (Test CEC L-33-T-82: in 21 Tagen 80 %).<\/p>\n<p>&nbsp;<\/p>\n<h3 class=\"detail\">Spezifikationen und Freigaben<\/h3>\n<p>&nbsp;<\/p>\n<p><b>LIQUI MOLY empfiehlt dieses Produkt zus\u00e4tzlich f\u00fcr Fahrzeuge bzw. Aggregate, f\u00fcr die folgende Spezifikationen oder Originalersatzteilnummern gefordert werden:<\/b><\/p>\n<p>NMMA TC-W3<\/p>\n<p>Wenn Sie Fragen rund um die Liqui Moly Produkte haben sollten, z\u00f6gern Sie nicht und kontaktieren Sie uns. Gerne stehen wir Ihnen jederzeit gerne zur Verf\u00fcgung.<\/p>\n","protected":false},"excerpt":{"rendered":"<p>Marine Fully Synthetic 2T Motor Oil Vollsynthetisches Hochleistungsmotor\u00f6l f\u00fcr 2-Takt-Au\u00dfenbordmotoren. Hochwertige Grund\u00f6le und spezielle Additive sorgen f\u00fcr ausgezeichnete Schmierung, hohe Betriebssicherheit und hervorragenden Verschlei\u00df- und Korrosionsschutz. Mit TC-W3-Performance. Artikelnummer: 25021 Gebinde: 1 l Kanister Kunststoff Paletteninhalt: 576 VPE: 6 STK Sprache: BOOKLET Einsatzzweck F\u00fcr luft- und wassergek\u00fchlte 2-Takt-Bootsmotoren mit Gemisch- und Getrenntschmierung. Hervorragend f\u00fcr Hochleistungsmotoren [&hellip;]<\/p>\n","protected":false},"featured_media":23483,"comment_status":"closed","ping_status":"closed","template":"","meta":[],"class_list":["post-23482","product","type-product","status-publish","has-post-thumbnail","hentry","product_cat-marine","product_cat-motoroele-2-takt","product_cat-vollsynthetisch-motoroele-2-takt"],"_links":{"self":[{"href":"https:\/\/www.liqui-moly-shop.ch\/index.php\/wp-json\/wp\/v2\/product\/23482","targetHints":{"allow":["GET"]}}],"collection":[{"href":"https:\/\/www.liqui-moly-shop.ch\/index.php\/wp-json\/wp\/v2\/product"}],"about":[{"href":"https:\/\/www.liqui-moly-shop.ch\/index.php\/wp-json\/wp\/v2\/types\/product"}],"replies":[{"embeddable":true,"href":"https:\/\/www.liqui-moly-shop.ch\/index.php\/wp-json\/wp\/v2\/comments?post=23482"}],"wp:featuredmedia":[{"embeddable":true,"href":"https:\/\/www.liqui-moly-shop.ch\/index.php\/wp-json\/wp\/v2\/media\/23483"}],"wp:attachment":[{"href":"https:\/\/www.liqui-moly-shop.ch\/index.php\/wp-json\/wp\/v2\/media?parent=23482"}],"curies":[{"name":"wp","href":"https:\/\/api.w.org\/{rel}","templated":true}]}}