{"id":23485,"date":"2018-07-17T00:00:00","date_gmt":"2018-07-17T00:00:00","guid":{"rendered":"https:\/\/dev.liqui-moly-shop.ch\/index.php\/product\/marine-4t-motor-oil-15w-40\/"},"modified":"2024-02-20T15:26:54","modified_gmt":"2024-02-20T15:26:54","slug":"marine-4t-motor-oil-15w-40","status":"publish","type":"product","link":"https:\/\/www.liqui-moly-shop.ch\/index.php\/product\/marine-4t-motor-oil-15w-40\/","title":{"rendered":"Marine 4T Motor Oil 15W-40"},"content":{"rendered":"<h3>Marine 4T Motor Oil 15W-40<\/h3>\n<p>Hochleistungsmotor\u00f6l auf Basis ausgew\u00e4hlter Grund\u00f6le und moderner Additivtechnologie. Speziell f\u00fcr die maritimen Anforderungen entwickelt. Gew\u00e4hrleistet auch unter extremen Bedingungen optimale Schmierung und sicheren Verschlei\u00dfschutz. Kat- und Turbo-getestet.<\/p>\n<p><!-- --><\/p>\n<table id=\"detail\">\n<tbody>\n<tr>\n<td class=\"left\" valign=\"top\">Artikelnummer:<\/td>\n<td class=\"right\" valign=\"top\">25015<\/td>\n<\/tr>\n<tr>\n<td class=\"left\" valign=\"top\">Gebinde:<\/td>\n<td class=\"right\" valign=\"top\">1 l Kanister Kunststoff<\/td>\n<\/tr>\n<tr>\n<td class=\"left\" valign=\"top\">Paletteninhalt:<\/td>\n<td class=\"right\" valign=\"top\">576<\/td>\n<\/tr>\n<tr>\n<td class=\"left\" valign=\"top\">VPE:<\/td>\n<td class=\"right\" valign=\"top\">6 STK<\/td>\n<\/tr>\n<tr>\n<td class=\"left\" valign=\"top\">Sprache:<\/td>\n<td class=\"right\" valign=\"top\">BOOKLET<\/td>\n<\/tr>\n<\/tbody>\n<\/table>\n<h3 class=\"detail\">Einsatzzweck<\/h3>\n<p>Ganzjahres\u00f6l f\u00fcr Benzin- und Dieselbootsmotoren. Mischbar mit allen handels\u00fcblichen Motor\u00f6len.<\/p>\n<p>&nbsp;<\/p>\n<h3 class=\"detail\">Spezifikationen und Freigaben<\/h3>\n<p>ACEA A3 ; ACEA B4 ; ACEA E7 ; API CI-4 ; API SL ; MAN M 3275-1 ; MTU Typ 2 ; Volvo VDS-3<\/p>\n<p>&nbsp;<\/p>\n<p><b>LIQUI MOLY empfiehlt dieses Produkt zus\u00e4tzlich f\u00fcr Fahrzeuge bzw. Aggregate, f\u00fcr die folgende Spezifikationen oder Originalersatzteilnummern gefordert werden:<\/b><\/p>\n<p>Caterpillar ECF-1-a ; Caterpillar ECF-2 ; Cummins CES 20076 ; Cummins CES 20077 ; Cummins CES 20078 ; Deutz DQC III-10<\/p>\n<ul class=\"info-text m-0 p-0\">\n<li>EUH208 Enth\u00e4lt Benzolsulfons\u00e4ure, Methyl-, Mono-C20-24-verzweigte Alkylderivate, Calciumsalze, Alkyl-(C18-C28)-Toluolsulfons\u00e4ure, Calciumsalze, boriert. Kann allergische Reaktionen hervorrufen.<\/li>\n<\/ul>\n<p>Wenn Sie Fragen rund um die Liqui Moly Produkte haben sollten, z\u00f6gern Sie nicht und kontaktieren Sie uns. Gerne stehen wir Ihnen jederzeit gerne zur Verf\u00fcgung.<\/p>\n","protected":false},"excerpt":{"rendered":"<p>Marine 4T Motor Oil 15W-40 Hochleistungsmotor\u00f6l auf Basis ausgew\u00e4hlter Grund\u00f6le und moderner Additivtechnologie. Speziell f\u00fcr die maritimen Anforderungen entwickelt. Gew\u00e4hrleistet auch unter extremen Bedingungen optimale Schmierung und sicheren Verschlei\u00dfschutz. Kat- und Turbo-getestet. Artikelnummer: 25015 Gebinde: 1 l Kanister Kunststoff Paletteninhalt: 576 VPE: 6 STK Sprache: BOOKLET Einsatzzweck Ganzjahres\u00f6l f\u00fcr Benzin- und Dieselbootsmotoren. Mischbar mit allen [&hellip;]<\/p>\n","protected":false},"featured_media":23486,"comment_status":"closed","ping_status":"closed","template":"","meta":[],"class_list":["post-23485","product","type-product","status-publish","has-post-thumbnail","hentry","product_cat-marine","product_cat-mineralisch-motoroele-4-takt-marine","product_cat-motoroele-4-takt-marine"],"_links":{"self":[{"href":"https:\/\/www.liqui-moly-shop.ch\/index.php\/wp-json\/wp\/v2\/product\/23485","targetHints":{"allow":["GET"]}}],"collection":[{"href":"https:\/\/www.liqui-moly-shop.ch\/index.php\/wp-json\/wp\/v2\/product"}],"about":[{"href":"https:\/\/www.liqui-moly-shop.ch\/index.php\/wp-json\/wp\/v2\/types\/product"}],"replies":[{"embeddable":true,"href":"https:\/\/www.liqui-moly-shop.ch\/index.php\/wp-json\/wp\/v2\/comments?post=23485"}],"wp:featuredmedia":[{"embeddable":true,"href":"https:\/\/www.liqui-moly-shop.ch\/index.php\/wp-json\/wp\/v2\/media\/23486"}],"wp:attachment":[{"href":"https:\/\/www.liqui-moly-shop.ch\/index.php\/wp-json\/wp\/v2\/media?parent=23485"}],"curies":[{"name":"wp","href":"https:\/\/api.w.org\/{rel}","templated":true}]}}