{"id":23494,"date":"2018-07-17T00:00:00","date_gmt":"2018-07-17T00:00:00","guid":{"rendered":"https:\/\/dev.liqui-moly-shop.ch\/index.php\/product\/marine-4t-motor-oil-10w-40\/"},"modified":"2024-02-19T15:41:51","modified_gmt":"2024-02-19T15:41:51","slug":"marine-4t-motor-oil-10w-40","status":"publish","type":"product","link":"https:\/\/www.liqui-moly-shop.ch\/index.php\/product\/marine-4t-motor-oil-10w-40\/","title":{"rendered":"Marine 4T Motor Oil 10W-40"},"content":{"rendered":"<h3>Marine 4T Motor Oil 10W-40<\/h3>\n<p>Modernes\u00a0Hochleistungsleichtlaufmotor\u00f6l auf Basis Synthesetechnologie und neuester Additivtechnologie. Gew\u00e4hrleistet hervorragenden Verschlei\u00dfschutz und Motorsauberkeit. Durch\u00a0den hohen Gehalt an Korrosionsschutzzus\u00e4tzen werden Motorenbauteile optimal gesch\u00fctzt. Speziell entwickelt f\u00fcr den maritimen Bereich.\u00a0Erf\u00fcllt die Anforderungen f\u00fchrender Motorenhersteller. Kat- und Turbo-getestet.<\/p>\n<p><!-- --><\/p>\n<table id=\"detail\">\n<tbody>\n<tr>\n<td class=\"left\" valign=\"top\">Artikelnummer:<\/td>\n<td class=\"right\" valign=\"top\">25012<\/td>\n<\/tr>\n<tr>\n<td class=\"left\" valign=\"top\">Gebinde:<\/td>\n<td class=\"right\" valign=\"top\">1 l Kanister Kunststoff<\/td>\n<\/tr>\n<tr>\n<td class=\"left\" valign=\"top\">Paletteninhalt:<\/td>\n<td class=\"right\" valign=\"top\">576<\/td>\n<\/tr>\n<tr>\n<td class=\"left\" valign=\"top\">VPE:<\/td>\n<td class=\"right\" valign=\"top\">6 STK<\/td>\n<\/tr>\n<tr>\n<td class=\"left\" valign=\"top\">Sprache:<\/td>\n<td class=\"right\" valign=\"top\">BOOKLET<\/td>\n<\/tr>\n<\/tbody>\n<\/table>\n<h3 class=\"detail\">Einsatzzweck<\/h3>\n<p>F\u00fcr alle Benzin- und Dieselmotoren im Marinebereich. Besonders geeignet f\u00fcr Bootsmotoren mit hohen motorischen Anforderungen. Speziell geeignet f\u00fcr Volvo Penta-Motoren.<\/p>\n<p>&nbsp;<\/p>\n<h3 class=\"detail\">Spezifikationen und Freigaben<\/h3>\n<p>ACEA A3 ; ACEA B4 ; ACEA E7 ; API SL ; API CI-4 ; Volvo VDS-3<\/p>\n<p>&nbsp;<\/p>\n<p><b>LIQUI MOLY empfiehlt dieses Produkt zus\u00e4tzlich f\u00fcr Fahrzeuge bzw. Aggregate, f\u00fcr die folgende Spezifikationen oder Originalersatzteilnummern gefordert werden:<\/b><\/p>\n<p>Caterpillar ECF-1-a ; Caterpillar ECF-2 ; Cummins CES 20071 ; Cummins CES 20072 ; Cummins CES 20076 ; Cummins CES 20077 ; Cummins CES 20078 ; Deutz DQC III-10 ; MAN M 3275-1 ; MTU Typ 2<\/p>\n<p>Wenn Sie Fragen rund um die Liqui Moly Produkte haben sollten, z\u00f6gern Sie nicht und kontaktieren Sie uns. Gerne stehen wir Ihnen jederzeit gerne zur Verf\u00fcgung.<\/p>\n","protected":false},"excerpt":{"rendered":"<p>Marine 4T Motor Oil 10W-40 Modernes\u00a0Hochleistungsleichtlaufmotor\u00f6l auf Basis Synthesetechnologie und neuester Additivtechnologie. Gew\u00e4hrleistet hervorragenden Verschlei\u00dfschutz und Motorsauberkeit. Durch\u00a0den hohen Gehalt an Korrosionsschutzzus\u00e4tzen werden Motorenbauteile optimal gesch\u00fctzt. Speziell entwickelt f\u00fcr den maritimen Bereich.\u00a0Erf\u00fcllt die Anforderungen f\u00fchrender Motorenhersteller. Kat- und Turbo-getestet. Artikelnummer: 25012 Gebinde: 1 l Kanister Kunststoff Paletteninhalt: 576 VPE: 6 STK Sprache: BOOKLET Einsatzzweck F\u00fcr [&hellip;]<\/p>\n","protected":false},"featured_media":23495,"comment_status":"closed","ping_status":"closed","template":"","meta":[],"class_list":["post-23494","product","type-product","status-publish","has-post-thumbnail","hentry","product_cat-marine","product_cat-motoroele-4-takt-marine","product_cat-synthesetechnologie-motoroele-4-takt-marine"],"_links":{"self":[{"href":"https:\/\/www.liqui-moly-shop.ch\/index.php\/wp-json\/wp\/v2\/product\/23494","targetHints":{"allow":["GET"]}}],"collection":[{"href":"https:\/\/www.liqui-moly-shop.ch\/index.php\/wp-json\/wp\/v2\/product"}],"about":[{"href":"https:\/\/www.liqui-moly-shop.ch\/index.php\/wp-json\/wp\/v2\/types\/product"}],"replies":[{"embeddable":true,"href":"https:\/\/www.liqui-moly-shop.ch\/index.php\/wp-json\/wp\/v2\/comments?post=23494"}],"wp:featuredmedia":[{"embeddable":true,"href":"https:\/\/www.liqui-moly-shop.ch\/index.php\/wp-json\/wp\/v2\/media\/23495"}],"wp:attachment":[{"href":"https:\/\/www.liqui-moly-shop.ch\/index.php\/wp-json\/wp\/v2\/media?parent=23494"}],"curies":[{"name":"wp","href":"https:\/\/api.w.org\/{rel}","templated":true}]}}