{"id":23506,"date":"2018-07-17T00:00:00","date_gmt":"2018-07-17T00:00:00","guid":{"rendered":"https:\/\/dev.liqui-moly-shop.ch\/index.php\/product\/marine-multi-spray\/"},"modified":"2024-02-21T09:53:39","modified_gmt":"2024-02-21T09:53:39","slug":"marine-multi-spray","status":"publish","type":"product","link":"https:\/\/www.liqui-moly-shop.ch\/index.php\/product\/marine-multi-spray\/","title":{"rendered":"Marine Multi-Spray"},"content":{"rendered":"<h3>Marine Multi-Spray<\/h3>\n<p>Spezialschutz- und Pflegemittel f\u00fcr den Marinebereich. H\u00e4lt bewegliche Teile dauerhaft leichtg\u00e4ngig, sch\u00fctzt vor Korrosion und Oxidation. Verdr\u00e4ngt Feuchtigkeit und sch\u00fctzt die gesamte Bootselektrik. L\u00f6st festgerostete Schrauben und vermindert Quietschger\u00e4usche. Neutral gegen\u00fcber Kunststoffen, Lacken, Metallen und Holz.<\/p>\n<p><!-- --><\/p>\n<table id=\"detail\">\n<tbody>\n<tr>\n<td class=\"left\" valign=\"top\">Artikelnummer:<\/td>\n<td class=\"right\" valign=\"top\">25051<\/td>\n<\/tr>\n<tr>\n<td class=\"left\" valign=\"top\">Gebinde:<\/td>\n<td class=\"right\" valign=\"top\">400 ml Dose Aerosol<\/td>\n<\/tr>\n<tr>\n<td class=\"left\" valign=\"top\">Paletteninhalt:<\/td>\n<td class=\"right\" valign=\"top\">1116<\/td>\n<\/tr>\n<tr>\n<td class=\"left\" valign=\"top\">VPE:<\/td>\n<td class=\"right\" valign=\"top\">6 STK<\/td>\n<\/tr>\n<tr>\n<td class=\"left\" valign=\"top\">Sprache:<\/td>\n<td class=\"right\" valign=\"top\">D &#8211; F &#8211; I &#8211; E &#8211; GR<\/td>\n<\/tr>\n<\/tbody>\n<\/table>\n<h3 class=\"detail\">Einsatzzweck<\/h3>\n<p>Vielseitig einsetzbares Multifunktionsspray. F\u00fcr alle Wartungs- und Servicearbeiten.<\/p>\n<div class=\"d-flex justify-content-md-center gap-1\"><img decoding=\"async\" title=\"ghs02\" src=\"https:\/\/liquimoly.cloudimg.io\/v7\/https:\/\/www.liqui-moly.com\/static\/version1708014438\/frontend\/limo\/base\/de_DE\/images\/info\/ghs02.png\" alt=\"ghs02\" width=\"35px\" height=\"35px\" \/><img decoding=\"async\" title=\"ghs07\" src=\"https:\/\/liquimoly.cloudimg.io\/v7\/https:\/\/www.liqui-moly.com\/static\/version1708014438\/frontend\/limo\/base\/de_DE\/images\/info\/ghs07.png\" alt=\"ghs07\" width=\"35px\" height=\"35px\" \/><img decoding=\"async\" title=\"ghs09\" src=\"https:\/\/liquimoly.cloudimg.io\/v7\/https:\/\/www.liqui-moly.com\/static\/version1708014438\/frontend\/limo\/base\/de_DE\/images\/info\/ghs09.png\" alt=\"ghs09\" width=\"35px\" height=\"35px\" \/><\/div>\n<div class=\"text-md-center text-muted ps-md-2 pe-md-2\"><strong>Gefahr<\/strong><\/p>\n<ul class=\"info-text m-0 p-0\">\n<li>H222 Extrem entz\u00fcndbares Aerosol.<\/li>\n<li>H229 Beh\u00e4lter steht unter Druck: Kann bei Erw\u00e4rmung bersten.<\/li>\n<li>H315 Verursacht Hautreizungen.<\/li>\n<li>H336 Kann Schl\u00e4frigkeit und Benommenheit verursachen.<\/li>\n<li>H411 Giftig f\u00fcr Wasserorganismen, mit langfristiger Wirkung.<\/li>\n<li>EUH208 Enth\u00e4lt Reaktionsprodukte von 2,5-Dimercapto-1,3,4-thiadiazol, Natriumsalz, mit 1-Octanthiol und Wasserstoffperoxid, Benzolsulfons\u00e4ure, Di-C10-14-alkylderivate, Calciumsalze, Benzol, Mono-C10-14-alkylderivate, Fraktionierungssedimente, Zwischenschnitt, sulfoniert, Natriumsalze, Di-iso-octylaminomethyl-tolutriazol. Kann allergische Reaktionen hervorrufen.<\/li>\n<\/ul>\n<\/div>\n<p>Wenn Sie Fragen rund um die Liqui Moly Produkte haben sollten, z\u00f6gern Sie nicht und kontaktieren Sie uns. Gerne stehen wir Ihnen jederzeit gerne zur Verf\u00fcgung.<\/p>\n","protected":false},"excerpt":{"rendered":"<p>Marine Multi-Spray Spezialschutz- und Pflegemittel f\u00fcr den Marinebereich. H\u00e4lt bewegliche Teile dauerhaft leichtg\u00e4ngig, sch\u00fctzt vor Korrosion und Oxidation. Verdr\u00e4ngt Feuchtigkeit und sch\u00fctzt die gesamte Bootselektrik. L\u00f6st festgerostete Schrauben und vermindert Quietschger\u00e4usche. Neutral gegen\u00fcber Kunststoffen, Lacken, Metallen und Holz. Artikelnummer: 25051 Gebinde: 400 ml Dose Aerosol Paletteninhalt: 1116 VPE: 6 STK Sprache: D &#8211; F &#8211; [&hellip;]<\/p>\n","protected":false},"featured_media":23507,"comment_status":"closed","ping_status":"closed","template":"","meta":[],"class_list":["post-23506","product","type-product","status-publish","has-post-thumbnail","hentry","product_cat-marine","product_cat-pflegeprodukte-marine"],"_links":{"self":[{"href":"https:\/\/www.liqui-moly-shop.ch\/index.php\/wp-json\/wp\/v2\/product\/23506","targetHints":{"allow":["GET"]}}],"collection":[{"href":"https:\/\/www.liqui-moly-shop.ch\/index.php\/wp-json\/wp\/v2\/product"}],"about":[{"href":"https:\/\/www.liqui-moly-shop.ch\/index.php\/wp-json\/wp\/v2\/types\/product"}],"replies":[{"embeddable":true,"href":"https:\/\/www.liqui-moly-shop.ch\/index.php\/wp-json\/wp\/v2\/comments?post=23506"}],"wp:featuredmedia":[{"embeddable":true,"href":"https:\/\/www.liqui-moly-shop.ch\/index.php\/wp-json\/wp\/v2\/media\/23507"}],"wp:attachment":[{"href":"https:\/\/www.liqui-moly-shop.ch\/index.php\/wp-json\/wp\/v2\/media?parent=23506"}],"curies":[{"name":"wp","href":"https:\/\/api.w.org\/{rel}","templated":true}]}}