{"id":23509,"date":"2018-07-17T00:00:00","date_gmt":"2018-07-17T00:00:00","guid":{"rendered":"https:\/\/dev.liqui-moly-shop.ch\/index.php\/product\/marine-glanz-spruehwachs\/"},"modified":"2025-03-11T13:05:31","modified_gmt":"2025-03-11T13:05:31","slug":"marine-glanz-spruehwachs","status":"publish","type":"product","link":"https:\/\/www.liqui-moly-shop.ch\/index.php\/product\/marine-glanz-spruehwachs\/","title":{"rendered":"Marine Glanz-Spr\u00fchwachs"},"content":{"rendered":"<h3>Marine Glanz-Spr\u00fchwachs<\/h3>\n<p>Wasserabweisendes, salzwasser- und UV-best\u00e4ndiges Wachs mit guter Reinigungswirkung und hervorragender Glanzgebung. Leichter Schmutz und fettige Verschmutzungen werden m\u00fchelos und schnell entfernt, ohne dabei Kratzer entstehen zu lassen. Die entstehende Schutzschicht gleicht leichte Kratzer aus und konserviert den Lack gegen\u00fcber witterungsbedingten Einfl\u00fcssen.<\/p>\n<p><!-- --><\/p>\n<table id=\"detail\">\n<tbody>\n<tr>\n<td class=\"left\" valign=\"top\">Artikelnummer:<\/td>\n<td class=\"right\" valign=\"top\">25053<\/td>\n<\/tr>\n<tr>\n<td class=\"left\" valign=\"top\">Gebinde:<\/td>\n<td class=\"right\" valign=\"top\">400 ml Dose Aerosol<\/td>\n<\/tr>\n<tr>\n<td class=\"left\" valign=\"top\">Paletteninhalt:<\/td>\n<td class=\"right\" valign=\"top\">1008<\/td>\n<\/tr>\n<tr>\n<td class=\"left\" valign=\"top\">VPE:<\/td>\n<td class=\"right\" valign=\"top\">12 STK<\/td>\n<\/tr>\n<tr>\n<td class=\"left\" valign=\"top\">Sprache:<\/td>\n<td class=\"right\" valign=\"top\">D &#8211; F &#8211; I &#8211; E &#8211; GR<\/td>\n<\/tr>\n<\/tbody>\n<\/table>\n<h3 class=\"detail\">Einsatzzweck<\/h3>\n<p>Hervorragende Lackpflege f\u00fcr zwischendurch. Optimale Versiegelung der Lackoberfl\u00e4chen (z. B. GFK und Gelcoat). Auch geeignet f\u00fcr Kunstleder und Chrombestandteile.<\/p>\n<p>Wenn Sie Fragen rund um die Liqui Moly Produkte haben sollten, z\u00f6gern Sie nicht und kontaktieren Sie uns. Gerne stehen wir Ihnen jederzeit gerne zur Verf\u00fcgung.<\/p>\n","protected":false},"excerpt":{"rendered":"<p>Marine Glanz-Spr\u00fchwachs Wasserabweisendes, salzwasser- und UV-best\u00e4ndiges Wachs mit guter Reinigungswirkung und hervorragender Glanzgebung. Leichter Schmutz und fettige Verschmutzungen werden m\u00fchelos und schnell entfernt, ohne dabei Kratzer entstehen zu lassen. Die entstehende Schutzschicht gleicht leichte Kratzer aus und konserviert den Lack gegen\u00fcber witterungsbedingten Einfl\u00fcssen. Artikelnummer: 25053 Gebinde: 400 ml Dose Aerosol Paletteninhalt: 1008 VPE: 12 STK [&hellip;]<\/p>\n","protected":false},"featured_media":23510,"comment_status":"closed","ping_status":"closed","template":"","meta":[],"class_list":["post-23509","product","type-product","status-publish","has-post-thumbnail","hentry","product_cat-marine","product_cat-pflegeprodukte-marine"],"_links":{"self":[{"href":"https:\/\/www.liqui-moly-shop.ch\/index.php\/wp-json\/wp\/v2\/product\/23509","targetHints":{"allow":["GET"]}}],"collection":[{"href":"https:\/\/www.liqui-moly-shop.ch\/index.php\/wp-json\/wp\/v2\/product"}],"about":[{"href":"https:\/\/www.liqui-moly-shop.ch\/index.php\/wp-json\/wp\/v2\/types\/product"}],"replies":[{"embeddable":true,"href":"https:\/\/www.liqui-moly-shop.ch\/index.php\/wp-json\/wp\/v2\/comments?post=23509"}],"wp:featuredmedia":[{"embeddable":true,"href":"https:\/\/www.liqui-moly-shop.ch\/index.php\/wp-json\/wp\/v2\/media\/23510"}],"wp:attachment":[{"href":"https:\/\/www.liqui-moly-shop.ch\/index.php\/wp-json\/wp\/v2\/media?parent=23509"}],"curies":[{"name":"wp","href":"https:\/\/api.w.org\/{rel}","templated":true}]}}