{"id":23671,"date":"2018-07-17T00:00:00","date_gmt":"2018-07-17T00:00:00","guid":{"rendered":"https:\/\/dev.liqui-moly-shop.ch\/index.php\/product\/universal-reiniger\/"},"modified":"2023-12-14T14:59:06","modified_gmt":"2023-12-14T14:59:06","slug":"universal-reiniger","status":"publish","type":"product","link":"https:\/\/www.liqui-moly-shop.ch\/index.php\/product\/universal-reiniger\/","title":{"rendered":"Universal-Reiniger"},"content":{"rendered":"<h3>Universal-Reiniger<\/h3>\n<p>Konzentrierter, wasserverd\u00fcnnbarer Universalreiniger. Phosphat-silikat und l\u00f6semittelfrei. Biologisch abbaubar. F\u00fcr Mischungsverh\u00e4ltnisse bis 1:2.000, je nach Einsatzzweck.<\/p>\n<p><!-- --><\/p>\n<table id=\"detail\">\n<tbody>\n<tr>\n<td class=\"left\" valign=\"top\">Artikelnummer:<\/td>\n<td class=\"right\" valign=\"top\">1653<\/td>\n<\/tr>\n<tr>\n<td class=\"left\" valign=\"top\">Gebinde:<\/td>\n<td class=\"right\" valign=\"top\">1 l Dose Kunststoff<\/td>\n<\/tr>\n<tr>\n<td class=\"left\" valign=\"top\">Paletteninhalt:<\/td>\n<td class=\"right\" valign=\"top\">384<\/td>\n<\/tr>\n<tr>\n<td class=\"left\" valign=\"top\">VPE:<\/td>\n<td class=\"right\" valign=\"top\">6 STK<\/td>\n<\/tr>\n<tr>\n<td class=\"left\" valign=\"top\">Sprache:<\/td>\n<td class=\"right\" valign=\"top\">D &#8211; GB &#8211; I &#8211; E &#8211; P<\/td>\n<\/tr>\n<\/tbody>\n<\/table>\n<h3 class=\"detail\">Einsatzzweck<\/h3>\n<p>Multifunktioneller Reiniger mit hohem Wirkungsgrad zur universellen Anwendung in Haushalt, Werkstatt und Industrie.<\/p>\n<div class=\"d-flex justify-content-md-center gap-1\"><img decoding=\"async\" title=\"ghs05\" src=\"https:\/\/liquimoly.cloudimg.io\/v7\/https:\/\/www.liqui-moly.com\/static\/version1702332212\/frontend\/limo\/base\/de_DE\/images\/info\/ghs05.png\" alt=\"ghs05\" width=\"35px\" height=\"35px\" \/><\/div>\n<div class=\"text-md-center text-muted ps-md-2 pe-md-2\"><strong>Gefahr<\/strong><\/p>\n<ul class=\"info-text m-0 p-0\">\n<li>H315 Verursacht Hautreizungen.<\/li>\n<li>H318 Verursacht schwere Augensch\u00e4den.<\/li>\n<\/ul>\n<\/div>\n<p>Wenn Sie Fragen rund um die Liqui Moly Produkte haben sollten, z\u00f6gern Sie nicht und kontaktieren Sie uns. Gerne stehen wir Ihnen jederzeit gerne zur Verf\u00fcgung.<\/p>\n","protected":false},"excerpt":{"rendered":"<p>Universal-Reiniger Konzentrierter, wasserverd\u00fcnnbarer Universalreiniger. Phosphat-silikat und l\u00f6semittelfrei. Biologisch abbaubar. F\u00fcr Mischungsverh\u00e4ltnisse bis 1:2.000, je nach Einsatzzweck. Artikelnummer: 1653 Gebinde: 1 l Dose Kunststoff Paletteninhalt: 384 VPE: 6 STK Sprache: D &#8211; GB &#8211; I &#8211; E &#8211; P Einsatzzweck Multifunktioneller Reiniger mit hohem Wirkungsgrad zur universellen Anwendung in Haushalt, Werkstatt und Industrie. Gefahr H315 Verursacht [&hellip;]<\/p>\n","protected":false},"featured_media":23672,"comment_status":"closed","ping_status":"closed","template":"","meta":[],"class_list":["post-23671","product","type-product","status-publish","has-post-thumbnail","hentry","product_cat-uncategorized","product_cat-fahrzeugpflege-2","product_cat-felgen-reifen","product_cat-glas","product_cat-gummi","product_cat-innenraum","product_cat-kunststoff","product_cat-lack","product_cat-motor"],"_links":{"self":[{"href":"https:\/\/www.liqui-moly-shop.ch\/index.php\/wp-json\/wp\/v2\/product\/23671","targetHints":{"allow":["GET"]}}],"collection":[{"href":"https:\/\/www.liqui-moly-shop.ch\/index.php\/wp-json\/wp\/v2\/product"}],"about":[{"href":"https:\/\/www.liqui-moly-shop.ch\/index.php\/wp-json\/wp\/v2\/types\/product"}],"replies":[{"embeddable":true,"href":"https:\/\/www.liqui-moly-shop.ch\/index.php\/wp-json\/wp\/v2\/comments?post=23671"}],"wp:featuredmedia":[{"embeddable":true,"href":"https:\/\/www.liqui-moly-shop.ch\/index.php\/wp-json\/wp\/v2\/media\/23672"}],"wp:attachment":[{"href":"https:\/\/www.liqui-moly-shop.ch\/index.php\/wp-json\/wp\/v2\/media?parent=23671"}],"curies":[{"name":"wp","href":"https:\/\/api.w.org\/{rel}","templated":true}]}}