{"id":23725,"date":"2018-07-17T00:00:00","date_gmt":"2018-07-17T00:00:00","guid":{"rendered":"https:\/\/dev.liqui-moly-shop.ch\/index.php\/product\/lm-40-multi-funktions-spray\/"},"modified":"2024-02-21T15:38:58","modified_gmt":"2024-02-21T15:38:58","slug":"lm-40-multi-funktions-spray","status":"publish","type":"product","link":"https:\/\/www.liqui-moly-shop.ch\/index.php\/product\/lm-40-multi-funktions-spray\/","title":{"rendered":"LM 40 Multi-Funktions-Spray"},"content":{"rendered":"<h3>LM 40 Multi-Funktions-Spray<\/h3>\n<p>Schmiert, reinigt, l\u00f6st, sch\u00fctzt und pflegt. H\u00e4lt bewegliche Teile dauerhaft leichtg\u00e4ngig. Erreicht durch sein hohes\u00a0Kriechverm\u00f6gen\u00a0selbst\u00a0verborgenste Schmierstellen. L\u00f6st hartn\u00e4ckig festgerostete und festgebrannte Schrauben in k\u00fcrzester Zeit. Unterwandert und beseitigt\u00a0Schmutz sowie hartn\u00e4ckige \u00d6l- und Fettr\u00fcckst\u00e4nde. Sch\u00fctzt vor Rost und Korrosion und pflegt Chromteile.<\/p>\n<p><!-- --><\/p>\n<table id=\"detail\">\n<tbody>\n<tr>\n<td class=\"left\" valign=\"top\">Artikelnummer:<\/td>\n<td class=\"right\" valign=\"top\">3394<\/td>\n<\/tr>\n<tr>\n<td class=\"left\" valign=\"top\">Gebinde:<\/td>\n<td class=\"right\" valign=\"top\">50 ml Dose Aerosol<\/td>\n<\/tr>\n<tr>\n<td class=\"left\" valign=\"top\">Paletteninhalt:<\/td>\n<td class=\"right\" valign=\"top\">4224<\/td>\n<\/tr>\n<tr>\n<td class=\"left\" valign=\"top\">VPE:<\/td>\n<td class=\"right\" valign=\"top\">12 STK<\/td>\n<\/tr>\n<tr>\n<td class=\"left\" valign=\"top\">Sprache:<\/td>\n<td class=\"right\" valign=\"top\">D &#8211; GB<\/td>\n<\/tr>\n<\/tbody>\n<\/table>\n<h3 class=\"detail\">Einsatzzweck<\/h3>\n<p>Das Multitalent f\u00fcr Haus, Hobby, Werkstatt, Kfz und Industrie. F\u00fcr Scharniere, Rollen, Schl\u00f6sser, Schrauben, Schalter, Griffe, Bowdenz\u00fcge, Autoantennen\u00a0und vieles mehr.<\/p>\n<div class=\"d-flex justify-content-md-center gap-1\"><img decoding=\"async\" title=\"ghs02\" src=\"https:\/\/liquimoly.cloudimg.io\/v7\/https:\/\/www.liqui-moly.com\/static\/version1702332212\/frontend\/limo\/base\/de_DE\/images\/info\/ghs02.png\" alt=\"ghs02\" width=\"35px\" height=\"35px\" \/><img decoding=\"async\" title=\"ghs07\" src=\"https:\/\/liquimoly.cloudimg.io\/v7\/https:\/\/www.liqui-moly.com\/static\/version1702332212\/frontend\/limo\/base\/de_DE\/images\/info\/ghs07.png\" alt=\"ghs07\" width=\"35px\" height=\"35px\" \/><\/div>\n<div class=\"text-md-center text-muted ps-md-2 pe-md-2\">\n<p><strong>Gefahr<\/strong><\/p>\n<ul class=\"info-text m-0 p-0\">\n<li>H222 Extrem entz\u00fcndbares Aerosol.<\/li>\n<li>H229 Beh\u00e4lter steht unter Druck: Kann bei Erw\u00e4rmung bersten.<\/li>\n<li>H315 Verursacht Hautreizungen.<\/li>\n<li>H412 Sch\u00e4dlich f\u00fcr Wasserorganismen, mit langfristiger Wirkung.<\/li>\n<li>EUH066 Wiederholter Kontakt kann zu spr\u00f6der oder rissiger Haut f\u00fchren.<\/li>\n<\/ul>\n<\/div>\n<p>Wenn Sie Fragen rund um die Liqui Moly Produkte haben sollten, z\u00f6gern Sie nicht und kontaktieren Sie uns. Gerne stehen wir Ihnen jederzeit gerne zur Verf\u00fcgung.<\/p>\n","protected":false},"excerpt":{"rendered":"<p>LM 40 Multi-Funktions-Spray Schmiert, reinigt, l\u00f6st, sch\u00fctzt und pflegt. H\u00e4lt bewegliche Teile dauerhaft leichtg\u00e4ngig. Erreicht durch sein hohes\u00a0Kriechverm\u00f6gen\u00a0selbst\u00a0verborgenste Schmierstellen. L\u00f6st hartn\u00e4ckig festgerostete und festgebrannte Schrauben in k\u00fcrzester Zeit. Unterwandert und beseitigt\u00a0Schmutz sowie hartn\u00e4ckige \u00d6l- und Fettr\u00fcckst\u00e4nde. Sch\u00fctzt vor Rost und Korrosion und pflegt Chromteile. Artikelnummer: 3394 Gebinde: 50 ml Dose Aerosol Paletteninhalt: 4224 VPE: 12 [&hellip;]<\/p>\n","protected":false},"featured_media":23726,"comment_status":"closed","ping_status":"closed","template":"","meta":[],"class_list":["post-23725","product","type-product","status-publish","has-post-thumbnail","hentry","product_cat-reparaturhilfen-serviceprodukte","product_cat-rostloeser-multifunktion"],"_links":{"self":[{"href":"https:\/\/www.liqui-moly-shop.ch\/index.php\/wp-json\/wp\/v2\/product\/23725","targetHints":{"allow":["GET"]}}],"collection":[{"href":"https:\/\/www.liqui-moly-shop.ch\/index.php\/wp-json\/wp\/v2\/product"}],"about":[{"href":"https:\/\/www.liqui-moly-shop.ch\/index.php\/wp-json\/wp\/v2\/types\/product"}],"replies":[{"embeddable":true,"href":"https:\/\/www.liqui-moly-shop.ch\/index.php\/wp-json\/wp\/v2\/comments?post=23725"}],"wp:featuredmedia":[{"embeddable":true,"href":"https:\/\/www.liqui-moly-shop.ch\/index.php\/wp-json\/wp\/v2\/media\/23726"}],"wp:attachment":[{"href":"https:\/\/www.liqui-moly-shop.ch\/index.php\/wp-json\/wp\/v2\/media?parent=23725"}],"curies":[{"name":"wp","href":"https:\/\/api.w.org\/{rel}","templated":true}]}}