{"id":23743,"date":"2018-07-17T00:00:00","date_gmt":"2018-07-17T00:00:00","guid":{"rendered":"https:\/\/dev.liqui-moly-shop.ch\/index.php\/product\/schweiss-schutz-spray\/"},"modified":"2023-12-13T14:31:20","modified_gmt":"2023-12-13T14:31:20","slug":"schweiss-schutz-spray","status":"publish","type":"product","link":"https:\/\/www.liqui-moly-shop.ch\/index.php\/product\/schweiss-schutz-spray\/","title":{"rendered":"Schwei\u00df-Schutz-Spray"},"content":{"rendered":"<h3>Schwei\u00df-Schutz-Spray<\/h3>\n<p>Verhindert das Anhaften von Schwei\u00dfperlen am Werkst\u00fcck und Brenner ohne Beeintr\u00e4chtigung der Schwei\u00dfnaht. Schwei\u00df-Schutz-Spray ist nach dem neuesten Stand der Technik formuliert. Erh\u00f6ht die Lebensdauer der Schwei\u00dfd\u00fcsen und Brennerinnenteile. Silikon- und FCKW-frei.<\/p>\n<p><!-- --><\/p>\n<table id=\"detail\">\n<tbody>\n<tr>\n<td class=\"left\" valign=\"top\">Artikelnummer:<\/td>\n<td class=\"right\" valign=\"top\">4086<\/td>\n<\/tr>\n<tr>\n<td class=\"left\" valign=\"top\">Gebinde:<\/td>\n<td class=\"right\" valign=\"top\">500 ml Dose Aerosol<\/td>\n<\/tr>\n<tr>\n<td class=\"left\" valign=\"top\">Paletteninhalt:<\/td>\n<td class=\"right\" valign=\"top\">840<\/td>\n<\/tr>\n<tr>\n<td class=\"left\" valign=\"top\">VPE:<\/td>\n<td class=\"right\" valign=\"top\">12 STK<\/td>\n<\/tr>\n<tr>\n<td class=\"left\" valign=\"top\">Sprache:<\/td>\n<td class=\"right\" valign=\"top\">D &#8211; GB &#8211; I &#8211; E &#8211; P<\/td>\n<\/tr>\n<\/tbody>\n<\/table>\n<h3 class=\"detail\">Einsatzzweck<\/h3>\n<p>F\u00fcr alle Schutzgasschwei\u00dfarbeiten an Stahl, Aluminium und Edelstahl.<\/p>\n<div class=\"d-flex justify-content-md-center gap-1\"><img decoding=\"async\" title=\"ghs02\" src=\"https:\/\/liquimoly.cloudimg.io\/v7\/https:\/\/www.liqui-moly.com\/static\/version1702332212\/frontend\/limo\/base\/de_DE\/images\/info\/ghs02.png\" alt=\"ghs02\" width=\"35px\" height=\"35px\" \/><img decoding=\"async\" title=\"ghs07\" src=\"https:\/\/liquimoly.cloudimg.io\/v7\/https:\/\/www.liqui-moly.com\/static\/version1702332212\/frontend\/limo\/base\/de_DE\/images\/info\/ghs07.png\" alt=\"ghs07\" width=\"35px\" height=\"35px\" \/><\/div>\n<div class=\"text-md-center text-muted ps-md-2 pe-md-2\"><strong>Gefahr<\/strong><\/p>\n<ul class=\"info-text m-0 p-0\">\n<li>H222 Extrem entz\u00fcndbares Aerosol.<\/li>\n<li>H229 Beh\u00e4lter steht unter Druck: Kann bei Erw\u00e4rmung bersten.<\/li>\n<li>H319 Verursacht schwere Augenreizung.<\/li>\n<li>H336 Kann Schl\u00e4frigkeit und Benommenheit verursachen.<\/li>\n<li>EUH066 Wiederholter Kontakt kann zu spr\u00f6der oder rissiger Haut f\u00fchren.<\/li>\n<\/ul>\n<\/div>\n<p>Wenn Sie Fragen rund um die Liqui Moly Produkte haben sollten, z\u00f6gern Sie nicht und kontaktieren Sie uns. Gerne stehen wir Ihnen jederzeit gerne zur Verf\u00fcgung.<\/p>\n","protected":false},"excerpt":{"rendered":"<p>Schwei\u00df-Schutz-Spray Verhindert das Anhaften von Schwei\u00dfperlen am Werkst\u00fcck und Brenner ohne Beeintr\u00e4chtigung der Schwei\u00dfnaht. Schwei\u00df-Schutz-Spray ist nach dem neuesten Stand der Technik formuliert. Erh\u00f6ht die Lebensdauer der Schwei\u00dfd\u00fcsen und Brennerinnenteile. Silikon- und FCKW-frei. Artikelnummer: 4086 Gebinde: 500 ml Dose Aerosol Paletteninhalt: 840 VPE: 12 STK Sprache: D &#8211; GB &#8211; I &#8211; E &#8211; P [&hellip;]<\/p>\n","protected":false},"featured_media":23744,"comment_status":"closed","ping_status":"closed","template":"","meta":[],"class_list":["post-23743","product","type-product","status-publish","has-post-thumbnail","hentry","product_cat-reparaturhilfen-serviceprodukte","product_cat-rostloeser-multifunktion"],"_links":{"self":[{"href":"https:\/\/www.liqui-moly-shop.ch\/index.php\/wp-json\/wp\/v2\/product\/23743","targetHints":{"allow":["GET"]}}],"collection":[{"href":"https:\/\/www.liqui-moly-shop.ch\/index.php\/wp-json\/wp\/v2\/product"}],"about":[{"href":"https:\/\/www.liqui-moly-shop.ch\/index.php\/wp-json\/wp\/v2\/types\/product"}],"replies":[{"embeddable":true,"href":"https:\/\/www.liqui-moly-shop.ch\/index.php\/wp-json\/wp\/v2\/comments?post=23743"}],"wp:featuredmedia":[{"embeddable":true,"href":"https:\/\/www.liqui-moly-shop.ch\/index.php\/wp-json\/wp\/v2\/media\/23744"}],"wp:attachment":[{"href":"https:\/\/www.liqui-moly-shop.ch\/index.php\/wp-json\/wp\/v2\/media?parent=23743"}],"curies":[{"name":"wp","href":"https:\/\/api.w.org\/{rel}","templated":true}]}}