{"id":23767,"date":"2018-07-17T00:00:00","date_gmt":"2018-07-17T00:00:00","guid":{"rendered":"https:\/\/dev.liqui-moly-shop.ch\/index.php\/product\/doppelkupplungsgetriebe-oel-8100\/"},"modified":"2023-10-09T12:45:22","modified_gmt":"2023-10-09T12:45:22","slug":"doppelkupplungsgetriebe-oel-8100","status":"publish","type":"product","link":"https:\/\/www.liqui-moly-shop.ch\/index.php\/product\/doppelkupplungsgetriebe-oel-8100\/","title":{"rendered":"Doppelkupplungsgetriebe-\u00d6l 8100"},"content":{"rendered":"<h3>Doppelkupplungsgetriebe-\u00d6l 8100<\/h3>\n<p>Hochleistungs\u00f6l auf Basis Synthesetechnologie und synthetischer Grund\u00f6le. Durch extrem scherstabile Viskosit\u00e4tsindexverbesserer, moderne Verschlei\u00dfschutzadditive sowie stabile Reibungsvermittler wird eine exzellente Kupplungsperformance erreicht. Der Schmierstoff ist auch f\u00fcr Doppelkupplungsgetriebe geeignet, die \u00fcber einen gemeinsamen \u00d6lhaushalt f\u00fcr Kupplung, Synchronisierung, R\u00e4dersatz und hydraulische Steuerung verf\u00fcgen.<\/p>\n<p><!-- --><\/p>\n<table id=\"detail\">\n<tbody>\n<tr>\n<td class=\"left\" valign=\"top\">Artikelnummer:<\/td>\n<td class=\"right\" valign=\"top\">3640<\/td>\n<\/tr>\n<tr>\n<td class=\"left\" valign=\"top\">Gebinde:<\/td>\n<td class=\"right\" valign=\"top\">1 l Dose Kunststoff<\/td>\n<\/tr>\n<tr>\n<td class=\"left\" valign=\"top\">Paletteninhalt:<\/td>\n<td class=\"right\" valign=\"top\">570<\/td>\n<\/tr>\n<tr>\n<td class=\"left\" valign=\"top\">VPE:<\/td>\n<td class=\"right\" valign=\"top\">6 STK<\/td>\n<\/tr>\n<tr>\n<td class=\"left\" valign=\"top\">Sprache:<\/td>\n<td class=\"right\" valign=\"top\">D &#8211; GB &#8211; I &#8211; E &#8211; P<\/td>\n<\/tr>\n<\/tbody>\n<\/table>\n<h3 class=\"detail\">Einsatzzweck<\/h3>\n<p>Speziell entwickelt f\u00fcr den Einsatz in Doppelkupplungsgetrieben (DSG-Getriebe) bei Fahrzeugen aus dem Hause Audi sowie der VW-Gruppe. Einsatz entsprechend den vorgeschriebenen Spezifikationen der Aggregat- bzw. Fahrzeughersteller.<\/p>\n<h3 class=\"detail\">Spezifikationen und Freigaben<\/h3>\n<p>&nbsp;<\/p>\n<p><b>LIQUI MOLY empfiehlt dieses Produkt zus\u00e4tzlich f\u00fcr Fahrzeuge bzw. Aggregate, f\u00fcr die folgende Spezifikationen oder Originalersatzteilnummern gefordert werden:<\/b><br \/>\nBMW 83 22 0 440 214 ; BMW 83 22 2 147 477 ; BMW 83 22 2 148 578 ; BMW 83 22 2 148 579 ; BMW DCTF-1 ; BMW MTF LT-5 ; Chrysler ; Ford WSS-M2C 936-A ; MB 236.21 ; Mitsubishi MZ320065 Dia-Queen SSTF-I ; Nissan WSS-M2C 936-A ; Peugeot Citroen (PSA) 9734.S2 ; Porsche 999.917.080.00 ; Volvo 1161838 ; Volvo 1161839 ; VW G 052 182 ; VW G 052 529 ; VW G 055 529<\/p>\n<ul class=\"info-text m-0 p-0\">\n<li>EUH210 Sicherheitsdatenblatt auf Anfrage erh\u00e4ltlich.<\/li>\n<\/ul>\n<p>Wenn Sie Fragen rund um die Liqui Moly Produkte haben sollten, z\u00f6gern Sie nicht und kontaktieren Sie uns. Gerne stehen wir Ihnen jederzeit gerne zur Verf\u00fcgung.<\/p>\n","protected":false},"excerpt":{"rendered":"<p>Doppelkupplungsgetriebe-\u00d6l 8100 Hochleistungs\u00f6l auf Basis Synthesetechnologie und synthetischer Grund\u00f6le. Durch extrem scherstabile Viskosit\u00e4tsindexverbesserer, moderne Verschlei\u00dfschutzadditive sowie stabile Reibungsvermittler wird eine exzellente Kupplungsperformance erreicht. Der Schmierstoff ist auch f\u00fcr Doppelkupplungsgetriebe geeignet, die \u00fcber einen gemeinsamen \u00d6lhaushalt f\u00fcr Kupplung, Synchronisierung, R\u00e4dersatz und hydraulische Steuerung verf\u00fcgen. Artikelnummer: 3640 Gebinde: 1 l Dose Kunststoff Paletteninhalt: 570 VPE: 6 STK [&hellip;]<\/p>\n","protected":false},"featured_media":23768,"comment_status":"closed","ping_status":"closed","template":"","meta":[],"class_list":["post-23767","product","type-product","status-publish","has-post-thumbnail","hentry","product_cat-automatik-zentralhydraulik-lenkgetriebeoele","product_cat-schmierstoffe"],"_links":{"self":[{"href":"https:\/\/www.liqui-moly-shop.ch\/index.php\/wp-json\/wp\/v2\/product\/23767","targetHints":{"allow":["GET"]}}],"collection":[{"href":"https:\/\/www.liqui-moly-shop.ch\/index.php\/wp-json\/wp\/v2\/product"}],"about":[{"href":"https:\/\/www.liqui-moly-shop.ch\/index.php\/wp-json\/wp\/v2\/types\/product"}],"replies":[{"embeddable":true,"href":"https:\/\/www.liqui-moly-shop.ch\/index.php\/wp-json\/wp\/v2\/comments?post=23767"}],"wp:featuredmedia":[{"embeddable":true,"href":"https:\/\/www.liqui-moly-shop.ch\/index.php\/wp-json\/wp\/v2\/media\/23768"}],"wp:attachment":[{"href":"https:\/\/www.liqui-moly-shop.ch\/index.php\/wp-json\/wp\/v2\/media?parent=23767"}],"curies":[{"name":"wp","href":"https:\/\/api.w.org\/{rel}","templated":true}]}}