{"id":23770,"date":"2018-07-17T00:00:00","date_gmt":"2018-07-17T00:00:00","guid":{"rendered":"https:\/\/dev.liqui-moly-shop.ch\/index.php\/product\/lenkgetriebe-oel-3100\/"},"modified":"2023-10-09T14:06:39","modified_gmt":"2023-10-09T14:06:39","slug":"lenkgetriebe-oel-3100","status":"publish","type":"product","link":"https:\/\/www.liqui-moly-shop.ch\/index.php\/product\/lenkgetriebe-oel-3100\/","title":{"rendered":"Lenkgetriebe-\u00d6l 3100"},"content":{"rendered":"<h3>Lenkgetriebe-\u00d6l 3100<\/h3>\n<p>Mineralisches Hydraulik\u00f6l, das speziell nach den h\u00f6chsten Anforderungen von Mercedes-Benz gem\u00e4\u00df der Norm MB-Freigabe 236.3 entwickelt wurde. Bietet eine hohe thermische Stabilit\u00e4t und sorgt somit f\u00fcr eine optimale Alterungsbest\u00e4ndigkeit. Maximaler Verschlei\u00dfschutz und g\u00fcnstiges Reibverhalten. Verf\u00fcgt \u00fcber ein ausgezeichnetes Tieftemperaturverhalten. Mit erh\u00f6htem Anteil an Korrosionsschutzkomponenten.<\/p>\n<p><!-- --><\/p>\n<table id=\"detail\">\n<tbody>\n<tr>\n<td class=\"left\" valign=\"top\">Artikelnummer:<\/td>\n<td class=\"right\" valign=\"top\">1145<\/td>\n<\/tr>\n<tr>\n<td class=\"left\" valign=\"top\">Gebinde:<\/td>\n<td class=\"right\" valign=\"top\">1 l Dose Kunststoff<\/td>\n<\/tr>\n<tr>\n<td class=\"left\" valign=\"top\">Paletteninhalt:<\/td>\n<td class=\"right\" valign=\"top\">570<\/td>\n<\/tr>\n<tr>\n<td class=\"left\" valign=\"top\">VPE:<\/td>\n<td class=\"right\" valign=\"top\">6 STK<\/td>\n<\/tr>\n<tr>\n<td class=\"left\" valign=\"top\">Sprache:<\/td>\n<td class=\"right\" valign=\"top\">D &#8211; GB &#8211; I &#8211; E &#8211; P<\/td>\n<\/tr>\n<\/tbody>\n<\/table>\n<h3 class=\"detail\">Einsatzzweck<\/h3>\n<p>Kann sowohl in mechanischen Lenkungen als auch in Servolenkungen zahlreicher Mercedes-Benz- Fahrzeuge verwendet werden. Einsatz entsprechend den vorgeschriebenen Spezifikationen der Aggregat- bzw. Kfz- und Getriebehersteller.<\/p>\n<h3 class=\"detail\">Spezifikationen und Freigaben<\/h3>\n<p>Dexron II D ; MB-Freigabe 236.3<\/p>\n<p>&nbsp;<\/p>\n<p><b>LIQUI MOLY empfiehlt dieses Produkt zus\u00e4tzlich f\u00fcr Fahrzeuge bzw. Aggregate, f\u00fcr die folgende Spezifikationen oder Originalersatzteilnummern gefordert werden:<\/b><br \/>\nVW G 009 300 ; ZF TE-ML 03D ; ZF TE-ML 04D ; ZF TE-ML 09 ; ZF TE-ML 11 ; ZF TE-ML 14A ; ZF TE-ML 17C<\/p>\n<div class=\"content-row content-standalone bg-light py-5 py-lg-6 variantswitch-sku-1145\">\n<div class=\"ghs-information container fs-11\">\n<div class=\"d-grid gap-3\">\n<div class=\"text-md-center text-muted ps-md-2 pe-md-2\">\n<ul class=\"info-text m-0 p-0\">\n<li style=\"list-style-type: none;\">\n<ul class=\"info-text m-0 p-0\">\n<li>H412 Sch\u00e4dlich f\u00fcr Wasserorganismen, mit langfristiger Wirkung.<\/li>\n<\/ul>\n<\/li>\n<\/ul>\n<p>EUH208 Enth\u00e4lt 1-(tert-Dodecylthio)propan-2-ol. Kann allergische Reaktionen hervorrufen.<\/p>\n<\/div>\n<\/div>\n<\/div>\n<\/div>\n<div class=\"container\">\n<div class=\"content-tabs-wrapper content-tabs-container content-row product info detailed mage-tabs-disabled\">\n<div class=\"horizontal-scroll horizontal-scroll--fade-out\" data-limo-observe-movement=\"\">\n<ul class=\"nav content-tabs scroll-snap-x flex-nowrap\" data-limo-observe-tabs=\"\">\n<li class=\"d-inline-block nav-item px-2_5\" role=\"tablist\"><\/li>\n<\/ul>\n<\/div>\n<\/div>\n<\/div>\n<p>Wenn Sie Fragen rund um die Liqui Moly Produkte haben sollten, z\u00f6gern Sie nicht und kontaktieren Sie uns. Gerne stehen wir Ihnen jederzeit gerne zur Verf\u00fcgung.<\/p>\n","protected":false},"excerpt":{"rendered":"<p>Lenkgetriebe-\u00d6l 3100 Mineralisches Hydraulik\u00f6l, das speziell nach den h\u00f6chsten Anforderungen von Mercedes-Benz gem\u00e4\u00df der Norm MB-Freigabe 236.3 entwickelt wurde. Bietet eine hohe thermische Stabilit\u00e4t und sorgt somit f\u00fcr eine optimale Alterungsbest\u00e4ndigkeit. Maximaler Verschlei\u00dfschutz und g\u00fcnstiges Reibverhalten. Verf\u00fcgt \u00fcber ein ausgezeichnetes Tieftemperaturverhalten. Mit erh\u00f6htem Anteil an Korrosionsschutzkomponenten. Artikelnummer: 1145 Gebinde: 1 l Dose Kunststoff Paletteninhalt: 570 [&hellip;]<\/p>\n","protected":false},"featured_media":23771,"comment_status":"closed","ping_status":"closed","template":"","meta":[],"class_list":["post-23770","product","type-product","status-publish","has-post-thumbnail","hentry","product_cat-automatik-zentralhydraulik-lenkgetriebeoele","product_cat-schmierstoffe"],"_links":{"self":[{"href":"https:\/\/www.liqui-moly-shop.ch\/index.php\/wp-json\/wp\/v2\/product\/23770","targetHints":{"allow":["GET"]}}],"collection":[{"href":"https:\/\/www.liqui-moly-shop.ch\/index.php\/wp-json\/wp\/v2\/product"}],"about":[{"href":"https:\/\/www.liqui-moly-shop.ch\/index.php\/wp-json\/wp\/v2\/types\/product"}],"replies":[{"embeddable":true,"href":"https:\/\/www.liqui-moly-shop.ch\/index.php\/wp-json\/wp\/v2\/comments?post=23770"}],"wp:featuredmedia":[{"embeddable":true,"href":"https:\/\/www.liqui-moly-shop.ch\/index.php\/wp-json\/wp\/v2\/media\/23771"}],"wp:attachment":[{"href":"https:\/\/www.liqui-moly-shop.ch\/index.php\/wp-json\/wp\/v2\/media?parent=23770"}],"curies":[{"name":"wp","href":"https:\/\/api.w.org\/{rel}","templated":true}]}}