{"id":23773,"date":"2018-07-17T00:00:00","date_gmt":"2018-07-17T00:00:00","guid":{"rendered":"https:\/\/dev.liqui-moly-shop.ch\/index.php\/product\/top-tec-atf-1200\/"},"modified":"2023-10-11T09:08:43","modified_gmt":"2023-10-11T09:08:43","slug":"top-tec-atf-1200","status":"publish","type":"product","link":"https:\/\/www.liqui-moly-shop.ch\/index.php\/product\/top-tec-atf-1200\/","title":{"rendered":"Top Tec ATF 1200"},"content":{"rendered":"<h3>Top Tec ATF 1200<\/h3>\n<p>Synthesetechnologie-Automatikgetriebe\u00f6l der neuesten Generation. Verhindert die Bildung st\u00f6render Ablagerungen. Durch maximale Getriebeleistung und hohe Leistungsreserve schneller und sicherer ans Ziel kommen. \u00dcbertrifft die h\u00f6chsten Testanforderungen namhafter Fahrzeughersteller. Sorgt f\u00fcr ein exaktes Reibverhalten und gew\u00e4hrleistet eine hervorragende Alterungsbest\u00e4ndigkeit. H\u00f6chste Schmiersicherheit unter allen Betriebsbedingungen. Sichert die Funktionsf\u00e4higkeit der Aggregate und sorgt f\u00fcr eine lange Lebensdauer. Mit modernster Verschlei\u00dfschutztechnologie.<\/p>\n<p><!-- --><\/p>\n<table id=\"detail\">\n<tbody>\n<tr>\n<td class=\"left\" valign=\"top\">Artikelnummer:<\/td>\n<td class=\"right\" valign=\"top\">3680<\/td>\n<\/tr>\n<tr>\n<td class=\"left\" valign=\"top\">Gebinde:<\/td>\n<td class=\"right\" valign=\"top\">500 ml Dose Kunststoff<\/td>\n<\/tr>\n<tr>\n<td class=\"left\" valign=\"top\">Paletteninhalt:<\/td>\n<td class=\"right\" valign=\"top\">840<\/td>\n<\/tr>\n<tr>\n<td class=\"left\" valign=\"top\">VPE:<\/td>\n<td class=\"right\" valign=\"top\">6 STK<\/td>\n<\/tr>\n<tr>\n<td class=\"left\" valign=\"top\">Sprache:<\/td>\n<td class=\"right\" valign=\"top\">D &#8211; GB &#8211; I &#8211; E &#8211; P<\/td>\n<\/tr>\n<\/tbody>\n<\/table>\n<h3 class=\"detail\">Einsatzzweck<\/h3>\n<p>F\u00fcr Automatikgetriebe, Handschaltgetriebe, Lenkungssysteme, Hydrauliken und Nebenantriebe sowohl im Pkw als auch im Nutzfahrzeugbereich. Einsatz entsprechend den vorgeschriebenen Spezifikationen der Aggregat- bzw. Kfz- und Getriebehersteller.<\/p>\n<h3 class=\"detail\">Spezifikationen und Freigaben<\/h3>\n<p>Allison C4 ; Dexron III H ; Ford Mercon V ; Honda ATF Z1 (ausser CVT) ; Hyundai SP II ; Hyundai SP III ; JASO 1-A ; Kia SP-II ; Kia SP-III ; Mazda ATF M III ; Mazda ATF M-V ; Mitsubishi SP-II ; Mitsubishi SP-III ; Nissan AT-Matic D Fluid ; Nissan AT-Matic J Fluid ; Nissan AT-Matic K Fluid ; Toyota Type T-II ; Toyota Type T-IV<\/p>\n<p>&nbsp;<\/p>\n<p><b>LIQUI MOLY empfiehlt dieses Produkt zus\u00e4tzlich f\u00fcr Fahrzeuge bzw. Aggregate, f\u00fcr die folgende Spezifikationen oder Originalersatzteilnummern gefordert werden:<\/b><br \/>\nAllison TES 295 ; BMW 7045 E ; BMW 8072 B ; BMW LA 2634 ; BMW LT 71141 ; Caterpillar TO-2 ; Chrysler ATF +3 ; Chrysler ATF +4 ; Daimler NAG-1 ; JWS 3309 (Aisin Warner) ; MAN 339 Typ V1 ; MAN 339 Typ Z1 ; MAN 339 Typ Z2 ; MB 236.2 ; MB 236.3 ; MB 236.5 ; MB 236.6 ; MB 236.7 ; MB 236.9 ; MB 236.10 ; MB 236.11 ; Subaru ATF ; Voith H55.6335.XX (G 607) ; Volvo 97340 ; Volvo 97341 ; VW G 052 162 ; VW G 052 990 ; VW G 055 025 ; ZF TE-ML 02F ; ZF TE-ML 03D ; ZF TE-ML 04D ; ZF TE-ML 05L ; ZF TE-ML 09 ; ZF TE-ML 11A ; ZF TE-ML 11B ; ZF TE-ML 14A ; ZF TE-ML 14B ; ZF TE-ML 17C<\/p>\n<div class=\"content-row content-standalone bg-light py-5 py-lg-6 variantswitch-sku-3680\">\n<div class=\"ghs-information container fs-11\">\n<div class=\"d-grid gap-3\">\n<div class=\"text-md-center text-muted ps-md-2 pe-md-2\">\n<ul class=\"info-text m-0 p-0\">\n<li>H412 Sch\u00e4dlich f\u00fcr Wasserorganismen, mit langfristiger Wirkung.<\/li>\n<li>EUH210 Sicherheitsdatenblatt auf Anfrage erh\u00e4ltlich.<\/li>\n<\/ul>\n<\/div>\n<\/div>\n<\/div>\n<\/div>\n<div class=\"container\">\n<div class=\"content-tabs-wrapper content-tabs-container content-row product info detailed mage-tabs-disabled\">\n<div class=\"horizontal-scroll horizontal-scroll--fade-out\" data-limo-observe-movement=\"\"><\/div>\n<\/div>\n<\/div>\n<p>Wenn Sie Fragen rund um die Liqui Moly Produkte haben sollten, z\u00f6gern Sie nicht und kontaktieren Sie uns. Gerne stehen wir Ihnen jederzeit gerne zur Verf\u00fcgung.<\/p>\n","protected":false},"excerpt":{"rendered":"<p>Top Tec ATF 1200 Synthesetechnologie-Automatikgetriebe\u00f6l der neuesten Generation. Verhindert die Bildung st\u00f6render Ablagerungen. Durch maximale Getriebeleistung und hohe Leistungsreserve schneller und sicherer ans Ziel kommen. \u00dcbertrifft die h\u00f6chsten Testanforderungen namhafter Fahrzeughersteller. Sorgt f\u00fcr ein exaktes Reibverhalten und gew\u00e4hrleistet eine hervorragende Alterungsbest\u00e4ndigkeit. H\u00f6chste Schmiersicherheit unter allen Betriebsbedingungen. Sichert die Funktionsf\u00e4higkeit der Aggregate und sorgt f\u00fcr eine [&hellip;]<\/p>\n","protected":false},"featured_media":23774,"comment_status":"closed","ping_status":"closed","template":"","meta":[],"class_list":["post-23773","product","type-product","status-publish","has-post-thumbnail","hentry","product_cat-automatik-zentralhydraulik-lenkgetriebeoele","product_cat-schmierstoffe"],"_links":{"self":[{"href":"https:\/\/www.liqui-moly-shop.ch\/index.php\/wp-json\/wp\/v2\/product\/23773","targetHints":{"allow":["GET"]}}],"collection":[{"href":"https:\/\/www.liqui-moly-shop.ch\/index.php\/wp-json\/wp\/v2\/product"}],"about":[{"href":"https:\/\/www.liqui-moly-shop.ch\/index.php\/wp-json\/wp\/v2\/types\/product"}],"replies":[{"embeddable":true,"href":"https:\/\/www.liqui-moly-shop.ch\/index.php\/wp-json\/wp\/v2\/comments?post=23773"}],"wp:featuredmedia":[{"embeddable":true,"href":"https:\/\/www.liqui-moly-shop.ch\/index.php\/wp-json\/wp\/v2\/media\/23774"}],"wp:attachment":[{"href":"https:\/\/www.liqui-moly-shop.ch\/index.php\/wp-json\/wp\/v2\/media?parent=23773"}],"curies":[{"name":"wp","href":"https:\/\/api.w.org\/{rel}","templated":true}]}}