{"id":23776,"date":"2018-07-17T00:00:00","date_gmt":"2018-07-17T00:00:00","guid":{"rendered":"https:\/\/dev.liqui-moly-shop.ch\/index.php\/product\/top-tec-atf-1300\/"},"modified":"2023-10-11T09:20:24","modified_gmt":"2023-10-11T09:20:24","slug":"top-tec-atf-1300","status":"publish","type":"product","link":"https:\/\/www.liqui-moly-shop.ch\/index.php\/product\/top-tec-atf-1300\/","title":{"rendered":"Top Tec ATF 1300"},"content":{"rendered":"<h3>Top Tec ATF 1300<\/h3>\n<p>Mineralisches Automatikgetriebe\u00f6l, das nach den h\u00f6chsten Anforderungen entwickelt wurde. LIQUI MOLY empfiehlt dieses Produkt f\u00fcr Fahrzeuge und Aggregate, in denen folgende Spezifikationen gefordert werden: Ford ESW-M2C 33F\/ESW-M2C 33 G bzw. Volvo 97330. F\u00fcr Fahrzeuge mit bew\u00e4hrter Getriebetechnologie. Ausgezeichneter Verschlei\u00dfschutz und g\u00fcnstiges Reibverhalten. Bietet extrem gute Schmiereigenschaften und einen hervorragenden Korrosionsschutz. Verhindert die Schaumbildung.<\/p>\n<p><!-- --><\/p>\n<table id=\"detail\">\n<tbody>\n<tr>\n<td class=\"left\" valign=\"top\">Artikelnummer:<\/td>\n<td class=\"right\" valign=\"top\">3691<\/td>\n<\/tr>\n<tr>\n<td class=\"left\" valign=\"top\">Gebinde:<\/td>\n<td class=\"right\" valign=\"top\">1 l Dose Kunststoff<\/td>\n<\/tr>\n<tr>\n<td class=\"left\" valign=\"top\">Paletteninhalt:<\/td>\n<td class=\"right\" valign=\"top\">570<\/td>\n<\/tr>\n<tr>\n<td class=\"left\" valign=\"top\">VPE:<\/td>\n<td class=\"right\" valign=\"top\">6 STK<\/td>\n<\/tr>\n<tr>\n<td class=\"left\" valign=\"top\">Sprache:<\/td>\n<td class=\"right\" valign=\"top\">D &#8211; GB &#8211; I &#8211; E &#8211; P<\/td>\n<\/tr>\n<\/tbody>\n<\/table>\n<h3 class=\"detail\">Einsatzzweck<\/h3>\n<p>Speziell entwickelt f\u00fcr Automatik- und Lenkgetriebe in Ford-Fahrzeugen der \u00e4lteren Generation. Einsatz entsprechend den vorgeschriebenen Spezifikationen der Aggregat- bzw. Kfz- und Getriebehersteller.<\/p>\n<h3 class=\"detail\">Spezifikationen und Freigaben<\/h3>\n<p>Ford ESW-M2C 33-F ; Ford ESW-M2C 33-G<\/p>\n<p>&nbsp;<\/p>\n<p><b>LIQUI MOLY empfiehlt dieses Produkt zus\u00e4tzlich f\u00fcr Fahrzeuge bzw. Aggregate, f\u00fcr die folgende Spezifikationen oder Originalersatzteilnummern gefordert werden:<\/b><br \/>\nVolvo 97330<\/p>\n<div class=\"content-row content-standalone bg-light py-5 py-lg-6 variantswitch-sku-3691\">\n<div class=\"ghs-information container fs-11\">\n<div class=\"d-grid gap-3\">\n<div class=\"text-md-center text-muted ps-md-2 pe-md-2\">\n<ul class=\"info-text m-0 p-0\">\n<li>EUH210 Sicherheitsdatenblatt auf Anfrage erh\u00e4ltlich<\/li>\n<\/ul>\n<\/div>\n<\/div>\n<\/div>\n<\/div>\n<div class=\"container\">\n<div class=\"content-tabs-wrapper content-tabs-container content-row product info detailed mage-tabs-disabled\">\n<div class=\"horizontal-scroll horizontal-scroll--fade-out\" data-limo-observe-movement=\"\"><\/div>\n<\/div>\n<\/div>\n<p>Wenn Sie Fragen rund um die Liqui Moly Produkte haben sollten, z\u00f6gern Sie nicht und kontaktieren Sie uns. Gerne stehen wir Ihnen jederzeit gerne zur Verf\u00fcgung.<\/p>\n","protected":false},"excerpt":{"rendered":"<p>Top Tec ATF 1300 Mineralisches Automatikgetriebe\u00f6l, das nach den h\u00f6chsten Anforderungen entwickelt wurde. LIQUI MOLY empfiehlt dieses Produkt f\u00fcr Fahrzeuge und Aggregate, in denen folgende Spezifikationen gefordert werden: Ford ESW-M2C 33F\/ESW-M2C 33 G bzw. Volvo 97330. F\u00fcr Fahrzeuge mit bew\u00e4hrter Getriebetechnologie. Ausgezeichneter Verschlei\u00dfschutz und g\u00fcnstiges Reibverhalten. Bietet extrem gute Schmiereigenschaften und einen hervorragenden Korrosionsschutz. Verhindert [&hellip;]<\/p>\n","protected":false},"featured_media":23777,"comment_status":"closed","ping_status":"closed","template":"","meta":[],"class_list":["post-23776","product","type-product","status-publish","has-post-thumbnail","hentry","product_cat-automatik-zentralhydraulik-lenkgetriebeoele","product_cat-schmierstoffe"],"_links":{"self":[{"href":"https:\/\/www.liqui-moly-shop.ch\/index.php\/wp-json\/wp\/v2\/product\/23776","targetHints":{"allow":["GET"]}}],"collection":[{"href":"https:\/\/www.liqui-moly-shop.ch\/index.php\/wp-json\/wp\/v2\/product"}],"about":[{"href":"https:\/\/www.liqui-moly-shop.ch\/index.php\/wp-json\/wp\/v2\/types\/product"}],"replies":[{"embeddable":true,"href":"https:\/\/www.liqui-moly-shop.ch\/index.php\/wp-json\/wp\/v2\/comments?post=23776"}],"wp:featuredmedia":[{"embeddable":true,"href":"https:\/\/www.liqui-moly-shop.ch\/index.php\/wp-json\/wp\/v2\/media\/23777"}],"wp:attachment":[{"href":"https:\/\/www.liqui-moly-shop.ch\/index.php\/wp-json\/wp\/v2\/media?parent=23776"}],"curies":[{"name":"wp","href":"https:\/\/api.w.org\/{rel}","templated":true}]}}