{"id":23779,"date":"2018-07-17T00:00:00","date_gmt":"2018-07-17T00:00:00","guid":{"rendered":"https:\/\/dev.liqui-moly-shop.ch\/index.php\/product\/top-tec-atf-1400\/"},"modified":"2023-10-11T09:25:28","modified_gmt":"2023-10-11T09:25:28","slug":"top-tec-atf-1400","status":"publish","type":"product","link":"https:\/\/www.liqui-moly-shop.ch\/index.php\/product\/top-tec-atf-1400\/","title":{"rendered":"Top Tec ATF 1400"},"content":{"rendered":"<h3>Top Tec ATF 1400<\/h3>\n<p>Synthesetechnologie-Automatikgetriebe\u00f6l der neuesten Generation mit extrem hoher Leistungsreserve. Verhindert die Bildung st\u00f6render Ablagerungen und erh\u00e4lt dauerhaft die volle Getriebeleistung. Sorgt f\u00fcr ein optimales Reibverhalten und gew\u00e4hrleistet eine hervorragende Alterungsbest\u00e4ndigkeit. Sichert die Funktionsf\u00e4higkeit der Aggregate und sorgt f\u00fcr eine maximale Lebensdauer. \u00dcbertrifft die h\u00f6chsten Anforderungen namhafter Fahrzeug- und Aggregathersteller.<\/p>\n<p><!-- --><\/p>\n<table id=\"detail\">\n<tbody>\n<tr>\n<td class=\"left\" valign=\"top\">Artikelnummer:<\/td>\n<td class=\"right\" valign=\"top\">3662<\/td>\n<\/tr>\n<tr>\n<td class=\"left\" valign=\"top\">Gebinde:<\/td>\n<td class=\"right\" valign=\"top\">1 l Dose Kunststoff<\/td>\n<\/tr>\n<tr>\n<td class=\"left\" valign=\"top\">Paletteninhalt:<\/td>\n<td class=\"right\" valign=\"top\">570<\/td>\n<\/tr>\n<tr>\n<td class=\"left\" valign=\"top\">VPE:<\/td>\n<td class=\"right\" valign=\"top\">6 STK<\/td>\n<\/tr>\n<tr>\n<td class=\"left\" valign=\"top\">Sprache:<\/td>\n<td class=\"right\" valign=\"top\">D &#8211; GB &#8211; I &#8211; E &#8211; P<\/td>\n<\/tr>\n<\/tbody>\n<\/table>\n<h3 class=\"detail\">Einsatzzweck<\/h3>\n<p>F\u00fcr CVT-Getriebe der neuesten Generation mit Schubgliederband oder Traktionsketten aus Stahl. Erprobt und bew\u00e4hrt in Mercedes-Benz A- und B-Klasse, in Audi-Multitronic-Getrieben sowie weiteren zahlreichen Fahrzeugen. Die Vorschriften der Fahrzeug- bzw. Aggregathersteller sind zu beachten.<\/p>\n<h3 class=\"detail\">Spezifikationen und Freigaben<\/h3>\n<p>&nbsp;<\/p>\n<p><b>LIQUI MOLY empfiehlt dieses Produkt zus\u00e4tzlich f\u00fcr Fahrzeuge bzw. Aggregate, f\u00fcr die folgende Spezifikationen oder Originalersatzteilnummern gefordert werden:<\/b><br \/>\nDodge CVTF+4 ; Dodge NS-2 ; Ford CVT23 ; Ford CVT30 ; Ford Mercon C ; GM\/Saturn DEX-CVT ; Honda HCF2 ; Honda HMMF ; Hyundai SP-CVT 1 ; Jeep CVTF+4 ; Jeep NS-2 ; Kia SP-CVT 1 ; MB 236.20 ; Mini Cooper (EZL 7\/99) ; Mitsubishi CVTF-J1 ; Mitsubishi CVTF-J4 ; Nissan CVT NS-2 Fluid ; Nissan CVT NS-3 Fluid ; Subaru Lineartronic CVTF ; Subaru NS-2 ; Suzuki CVT Green1 ; Suzuki NS-2 ; Suzuki TC ; Toyota CVTF FE ; Toyota TC ; VW G 052 180 ; VW G 052 516<\/p>\n<div class=\"content-row content-standalone bg-light py-5 py-lg-6 variantswitch-sku-3662\">\n<div class=\"ghs-information container fs-11\">\n<div class=\"d-grid gap-3\">\n<div class=\"text-md-center text-muted ps-md-2 pe-md-2\">\n<ul class=\"info-text m-0 p-0\">\n<li>EUH210 Sicherheitsdatenblatt auf Anfrage erh\u00e4ltlich.<\/li>\n<\/ul>\n<\/div>\n<\/div>\n<\/div>\n<\/div>\n<div class=\"container\">\n<div class=\"content-tabs-wrapper content-tabs-container content-row product info detailed mage-tabs-disabled\">\n<div class=\"horizontal-scroll horizontal-scroll--fade-out\" data-limo-observe-movement=\"\"><\/div>\n<\/div>\n<\/div>\n<p>Wenn Sie Fragen rund um die Liqui Moly Produkte haben sollten, z\u00f6gern Sie nicht und kontaktieren Sie uns. Gerne stehen wir Ihnen jederzeit gerne zur Verf\u00fcgung.<\/p>\n","protected":false},"excerpt":{"rendered":"<p>Top Tec ATF 1400 Synthesetechnologie-Automatikgetriebe\u00f6l der neuesten Generation mit extrem hoher Leistungsreserve. Verhindert die Bildung st\u00f6render Ablagerungen und erh\u00e4lt dauerhaft die volle Getriebeleistung. Sorgt f\u00fcr ein optimales Reibverhalten und gew\u00e4hrleistet eine hervorragende Alterungsbest\u00e4ndigkeit. Sichert die Funktionsf\u00e4higkeit der Aggregate und sorgt f\u00fcr eine maximale Lebensdauer. \u00dcbertrifft die h\u00f6chsten Anforderungen namhafter Fahrzeug- und Aggregathersteller. Artikelnummer: 3662 Gebinde: [&hellip;]<\/p>\n","protected":false},"featured_media":23780,"comment_status":"closed","ping_status":"closed","template":"","meta":[],"class_list":["post-23779","product","type-product","status-publish","has-post-thumbnail","hentry","product_cat-automatik-zentralhydraulik-lenkgetriebeoele","product_cat-schmierstoffe"],"_links":{"self":[{"href":"https:\/\/www.liqui-moly-shop.ch\/index.php\/wp-json\/wp\/v2\/product\/23779","targetHints":{"allow":["GET"]}}],"collection":[{"href":"https:\/\/www.liqui-moly-shop.ch\/index.php\/wp-json\/wp\/v2\/product"}],"about":[{"href":"https:\/\/www.liqui-moly-shop.ch\/index.php\/wp-json\/wp\/v2\/types\/product"}],"replies":[{"embeddable":true,"href":"https:\/\/www.liqui-moly-shop.ch\/index.php\/wp-json\/wp\/v2\/comments?post=23779"}],"wp:featuredmedia":[{"embeddable":true,"href":"https:\/\/www.liqui-moly-shop.ch\/index.php\/wp-json\/wp\/v2\/media\/23780"}],"wp:attachment":[{"href":"https:\/\/www.liqui-moly-shop.ch\/index.php\/wp-json\/wp\/v2\/media?parent=23779"}],"curies":[{"name":"wp","href":"https:\/\/api.w.org\/{rel}","templated":true}]}}