{"id":23782,"date":"2018-07-17T00:00:00","date_gmt":"2018-07-17T00:00:00","guid":{"rendered":"https:\/\/dev.liqui-moly-shop.ch\/index.php\/product\/top-tec-atf-1600\/"},"modified":"2023-10-11T09:38:42","modified_gmt":"2023-10-11T09:38:42","slug":"top-tec-atf-1600","status":"publish","type":"product","link":"https:\/\/www.liqui-moly-shop.ch\/index.php\/product\/top-tec-atf-1600\/","title":{"rendered":"Top Tec ATF 1600"},"content":{"rendered":"<h3>Top Tec ATF 1600<\/h3>\n<p>Synthesetechnologie-Automatikgetriebe\u00f6l der neuesten Generation. Mit extrem hoher Leistungsreserve. Ausgezeichnete Alterungsstabilit\u00e4t. Sichert maximale Getriebeleistung. Sorgt f\u00fcr ein optimales Reibverhalten und gew\u00e4hrleistet eine hervorragende Alterungsbest\u00e4ndigkeit. Bietet selbst bei schwersten Betriebsbedingungen und gro\u00dfen Temperaturschwankungen ein einwandfreies Funktionieren der Fl\u00fcssigkeitsgetriebe. Speziell geeignet bei Schaltschwierigkeiten. Mit verbesserter Formel f\u00fcr lange Getriebelebensdauer. Erm\u00f6glicht extrem lange \u00d6lwechselintervalle.<\/p>\n<p><!-- --><\/p>\n<table id=\"detail\">\n<tbody>\n<tr>\n<td class=\"left\" valign=\"top\">Artikelnummer:<\/td>\n<td class=\"right\" valign=\"top\">3659<\/td>\n<\/tr>\n<tr>\n<td class=\"left\" valign=\"top\">Gebinde:<\/td>\n<td class=\"right\" valign=\"top\">1 l Dose Kunststoff<\/td>\n<\/tr>\n<tr>\n<td class=\"left\" valign=\"top\">Paletteninhalt:<\/td>\n<td class=\"right\" valign=\"top\">570<\/td>\n<\/tr>\n<tr>\n<td class=\"left\" valign=\"top\">VPE:<\/td>\n<td class=\"right\" valign=\"top\">6 STK<\/td>\n<\/tr>\n<tr>\n<td class=\"left\" valign=\"top\">Sprache:<\/td>\n<td class=\"right\" valign=\"top\">D &#8211; GB &#8211; I &#8211; E &#8211; P<\/td>\n<\/tr>\n<\/tbody>\n<\/table>\n<h3 class=\"detail\">Einsatzzweck<\/h3>\n<p>Entwickelt f\u00fcr die neue Generation der Mercedes-Benz 7-Stufen- Automatikgetriebe und r\u00fcckw\u00e4rtskompatibel zu \u00e4lteren Mercedes-Benz 5-Stufen-Automatikgetrieben. Die Vorschriften der Fahrzeug- bzw. Aggregathersteller sind zu beachten.<\/p>\n<h3 class=\"detail\">Spezifikationen und Freigaben<\/h3>\n<p>MB-Freigabe 236.14<\/p>\n<p>&nbsp;<\/p>\n<p><b>LIQUI MOLY empfiehlt dieses Produkt zus\u00e4tzlich f\u00fcr Fahrzeuge bzw. Aggregate, f\u00fcr die folgende Spezifikationen oder Originalersatzteilnummern gefordert werden:<\/b><br \/>\nMB 236.12<\/p>\n<div class=\"content-row content-standalone bg-light py-5 py-lg-6 variantswitch-sku-3659\">\n<div class=\"ghs-information container fs-11\">\n<div class=\"d-grid gap-3\">\n<div class=\"text-md-center text-muted ps-md-2 pe-md-2\">\n<ul class=\"info-text m-0 p-0\">\n<li>EUH210 Sicherheitsdatenblatt auf Anfrage erh\u00e4ltlich<\/li>\n<\/ul>\n<\/div>\n<\/div>\n<\/div>\n<\/div>\n<div class=\"container\">\n<div class=\"content-tabs-wrapper content-tabs-container content-row product info detailed mage-tabs-disabled\">\n<div class=\"horizontal-scroll horizontal-scroll--fade-out\" data-limo-observe-movement=\"\"><\/div>\n<\/div>\n<\/div>\n<p>Wenn Sie Fragen rund um die Liqui Moly Produkte haben sollten, z\u00f6gern Sie nicht und kontaktieren Sie uns. Gerne stehen wir Ihnen jederzeit gerne zur Verf\u00fcgung.<\/p>\n","protected":false},"excerpt":{"rendered":"<p>Top Tec ATF 1600 Synthesetechnologie-Automatikgetriebe\u00f6l der neuesten Generation. Mit extrem hoher Leistungsreserve. Ausgezeichnete Alterungsstabilit\u00e4t. Sichert maximale Getriebeleistung. Sorgt f\u00fcr ein optimales Reibverhalten und gew\u00e4hrleistet eine hervorragende Alterungsbest\u00e4ndigkeit. Bietet selbst bei schwersten Betriebsbedingungen und gro\u00dfen Temperaturschwankungen ein einwandfreies Funktionieren der Fl\u00fcssigkeitsgetriebe. Speziell geeignet bei Schaltschwierigkeiten. Mit verbesserter Formel f\u00fcr lange Getriebelebensdauer. Erm\u00f6glicht extrem lange \u00d6lwechselintervalle. Artikelnummer: [&hellip;]<\/p>\n","protected":false},"featured_media":23783,"comment_status":"closed","ping_status":"closed","template":"","meta":[],"class_list":["post-23782","product","type-product","status-publish","has-post-thumbnail","hentry","product_cat-automatik-zentralhydraulik-lenkgetriebeoele","product_cat-schmierstoffe"],"_links":{"self":[{"href":"https:\/\/www.liqui-moly-shop.ch\/index.php\/wp-json\/wp\/v2\/product\/23782","targetHints":{"allow":["GET"]}}],"collection":[{"href":"https:\/\/www.liqui-moly-shop.ch\/index.php\/wp-json\/wp\/v2\/product"}],"about":[{"href":"https:\/\/www.liqui-moly-shop.ch\/index.php\/wp-json\/wp\/v2\/types\/product"}],"replies":[{"embeddable":true,"href":"https:\/\/www.liqui-moly-shop.ch\/index.php\/wp-json\/wp\/v2\/comments?post=23782"}],"wp:featuredmedia":[{"embeddable":true,"href":"https:\/\/www.liqui-moly-shop.ch\/index.php\/wp-json\/wp\/v2\/media\/23783"}],"wp:attachment":[{"href":"https:\/\/www.liqui-moly-shop.ch\/index.php\/wp-json\/wp\/v2\/media?parent=23782"}],"curies":[{"name":"wp","href":"https:\/\/api.w.org\/{rel}","templated":true}]}}