{"id":23788,"date":"2018-07-17T00:00:00","date_gmt":"2018-07-17T00:00:00","guid":{"rendered":"https:\/\/dev.liqui-moly-shop.ch\/index.php\/product\/top-tec-atf-1800\/"},"modified":"2023-10-11T09:50:45","modified_gmt":"2023-10-11T09:50:45","slug":"top-tec-atf-1800","status":"publish","type":"product","link":"https:\/\/www.liqui-moly-shop.ch\/index.php\/product\/top-tec-atf-1800\/","title":{"rendered":"Top Tec ATF 1800"},"content":{"rendered":"<h3>Top Tec ATF 1800<\/h3>\n<p>Niedrigviskoses Hochleistungs-Automatikgetriebe\u00f6l der neuen Generation auf Basis Synthesetechnologie. Mit modernen, leistungsstarken Additivkomponenten. Gew\u00e4hrleistet hervorragende Alterungs- und Oxidationsstabilit\u00e4t sowie optimales Schalten unter allen Betriebsbedingungen\u00a0durch seinen extrem hohen Viskosit\u00e4tsindex. Erm\u00f6glicht lange Wechselintervalle.<\/p>\n<p><!-- --><\/p>\n<table id=\"detail\">\n<tbody>\n<tr>\n<td class=\"left\" valign=\"top\">Artikelnummer:<\/td>\n<td class=\"right\" valign=\"top\">3687<\/td>\n<\/tr>\n<tr>\n<td class=\"left\" valign=\"top\">Gebinde:<\/td>\n<td class=\"right\" valign=\"top\">1 l Dose Kunststoff<\/td>\n<\/tr>\n<tr>\n<td class=\"left\" valign=\"top\">Paletteninhalt:<\/td>\n<td class=\"right\" valign=\"top\">570<\/td>\n<\/tr>\n<tr>\n<td class=\"left\" valign=\"top\">VPE:<\/td>\n<td class=\"right\" valign=\"top\">6 STK<\/td>\n<\/tr>\n<tr>\n<td class=\"left\" valign=\"top\">Sprache:<\/td>\n<td class=\"right\" valign=\"top\">D &#8211; GB &#8211; I &#8211; E &#8211; P<\/td>\n<\/tr>\n<\/tbody>\n<\/table>\n<h3 class=\"detail\">Einsatzzweck<\/h3>\n<p>F\u00fcr Automatikgetriebe der Typen ZF 6HP19\/26\/32 und ZF 8HP 45\/55\/70\/90, die in verschiedenen Audi-, BMW-, Jaguar-, Land Rover- und Porsche-Fahrzeugen etc. verbaut sind. Erf\u00fcllt weitere Spezifikationen, wodurch die Fahrzeugabdeckung nochmals deutlich erh\u00f6ht wird. Die Spezifikationen und Vorschriften der Aggregat- bzw. Fahrzeughersteller sind zu beachten!<\/p>\n<h3 class=\"detail\">Spezifikationen und Freigaben<\/h3>\n<p>Dexron VI ; Ford Mercon LV<\/p>\n<p>&nbsp;<\/p>\n<p><b>LIQUI MOLY empfiehlt dieses Produkt zus\u00e4tzlich f\u00fcr Fahrzeuge bzw. Aggregate, f\u00fcr die folgende Spezifikationen oder Originalersatzteilnummern gefordert werden:<\/b><br \/>\nAisin Warner AW-1 ; BMW 83 22 0 142 516 ; BMW 83 22 2 152 426 ; BMW 83 22 2 289 720 ; BMW 83 22 2 305 396 ; BMW 83 22 2 305 397 ; BMW M-1375.4 ; Fiat 9.55550-AV5 ; JWS 3324 (Aisin Warner) ; Land Rover TYK 500050 ; Honda ATF 3.1 ; Honda ATF DW-1 ; Hyundai SP IV ; Mazda ATF FZ ; Mitsubishi Dia Queen ATF-PA ; Nissan AT-Matic S Fluid ; Toyota WS ; VW G 055 005 ; VW G 055 540 ; VW G 060 162<\/p>\n<div class=\"content-row content-standalone bg-light py-5 py-lg-6 variantswitch-sku-3687\">\n<div class=\"ghs-information container fs-11\">\n<div class=\"d-grid gap-3\">\n<div class=\"text-md-center text-muted ps-md-2 pe-md-2\">\n<ul class=\"info-text m-0 p-0\">\n<li>EUH210 Sicherheitsdatenblatt auf Anfrage erh\u00e4ltlich<\/li>\n<\/ul>\n<\/div>\n<\/div>\n<\/div>\n<\/div>\n<div class=\"container\">\n<div class=\"content-tabs-wrapper content-tabs-container content-row product info detailed mage-tabs-disabled\">\n<div class=\"horizontal-scroll horizontal-scroll--fade-out\" data-limo-observe-movement=\"\"><\/div>\n<\/div>\n<\/div>\n<p>Wenn Sie Fragen rund um die Liqui Moly Produkte haben sollten, z\u00f6gern Sie nicht und kontaktieren Sie uns. Gerne stehen wir Ihnen jederzeit gerne zur Verf\u00fcgung.<\/p>\n","protected":false},"excerpt":{"rendered":"<p>Top Tec ATF 1800 Niedrigviskoses Hochleistungs-Automatikgetriebe\u00f6l der neuen Generation auf Basis Synthesetechnologie. Mit modernen, leistungsstarken Additivkomponenten. Gew\u00e4hrleistet hervorragende Alterungs- und Oxidationsstabilit\u00e4t sowie optimales Schalten unter allen Betriebsbedingungen\u00a0durch seinen extrem hohen Viskosit\u00e4tsindex. Erm\u00f6glicht lange Wechselintervalle. Artikelnummer: 3687 Gebinde: 1 l Dose Kunststoff Paletteninhalt: 570 VPE: 6 STK Sprache: D &#8211; GB &#8211; I &#8211; E &#8211; [&hellip;]<\/p>\n","protected":false},"featured_media":23789,"comment_status":"closed","ping_status":"closed","template":"","meta":[],"class_list":["post-23788","product","type-product","status-publish","has-post-thumbnail","hentry","product_cat-automatik-zentralhydraulik-lenkgetriebeoele","product_cat-schmierstoffe"],"_links":{"self":[{"href":"https:\/\/www.liqui-moly-shop.ch\/index.php\/wp-json\/wp\/v2\/product\/23788","targetHints":{"allow":["GET"]}}],"collection":[{"href":"https:\/\/www.liqui-moly-shop.ch\/index.php\/wp-json\/wp\/v2\/product"}],"about":[{"href":"https:\/\/www.liqui-moly-shop.ch\/index.php\/wp-json\/wp\/v2\/types\/product"}],"replies":[{"embeddable":true,"href":"https:\/\/www.liqui-moly-shop.ch\/index.php\/wp-json\/wp\/v2\/comments?post=23788"}],"wp:featuredmedia":[{"embeddable":true,"href":"https:\/\/www.liqui-moly-shop.ch\/index.php\/wp-json\/wp\/v2\/media\/23789"}],"wp:attachment":[{"href":"https:\/\/www.liqui-moly-shop.ch\/index.php\/wp-json\/wp\/v2\/media?parent=23788"}],"curies":[{"name":"wp","href":"https:\/\/api.w.org\/{rel}","templated":true}]}}