{"id":23805,"date":"2018-07-17T00:00:00","date_gmt":"2018-07-17T00:00:00","guid":{"rendered":"https:\/\/dev.liqui-moly-shop.ch\/index.php\/product\/zentralhydraulik-oel-2400\/"},"modified":"2023-10-11T12:03:47","modified_gmt":"2023-10-11T12:03:47","slug":"zentralhydraulik-oel-2400","status":"publish","type":"product","link":"https:\/\/www.liqui-moly-shop.ch\/index.php\/product\/zentralhydraulik-oel-2400\/","title":{"rendered":"Zentralhydraulik-\u00d6l 2400"},"content":{"rendered":"<h3>Zentralhydraulik-\u00d6l 2400<\/h3>\n<p>Mineralisches Zentralhydraulik\u00f6l, das nach den h\u00f6chsten Anforderungen entwickelt wurde. Bietet eine hohe thermische Stabilit\u00e4t und sorgt somit f\u00fcr eine optimale Alterungsbest\u00e4ndigkeit. Maximaler Verschlei\u00dfschutz und g\u00fcnstiges Reibverhalten. Verf\u00fcgt \u00fcber ein ausgezeichnetes Tieftemperaturverhalten. Mit erh\u00f6htem Anteil an Korrosionsschutzkomponenten.<\/p>\n<p><!-- --><\/p>\n<table id=\"detail\">\n<tbody>\n<tr>\n<td class=\"left\" valign=\"top\">Artikelnummer:<\/td>\n<td class=\"right\" valign=\"top\">3666<\/td>\n<\/tr>\n<tr>\n<td class=\"left\" valign=\"top\">Gebinde:<\/td>\n<td class=\"right\" valign=\"top\">1 l Dose Kunststoff<\/td>\n<\/tr>\n<tr>\n<td class=\"left\" valign=\"top\">Paletteninhalt:<\/td>\n<td class=\"right\" valign=\"top\">570<\/td>\n<\/tr>\n<tr>\n<td class=\"left\" valign=\"top\">VPE:<\/td>\n<td class=\"right\" valign=\"top\">6 STK<\/td>\n<\/tr>\n<tr>\n<td class=\"left\" valign=\"top\">Sprache:<\/td>\n<td class=\"right\" valign=\"top\">D &#8211; GB &#8211; I &#8211; E &#8211; P<\/td>\n<\/tr>\n<\/tbody>\n<\/table>\n<h3 class=\"detail\">Einsatzzweck<\/h3>\n<p>F\u00fcr Hydrauliken wie z. B. Niveauregulierung, hydraulische Bremsen, Lenkungssysteme etc. in Fahrzeugen des PSA-Konzerns (Peugeot und Citro\u00ebn). Mischbar mit \u00e4lteren, mineralischen LHM-Formulierungen. Ein Schmierstoff dieser Spezifikation wird zum Teil auch in Nutzfahrzeugen f\u00fcr die Hebeeinrichtungen von Schleppachsen und Fahrerhauskippeinrichtungen gefordert. Die Vorschriften der Fahrzeug- bzw. Aggregathersteller sind zu beachten.<\/p>\n<h3 class=\"detail\">Spezifikationen und Freigaben<\/h3>\n<p>ISO 7308<\/p>\n<p>&nbsp;<\/p>\n<p><b>LIQUI MOLY empfiehlt dieses Produkt zus\u00e4tzlich f\u00fcr Fahrzeuge bzw. Aggregate, f\u00fcr die folgende Spezifikationen oder Originalersatzteilnummern gefordert werden:<\/b><br \/>\nLHM-Plus ; Peugeot Citroen (PSA) B71 2710<\/p>\n<div class=\"d-flex justify-content-md-center gap-1\"><img decoding=\"async\" title=\"ghs07\" src=\"https:\/\/liquimoly.cloudimg.io\/v7\/https:\/\/www.liqui-moly.com\/static\/version1696862969\/frontend\/limo\/base\/de_DE\/images\/info\/ghs07.png\" alt=\"ghs07\" width=\"35px\" height=\"35px\" \/><img decoding=\"async\" title=\"ghs09\" src=\"https:\/\/liquimoly.cloudimg.io\/v7\/https:\/\/www.liqui-moly.com\/static\/version1696862969\/frontend\/limo\/base\/de_DE\/images\/info\/ghs09.png\" alt=\"ghs09\" width=\"35px\" height=\"35px\" \/><\/div>\n<div class=\"text-md-center text-muted ps-md-2 pe-md-2\"><strong>Achtung<\/strong><\/p>\n<ul class=\"info-text m-0 p-0\">\n<li>H315 Verursacht Hautreizungen.<\/li>\n<li>H336 Kann Schl\u00e4frigkeit und Benommenheit verursachen.<\/li>\n<li>H411 Giftig f\u00fcr Wasserorganismen, mit langfristiger Wirkung.<\/li>\n<li>EUH208 Enth\u00e4lt 1,2-Propandiol, 3-Amino-, N,N-Dikokosalkylderivate. Kann allergische Reaktionen hervorrufen.<\/li>\n<\/ul>\n<\/div>\n<p>&nbsp;<\/p>\n<p>Wenn Sie Fragen rund um die Liqui Moly Produkte haben sollten, z\u00f6gern Sie nicht und kontaktieren Sie uns. Gerne stehen wir Ihnen jederzeit gerne zur Verf\u00fcgung.<\/p>\n","protected":false},"excerpt":{"rendered":"<p>Zentralhydraulik-\u00d6l 2400 Mineralisches Zentralhydraulik\u00f6l, das nach den h\u00f6chsten Anforderungen entwickelt wurde. Bietet eine hohe thermische Stabilit\u00e4t und sorgt somit f\u00fcr eine optimale Alterungsbest\u00e4ndigkeit. Maximaler Verschlei\u00dfschutz und g\u00fcnstiges Reibverhalten. Verf\u00fcgt \u00fcber ein ausgezeichnetes Tieftemperaturverhalten. Mit erh\u00f6htem Anteil an Korrosionsschutzkomponenten. Artikelnummer: 3666 Gebinde: 1 l Dose Kunststoff Paletteninhalt: 570 VPE: 6 STK Sprache: D &#8211; GB &#8211; [&hellip;]<\/p>\n","protected":false},"featured_media":23806,"comment_status":"closed","ping_status":"closed","template":"","meta":[],"class_list":["post-23805","product","type-product","status-publish","has-post-thumbnail","hentry","product_cat-automatik-zentralhydraulik-lenkgetriebeoele","product_cat-schmierstoffe"],"_links":{"self":[{"href":"https:\/\/www.liqui-moly-shop.ch\/index.php\/wp-json\/wp\/v2\/product\/23805","targetHints":{"allow":["GET"]}}],"collection":[{"href":"https:\/\/www.liqui-moly-shop.ch\/index.php\/wp-json\/wp\/v2\/product"}],"about":[{"href":"https:\/\/www.liqui-moly-shop.ch\/index.php\/wp-json\/wp\/v2\/types\/product"}],"replies":[{"embeddable":true,"href":"https:\/\/www.liqui-moly-shop.ch\/index.php\/wp-json\/wp\/v2\/comments?post=23805"}],"wp:featuredmedia":[{"embeddable":true,"href":"https:\/\/www.liqui-moly-shop.ch\/index.php\/wp-json\/wp\/v2\/media\/23806"}],"wp:attachment":[{"href":"https:\/\/www.liqui-moly-shop.ch\/index.php\/wp-json\/wp\/v2\/media?parent=23805"}],"curies":[{"name":"wp","href":"https:\/\/api.w.org\/{rel}","templated":true}]}}