{"id":23808,"date":"2018-07-17T00:00:00","date_gmt":"2018-07-17T00:00:00","guid":{"rendered":"https:\/\/dev.liqui-moly-shop.ch\/index.php\/product\/zentralhydraulik-oel-2500\/"},"modified":"2023-10-11T12:07:17","modified_gmt":"2023-10-11T12:07:17","slug":"zentralhydraulik-oel-2500","status":"publish","type":"product","link":"https:\/\/www.liqui-moly-shop.ch\/index.php\/product\/zentralhydraulik-oel-2500\/","title":{"rendered":"Zentralhydraulik-\u00d6l 2500"},"content":{"rendered":"<h3>Zentralhydraulik-\u00d6l 2500<\/h3>\n<p>Synthetische Hydraulikfl\u00fcssigkeit mit aschefreien Additiven.\u00a0Spezielle Additive unterdr\u00fccken selbst bei h\u00f6chster Beanspruchung die Schaumneigung in Hydrauliksystemen und sch\u00fctzen das \u00d6l optimal vor fr\u00fchzeitiger Alterung. Durch den extrem niedrigen Pour-Point kann dieses Hydraulik\u00f6l selbst in Regionen mit arktischem Klima eingesetzt werden.<\/p>\n<p><!-- --><\/p>\n<table id=\"detail\">\n<tbody>\n<tr>\n<td class=\"left\" valign=\"top\">Artikelnummer:<\/td>\n<td class=\"right\" valign=\"top\">3667<\/td>\n<\/tr>\n<tr>\n<td class=\"left\" valign=\"top\">Gebinde:<\/td>\n<td class=\"right\" valign=\"top\">1 l Dose Kunststoff<\/td>\n<\/tr>\n<tr>\n<td class=\"left\" valign=\"top\">Paletteninhalt:<\/td>\n<td class=\"right\" valign=\"top\">570<\/td>\n<\/tr>\n<tr>\n<td class=\"left\" valign=\"top\">VPE:<\/td>\n<td class=\"right\" valign=\"top\">6 STK<\/td>\n<\/tr>\n<tr>\n<td class=\"left\" valign=\"top\">Sprache:<\/td>\n<td class=\"right\" valign=\"top\">D &#8211; GB &#8211; I &#8211; E &#8211; P<\/td>\n<\/tr>\n<\/tbody>\n<\/table>\n<h3 class=\"detail\">Einsatzzweck<\/h3>\n<p>F\u00fcr den Einsatz in Zentralhydrauliksystemen wie Servolenkung, Niveauregulierung, hydraulischen Bremskraftverst\u00e4rker und hydropneumatische Federung. Ein Hydraulik\u00f6l dieser Spezifikation wird in erster Linie in Fahrzeugen aus dem Hause Peugeot\/Citro\u00ebn (PSA) gefordert.<\/p>\n<h3 class=\"detail\">Spezifikationen und Freigaben<\/h3>\n<p>&nbsp;<\/p>\n<p><b>LIQUI MOLY empfiehlt dieses Produkt zus\u00e4tzlich f\u00fcr Fahrzeuge bzw. Aggregate, f\u00fcr die folgende Spezifikationen oder Originalersatzteilnummern gefordert werden:<\/b><br \/>\nLDS ; Peugeot Citroen (PSA) S71 2710<\/p>\n<div class=\"d-flex justify-content-md-center gap-1\"><img decoding=\"async\" title=\"ghs07\" src=\"https:\/\/liquimoly.cloudimg.io\/v7\/https:\/\/www.liqui-moly.com\/static\/version1696862969\/frontend\/limo\/base\/de_DE\/images\/info\/ghs07.png\" alt=\"ghs07\" width=\"35px\" height=\"35px\" \/><img decoding=\"async\" title=\"ghs08\" src=\"https:\/\/liquimoly.cloudimg.io\/v7\/https:\/\/www.liqui-moly.com\/static\/version1696862969\/frontend\/limo\/base\/de_DE\/images\/info\/ghs08.png\" alt=\"ghs08\" width=\"35px\" height=\"35px\" \/><\/div>\n<div class=\"text-md-center text-muted ps-md-2 pe-md-2\"><strong>Gefahr<\/strong><\/p>\n<ul class=\"info-text m-0 p-0\">\n<li>H304 Kann bei Verschlucken und Eindringen in die Atemwege t\u00f6dlich sein.<\/li>\n<li>H332 Gesundheitssch\u00e4dlich bei Einatmen.<\/li>\n<li>EUH208 Enth\u00e4lt Di-iso-octylaminomethyl-tolutriazol. Kann allergische Reaktionen hervorrufen.<\/li>\n<\/ul>\n<\/div>\n<p>Wenn Sie Fragen rund um die Liqui Moly Produkte haben sollten, z\u00f6gern Sie nicht und kontaktieren Sie uns. Gerne stehen wir Ihnen jederzeit gerne zur Verf\u00fcgung.<\/p>\n","protected":false},"excerpt":{"rendered":"<p>Zentralhydraulik-\u00d6l 2500 Synthetische Hydraulikfl\u00fcssigkeit mit aschefreien Additiven.\u00a0Spezielle Additive unterdr\u00fccken selbst bei h\u00f6chster Beanspruchung die Schaumneigung in Hydrauliksystemen und sch\u00fctzen das \u00d6l optimal vor fr\u00fchzeitiger Alterung. Durch den extrem niedrigen Pour-Point kann dieses Hydraulik\u00f6l selbst in Regionen mit arktischem Klima eingesetzt werden. Artikelnummer: 3667 Gebinde: 1 l Dose Kunststoff Paletteninhalt: 570 VPE: 6 STK Sprache: D [&hellip;]<\/p>\n","protected":false},"featured_media":23809,"comment_status":"closed","ping_status":"closed","template":"","meta":[],"class_list":["post-23808","product","type-product","status-publish","has-post-thumbnail","hentry","product_cat-automatik-zentralhydraulik-lenkgetriebeoele","product_cat-schmierstoffe"],"_links":{"self":[{"href":"https:\/\/www.liqui-moly-shop.ch\/index.php\/wp-json\/wp\/v2\/product\/23808","targetHints":{"allow":["GET"]}}],"collection":[{"href":"https:\/\/www.liqui-moly-shop.ch\/index.php\/wp-json\/wp\/v2\/product"}],"about":[{"href":"https:\/\/www.liqui-moly-shop.ch\/index.php\/wp-json\/wp\/v2\/types\/product"}],"replies":[{"embeddable":true,"href":"https:\/\/www.liqui-moly-shop.ch\/index.php\/wp-json\/wp\/v2\/comments?post=23808"}],"wp:featuredmedia":[{"embeddable":true,"href":"https:\/\/www.liqui-moly-shop.ch\/index.php\/wp-json\/wp\/v2\/media\/23809"}],"wp:attachment":[{"href":"https:\/\/www.liqui-moly-shop.ch\/index.php\/wp-json\/wp\/v2\/media?parent=23808"}],"curies":[{"name":"wp","href":"https:\/\/api.w.org\/{rel}","templated":true}]}}