{"id":23811,"date":"2018-07-17T00:00:00","date_gmt":"2018-07-17T00:00:00","guid":{"rendered":"https:\/\/dev.liqui-moly-shop.ch\/index.php\/product\/batterie-pol-fett\/"},"modified":"2023-10-20T08:33:16","modified_gmt":"2023-10-20T08:33:16","slug":"batterie-pol-fett","status":"publish","type":"product","link":"https:\/\/www.liqui-moly-shop.ch\/index.php\/product\/batterie-pol-fett\/","title":{"rendered":"Batterie-Pol-Fett"},"content":{"rendered":"<h3>Batterie-Pol-Fett<\/h3>\n<p>Kunststoffvertr\u00e4gliches Spezialfett auf Basis Kalkseife. Sch\u00fctzt Batteriepole und elektrische Kontakte vor Korrosion und Oxydation. F\u00fcr sicheres Starten, helle Beleuchtung und l\u00e4ngere Lebensdauer der Batterie. Verhindert S\u00e4uresch\u00e4den. Gute Vertr\u00e4glichkeit mit Kunststoffen. Verhindert Kriechstr\u00f6me und vermindert Kontaktwiderst\u00e4nde. Kennzeichnung nach DIN 51502 K2G-30. Temperatureinsatzbereich: \u2013 30\u2009\u00b0C bis + 100\u2009\u00b0C.<\/p>\n<p><!-- --><\/p>\n<table id=\"detail\">\n<tbody>\n<tr>\n<td class=\"left\" valign=\"top\">Artikelnummer:<\/td>\n<td class=\"right\" valign=\"top\">3139<\/td>\n<\/tr>\n<tr>\n<td class=\"left\" valign=\"top\">Gebinde:<\/td>\n<td class=\"right\" valign=\"top\">10 g Kissen Kunststoff<\/td>\n<\/tr>\n<tr>\n<td class=\"left\" valign=\"top\">Paletteninhalt:<\/td>\n<td class=\"right\" valign=\"top\">13000<\/td>\n<\/tr>\n<tr>\n<td class=\"left\" valign=\"top\">VPE:<\/td>\n<td class=\"right\" valign=\"top\">50 STK<\/td>\n<\/tr>\n<tr>\n<td class=\"left\" valign=\"top\">Sprache:<\/td>\n<td class=\"right\" valign=\"top\">D<\/td>\n<\/tr>\n<\/tbody>\n<\/table>\n<h3 class=\"detail\">Einsatzzweck<\/h3>\n<p>Speziell f\u00fcr Batteriepole und Anschl\u00fcsse sowie Steckverbindungen in der Fahrzeugelektronik.<\/p>\n<p>&nbsp;<\/p>\n<p>Wenn Sie Fragen rund um die Liqui Moly Produkte haben sollten, z\u00f6gern Sie nicht und kontaktieren Sie uns. Gerne stehen wir Ihnen jederzeit gerne zur Verf\u00fcgung.<\/p>\n","protected":false},"excerpt":{"rendered":"<p>Batterie-Pol-Fett Kunststoffvertr\u00e4gliches Spezialfett auf Basis Kalkseife. Sch\u00fctzt Batteriepole und elektrische Kontakte vor Korrosion und Oxydation. F\u00fcr sicheres Starten, helle Beleuchtung und l\u00e4ngere Lebensdauer der Batterie. Verhindert S\u00e4uresch\u00e4den. Gute Vertr\u00e4glichkeit mit Kunststoffen. Verhindert Kriechstr\u00f6me und vermindert Kontaktwiderst\u00e4nde. Kennzeichnung nach DIN 51502 K2G-30. Temperatureinsatzbereich: \u2013 30\u2009\u00b0C bis + 100\u2009\u00b0C. Artikelnummer: 3139 Gebinde: 10 g Kissen Kunststoff Paletteninhalt: [&hellip;]<\/p>\n","protected":false},"featured_media":23812,"comment_status":"closed","ping_status":"closed","template":"","meta":[],"class_list":["post-23811","product","type-product","status-publish","has-post-thumbnail","hentry","product_cat-batteriefette","product_cat-fette-schmierstoffe","product_cat-schmierstoffe"],"_links":{"self":[{"href":"https:\/\/www.liqui-moly-shop.ch\/index.php\/wp-json\/wp\/v2\/product\/23811","targetHints":{"allow":["GET"]}}],"collection":[{"href":"https:\/\/www.liqui-moly-shop.ch\/index.php\/wp-json\/wp\/v2\/product"}],"about":[{"href":"https:\/\/www.liqui-moly-shop.ch\/index.php\/wp-json\/wp\/v2\/types\/product"}],"replies":[{"embeddable":true,"href":"https:\/\/www.liqui-moly-shop.ch\/index.php\/wp-json\/wp\/v2\/comments?post=23811"}],"wp:featuredmedia":[{"embeddable":true,"href":"https:\/\/www.liqui-moly-shop.ch\/index.php\/wp-json\/wp\/v2\/media\/23812"}],"wp:attachment":[{"href":"https:\/\/www.liqui-moly-shop.ch\/index.php\/wp-json\/wp\/v2\/media?parent=23811"}],"curies":[{"name":"wp","href":"https:\/\/api.w.org\/{rel}","templated":true}]}}