{"id":23820,"date":"2018-07-17T00:00:00","date_gmt":"2018-07-17T00:00:00","guid":{"rendered":"https:\/\/dev.liqui-moly-shop.ch\/index.php\/product\/silicon-fett-transparent\/"},"modified":"2026-03-23T15:58:35","modified_gmt":"2026-03-23T15:58:35","slug":"silicon-fett-transparent","status":"publish","type":"product","link":"https:\/\/www.liqui-moly-shop.ch\/index.php\/product\/silicon-fett-transparent\/","title":{"rendered":"Silicon-Fett transparent"},"content":{"rendered":"<h3>Silicon-Fett transparent<\/h3>\n<p>Schmierstoff mit weit gef\u00e4chertem Einsatzbereich. Optimal f\u00fcr tiefe bis hohe Temperaturen geeignet. Ausgezeichnete Trenn- und Gleiteigenschaften, z. B. bei Metall-\/ Kunststoffpaarungen. Hohe Oxidationsbest\u00e4ndigkeit, geringe Verdampfungsneigung. Kalt- und hei\u00dfwasserbest\u00e4ndig, alterungs- und temperaturstabil, schmutzabdichtend und f\u00f6rderbar in Zentralschmieranlagen. In schwach saurem bzw. schwach basischem Bereich einsetzbar. Auch zur W\u00e4lz- und Gleitlagerschmierung mit niedrigen Lagerdr\u00fccken geeignet. Kennzeichnung nach DIN 51502 KSI2 S-40. Temperatureinsatzbereich: \u201340\u2009\u00b0C bis +200\u2009\u00b0C.<\/p>\n<p><!-- --><\/p>\n<table id=\"detail\">\n<tbody>\n<tr>\n<td class=\"left\" valign=\"top\">Artikelnummer:<\/td>\n<td class=\"right\" valign=\"top\">21521<\/td>\n<\/tr>\n<tr>\n<td class=\"left\" valign=\"top\">Gebinde:<\/td>\n<td class=\"right\" valign=\"top\">100 g Tube Kunststoff<\/td>\n<\/tr>\n<tr>\n<td class=\"left\" valign=\"top\">Paletteninhalt:<\/td>\n<td class=\"right\" valign=\"top\">3120<\/td>\n<\/tr>\n<tr>\n<td class=\"left\" valign=\"top\">VPE:<\/td>\n<td class=\"right\" valign=\"top\">12 STK<\/td>\n<\/tr>\n<tr>\n<td class=\"left\" valign=\"top\">Sprache:<\/td>\n<td class=\"right\" valign=\"top\">D &#8211; GB &#8211; E<\/td>\n<\/tr>\n<\/tbody>\n<\/table>\n<h3 class=\"detail\">Einsatzzweck<\/h3>\n<p>Zur Schmierung von Schiebed\u00e4chern, Sitzf\u00fchrungen, T\u00fcrscharnieren, Gest\u00e4ngen etc.<\/p>\n<ul class=\"info-text m-0 p-0\">\n<li>EUH210 Sicherheitsdatenblatt auf Anfrage erh\u00e4ltlich.<\/li>\n<\/ul>\n<p>Wenn Sie Fragen rund um die Liqui Moly Produkte haben sollten, z\u00f6gern Sie nicht und kontaktieren Sie uns. Gerne stehen wir Ihnen jederzeit gerne zur Verf\u00fcgung.<\/p>\n","protected":false},"excerpt":{"rendered":"<p>Silicon-Fett transparent Schmierstoff mit weit gef\u00e4chertem Einsatzbereich. Optimal f\u00fcr tiefe bis hohe Temperaturen geeignet. Ausgezeichnete Trenn- und Gleiteigenschaften, z. B. bei Metall-\/ Kunststoffpaarungen. Hohe Oxidationsbest\u00e4ndigkeit, geringe Verdampfungsneigung. Kalt- und hei\u00dfwasserbest\u00e4ndig, alterungs- und temperaturstabil, schmutzabdichtend und f\u00f6rderbar in Zentralschmieranlagen. In schwach saurem bzw. schwach basischem Bereich einsetzbar. Auch zur W\u00e4lz- und Gleitlagerschmierung mit niedrigen Lagerdr\u00fccken geeignet. [&hellip;]<\/p>\n","protected":false},"featured_media":23821,"comment_status":"closed","ping_status":"closed","template":"","meta":[],"class_list":["post-23820","product","type-product","status-publish","has-post-thumbnail","hentry","product_cat-fette-schmierstoffe","product_cat-mehrzweckfette","product_cat-schmierstoffe"],"_links":{"self":[{"href":"https:\/\/www.liqui-moly-shop.ch\/index.php\/wp-json\/wp\/v2\/product\/23820","targetHints":{"allow":["GET"]}}],"collection":[{"href":"https:\/\/www.liqui-moly-shop.ch\/index.php\/wp-json\/wp\/v2\/product"}],"about":[{"href":"https:\/\/www.liqui-moly-shop.ch\/index.php\/wp-json\/wp\/v2\/types\/product"}],"replies":[{"embeddable":true,"href":"https:\/\/www.liqui-moly-shop.ch\/index.php\/wp-json\/wp\/v2\/comments?post=23820"}],"wp:featuredmedia":[{"embeddable":true,"href":"https:\/\/www.liqui-moly-shop.ch\/index.php\/wp-json\/wp\/v2\/media\/23821"}],"wp:attachment":[{"href":"https:\/\/www.liqui-moly-shop.ch\/index.php\/wp-json\/wp\/v2\/media?parent=23820"}],"curies":[{"name":"wp","href":"https:\/\/api.w.org\/{rel}","templated":true}]}}