{"id":23826,"date":"2018-07-17T00:00:00","date_gmt":"2018-07-17T00:00:00","guid":{"rendered":"https:\/\/dev.liqui-moly-shop.ch\/index.php\/product\/handhebelfettpresse-fuer-kartuschen\/"},"modified":"2018-07-17T00:00:00","modified_gmt":"2018-07-17T00:00:00","slug":"handhebelfettpresse-fuer-kartuschen","status":"publish","type":"product","link":"https:\/\/www.liqui-moly-shop.ch\/index.php\/product\/handhebelfettpresse-fuer-kartuschen\/","title":{"rendered":"Handhebelfettpresse f\u00fcr Kartuschen"},"content":{"rendered":"<h3>Handhebelfettpresse f\u00fcr Kartuschen<\/h3>\n<p>Handhebelfettpresse zur Fettdosierung aus 400 g-Fettkartuschen.<\/p>\n<p><!-- --><\/p>\n<table id=\"detail\">\n<tbody>\n<tr>\n<td class=\"left\" valign=\"top\">Artikelnummer:<\/td>\n<td class=\"right\" valign=\"top\">5310<\/td>\n<\/tr>\n<tr>\n<td class=\"left\" valign=\"top\">Gebinde:<\/td>\n<td class=\"right\" valign=\"top\">1 Stk Karton<\/td>\n<\/tr>\n<tr>\n<td class=\"left\" valign=\"top\">Paletteninhalt:<\/td>\n<td class=\"right\" valign=\"top\">160<\/td>\n<\/tr>\n<tr>\n<td class=\"left\" valign=\"top\">VPE:<\/td>\n<td class=\"right\" valign=\"top\">1 STK<\/td>\n<\/tr>\n<tr>\n<td class=\"left\" valign=\"top\">Sprache:<\/td>\n<td class=\"right\" valign=\"top\"><\/td>\n<\/tr>\n<\/tbody>\n<\/table>\n<h3 class=\"detail\">Einsatzzweck<\/h3>\n<p>Ger\u00e4t zur Fettapplikation in Werkstatt und Industrie.<\/p>\n<p>Wenn Sie Fragen rund um die Liqui Moly Produkte haben sollten, z\u00f6gern Sie nicht und kontaktieren Sie uns. Gerne stehen wir Ihnen jederzeit gerne zur Verf\u00fcgung.<\/p>\n","protected":false},"excerpt":{"rendered":"<p>Handhebelfettpresse f\u00fcr Kartuschen Handhebelfettpresse zur Fettdosierung aus 400 g-Fettkartuschen. Artikelnummer: 5310 Gebinde: 1 Stk Karton Paletteninhalt: 160 VPE: 1 STK Sprache: Einsatzzweck Ger\u00e4t zur Fettapplikation in Werkstatt und Industrie. Wenn Sie Fragen rund um die Liqui Moly Produkte haben sollten, z\u00f6gern Sie nicht und kontaktieren Sie uns. Gerne stehen wir Ihnen jederzeit gerne zur Verf\u00fcgung.<\/p>\n","protected":false},"featured_media":23827,"comment_status":"closed","ping_status":"closed","template":"","meta":[],"class_list":["post-23826","product","type-product","status-publish","has-post-thumbnail","hentry","product_cat-fette-schmierstoffe","product_cat-schmierstoffe","product_cat-zubehoer-fette-schmierstoffe"],"_links":{"self":[{"href":"https:\/\/www.liqui-moly-shop.ch\/index.php\/wp-json\/wp\/v2\/product\/23826","targetHints":{"allow":["GET"]}}],"collection":[{"href":"https:\/\/www.liqui-moly-shop.ch\/index.php\/wp-json\/wp\/v2\/product"}],"about":[{"href":"https:\/\/www.liqui-moly-shop.ch\/index.php\/wp-json\/wp\/v2\/types\/product"}],"replies":[{"embeddable":true,"href":"https:\/\/www.liqui-moly-shop.ch\/index.php\/wp-json\/wp\/v2\/comments?post=23826"}],"wp:featuredmedia":[{"embeddable":true,"href":"https:\/\/www.liqui-moly-shop.ch\/index.php\/wp-json\/wp\/v2\/media\/23827"}],"wp:attachment":[{"href":"https:\/\/www.liqui-moly-shop.ch\/index.php\/wp-json\/wp\/v2\/media?parent=23826"}],"curies":[{"name":"wp","href":"https:\/\/api.w.org\/{rel}","templated":true}]}}