{"id":23832,"date":"2018-07-17T00:00:00","date_gmt":"2018-07-17T00:00:00","guid":{"rendered":"https:\/\/dev.liqui-moly-shop.ch\/index.php\/product\/classic-getriebeoel-sae-140\/"},"modified":"2023-10-19T13:59:05","modified_gmt":"2023-10-19T13:59:05","slug":"classic-getriebeoel-sae-140","status":"publish","type":"product","link":"https:\/\/www.liqui-moly-shop.ch\/index.php\/product\/classic-getriebeoel-sae-140\/","title":{"rendered":"Classic Getriebe\u00f6l SAE 140"},"content":{"rendered":"<h3>Classic Getriebe\u00f6l SAE 140<\/h3>\n<p>Mineralisches Getriebe\u00f6l, im Besonderen f\u00fcr Classic-Fahrzeuge und Classic-Motorr\u00e4der. Sorgt f\u00fcr einen stabilen Schmierfilm und\u00a0minimiert den Verschlei\u00df. Bietet sehr\u00a0gute Schmiereigenschaften und\u00a0optimalen Korrosionsschutz. Erm\u00f6glicht leichtes Schalten.<\/p>\n<p><!-- --><\/p>\n<table id=\"detail\">\n<tbody>\n<tr>\n<td class=\"left\" valign=\"top\">Artikelnummer:<\/td>\n<td class=\"right\" valign=\"top\">20817<\/td>\n<\/tr>\n<tr>\n<td class=\"left\" valign=\"top\">Gebinde:<\/td>\n<td class=\"right\" valign=\"top\">1 l Dose Kunststoff<\/td>\n<\/tr>\n<tr>\n<td class=\"left\" valign=\"top\">Paletteninhalt:<\/td>\n<td class=\"right\" valign=\"top\">570<\/td>\n<\/tr>\n<tr>\n<td class=\"left\" valign=\"top\">VPE:<\/td>\n<td class=\"right\" valign=\"top\">6 STK<\/td>\n<\/tr>\n<tr>\n<td class=\"left\" valign=\"top\">Sprache:<\/td>\n<td class=\"right\" valign=\"top\">D &#8211; GB &#8211; I &#8211; E &#8211; P<\/td>\n<\/tr>\n<\/tbody>\n<\/table>\n<h3 class=\"detail\">Einsatzzweck<\/h3>\n<p>F\u00fcr Getriebe in klassischen Fahrzeugen und Motorr\u00e4der\u00a0(besonders Schaltgetriebe) und Achsantriebe mit geringer Belastung, in denen ein Getriebe\u00f6l nach API GL1\/GL2\/GL3 gefordert ist.<\/p>\n<h3 class=\"detail\">Spezifikationen und Freigaben<\/h3>\n<p>&nbsp;<\/p>\n<p><b>LIQUI MOLY empfiehlt dieses Produkt zus\u00e4tzlich f\u00fcr Fahrzeuge bzw. Aggregate, f\u00fcr die folgende Spezifikationen oder Originalersatzteilnummern gefordert werden:<\/b><br \/>\nAPI GL1 ; API GL2 ; API GL3<\/p>\n<p>EUH208 Enth\u00e4lt Reaktionsprodukte von Bis(4-methylpentan-2-yl)dithiophosphors\u00e4ure mit Phosphoroxid, Propylenoxid und Aminen, C12-14-alkyl (verzweigt). Kann allergische Reaktionen hervorrufen.<\/p>\n<p>EUH210 Sicherheitsdatenblatt auf Anfrage erh\u00e4ltlich.<\/p>\n<p>Wenn Sie Fragen rund um die Liqui Moly Produkte haben sollten, z\u00f6gern Sie nicht und kontaktieren Sie uns. Gerne stehen wir Ihnen jederzeit gerne zur Verf\u00fcgung.<\/p>\n","protected":false},"excerpt":{"rendered":"<p>Classic Getriebe\u00f6l SAE 140 Mineralisches Getriebe\u00f6l, im Besonderen f\u00fcr Classic-Fahrzeuge und Classic-Motorr\u00e4der. Sorgt f\u00fcr einen stabilen Schmierfilm und\u00a0minimiert den Verschlei\u00df. Bietet sehr\u00a0gute Schmiereigenschaften und\u00a0optimalen Korrosionsschutz. Erm\u00f6glicht leichtes Schalten. Artikelnummer: 20817 Gebinde: 1 l Dose Kunststoff Paletteninhalt: 570 VPE: 6 STK Sprache: D &#8211; GB &#8211; I &#8211; E &#8211; P Einsatzzweck F\u00fcr Getriebe in klassischen [&hellip;]<\/p>\n","protected":false},"featured_media":23833,"comment_status":"closed","ping_status":"closed","template":"","meta":[],"class_list":["post-23832","product","type-product","status-publish","has-post-thumbnail","hentry","product_cat-getriebeoele-klassische-fahrzeuge","product_cat-schmierstoffe"],"_links":{"self":[{"href":"https:\/\/www.liqui-moly-shop.ch\/index.php\/wp-json\/wp\/v2\/product\/23832","targetHints":{"allow":["GET"]}}],"collection":[{"href":"https:\/\/www.liqui-moly-shop.ch\/index.php\/wp-json\/wp\/v2\/product"}],"about":[{"href":"https:\/\/www.liqui-moly-shop.ch\/index.php\/wp-json\/wp\/v2\/types\/product"}],"replies":[{"embeddable":true,"href":"https:\/\/www.liqui-moly-shop.ch\/index.php\/wp-json\/wp\/v2\/comments?post=23832"}],"wp:featuredmedia":[{"embeddable":true,"href":"https:\/\/www.liqui-moly-shop.ch\/index.php\/wp-json\/wp\/v2\/media\/23833"}],"wp:attachment":[{"href":"https:\/\/www.liqui-moly-shop.ch\/index.php\/wp-json\/wp\/v2\/media?parent=23832"}],"curies":[{"name":"wp","href":"https:\/\/api.w.org\/{rel}","templated":true}]}}