{"id":23835,"date":"2023-12-13T08:21:41","date_gmt":"2023-12-13T08:21:41","guid":{"rendered":"https:\/\/dev.liqui-moly-shop.ch\/?post_type=product&#038;p=23835"},"modified":"2025-11-04T09:11:06","modified_gmt":"2025-11-04T09:11:06","slug":"ptfe-longlife-spray","status":"publish","type":"product","link":"https:\/\/www.liqui-moly-shop.ch\/index.php\/product\/ptfe-longlife-spray\/","title":{"rendered":"Keramik Longlife Spray"},"content":{"rendered":"<h3>Keramik Longlife Spray<\/h3>\n<div class=\"d-inline-block fs-9 product attribute description\"><span class=\"value\">Synthetischer Hochleistungsschmierstoff mit Keramik. Gew\u00e4hrleistet dank hoher Druck- und Temperaturbest\u00e4ndigkeit sowie sehr guter Wasserbest\u00e4ndigkeit einen langanhaltenden Schmierfilm. Der Festschmierstoff sichert sehr gute D\u00e4mpfungs- und Notlaufeigenschaften. Kriechf\u00e4hig und extrem haftend.<\/span><\/div>\n<p><!-- --><\/p>\n<table id=\"detail\">\n<tbody>\n<tr>\n<td class=\"left\" valign=\"top\">Artikelnummer:<\/td>\n<td class=\"right\" valign=\"top\">20971<\/td>\n<\/tr>\n<tr>\n<td class=\"left\" valign=\"top\">Gebinde:<\/td>\n<td class=\"right\" valign=\"top\">400 ml Dose Aerosol<\/td>\n<\/tr>\n<tr>\n<td class=\"left\" valign=\"top\">Paletteninhalt:<\/td>\n<td class=\"right\" valign=\"top\">1080<\/td>\n<\/tr>\n<tr>\n<td class=\"left\" valign=\"top\">VPE:<\/td>\n<td class=\"right\" valign=\"top\">6 STK<\/td>\n<\/tr>\n<tr>\n<td class=\"left\" valign=\"top\">Sprache:<\/td>\n<td class=\"right\" valign=\"top\">D &#8211; GB &#8211; I &#8211; E &#8211; P<\/td>\n<\/tr>\n<\/tbody>\n<\/table>\n<div><\/div>\n<div class=\"d-flex justify-content-md-center gap-1\">Zur vorbeugenden Intervallschmierung von Bauteilen im Kfz-, Nfz-, Baumaschinen- und Industriebereich und zur Beseitigung von Knack- und Knarrger\u00e4uschen bei Scharnieren, Gelenken, Gest\u00e4ngen, Umlenkhebeln, Spindeln, F\u00fchrungen, Gleitschienen, T\u00fcrfangb\u00e4ndern, T\u00fcrbolzen usw. Bei sparsamer Anwendung auch als Trennmittel geeignet.<\/div>\n<div><\/div>\n<div class=\"d-flex justify-content-md-center gap-1\"><strong>Anwendung<\/strong><\/div>\n<div>Auf die gereinigten, zu behandelnden Teile spr\u00fchen. Die Verringerung des Spr\u00fchabstands bewirkt eine h\u00f6here Kriechwirksamkeit.<\/div>\n<div><\/div>\n<div class=\"text-md-center text-muted ps-md-2 pe-md-2\"><\/div>\n","protected":false},"excerpt":{"rendered":"<p>Keramik Longlife Spray Synthetischer Hochleistungsschmierstoff mit Keramik. Gew\u00e4hrleistet dank hoher Druck- und Temperaturbest\u00e4ndigkeit sowie sehr guter Wasserbest\u00e4ndigkeit einen langanhaltenden Schmierfilm. Der Festschmierstoff sichert sehr gute D\u00e4mpfungs- und Notlaufeigenschaften. Kriechf\u00e4hig und extrem haftend. Artikelnummer: 20971 Gebinde: 400 ml Dose Aerosol Paletteninhalt: 1080 VPE: 6 STK Sprache: D &#8211; GB &#8211; I &#8211; E &#8211; P Zur [&hellip;]<\/p>\n","protected":false},"featured_media":70081,"comment_status":"closed","ping_status":"closed","template":"","meta":[],"class_list":["post-23835","product","type-product","status-publish","has-post-thumbnail","hentry","product_cat-gleitlacke-trockenschmierstoffe-schmierstoffe","product_cat-schmierstoffe"],"_links":{"self":[{"href":"https:\/\/www.liqui-moly-shop.ch\/index.php\/wp-json\/wp\/v2\/product\/23835","targetHints":{"allow":["GET"]}}],"collection":[{"href":"https:\/\/www.liqui-moly-shop.ch\/index.php\/wp-json\/wp\/v2\/product"}],"about":[{"href":"https:\/\/www.liqui-moly-shop.ch\/index.php\/wp-json\/wp\/v2\/types\/product"}],"replies":[{"embeddable":true,"href":"https:\/\/www.liqui-moly-shop.ch\/index.php\/wp-json\/wp\/v2\/comments?post=23835"}],"wp:featuredmedia":[{"embeddable":true,"href":"https:\/\/www.liqui-moly-shop.ch\/index.php\/wp-json\/wp\/v2\/media\/70081"}],"wp:attachment":[{"href":"https:\/\/www.liqui-moly-shop.ch\/index.php\/wp-json\/wp\/v2\/media?parent=23835"}],"curies":[{"name":"wp","href":"https:\/\/api.w.org\/{rel}","templated":true}]}}