{"id":23844,"date":"2018-07-17T00:00:00","date_gmt":"2018-07-17T00:00:00","guid":{"rendered":"https:\/\/dev.liqui-moly-shop.ch\/index.php\/product\/ladebordwand-oel\/"},"modified":"2023-10-20T08:03:03","modified_gmt":"2023-10-20T08:03:03","slug":"ladebordwand-oel","status":"publish","type":"product","link":"https:\/\/www.liqui-moly-shop.ch\/index.php\/product\/ladebordwand-oel\/","title":{"rendered":"Ladebordwand-\u00d6l"},"content":{"rendered":"<h3>Ladebordwand-\u00d6l<\/h3>\n<p>Spezielle Entwicklung, um eine exakte Funktion der Systeme sicherzustellen. Das typische Ruckgleiten (Stick-Slip-Effekt) geh\u00f6rt damit der Vergangenheit an. Um den hohen Anforderungen in Bezug auf maximales Lasttrageverm\u00f6gen, optimalen Verschlei\u00dfschutz sowie den dort auftretenden thermischen Belastungen und der Oxidationsstabilit\u00e4t gerecht zu werden, wurde auf die Verwendung ausschlie\u00dflich hochwertiger Rohstoffe Wert gelegt. Schaumbildung in Hydrauliksystemen wird verhindert und Dichtungsmaterialien werden bestens gepflegt.<\/p>\n<p><!-- --><\/p>\n<table id=\"detail\">\n<tbody>\n<tr>\n<td class=\"left\" valign=\"top\">Artikelnummer:<\/td>\n<td class=\"right\" valign=\"top\">1097<\/td>\n<\/tr>\n<tr>\n<td class=\"left\" valign=\"top\">Gebinde:<\/td>\n<td class=\"right\" valign=\"top\">1 l Dose Kunststoff<\/td>\n<\/tr>\n<tr>\n<td class=\"left\" valign=\"top\">Paletteninhalt:<\/td>\n<td class=\"right\" valign=\"top\">570<\/td>\n<\/tr>\n<tr>\n<td class=\"left\" valign=\"top\">VPE:<\/td>\n<td class=\"right\" valign=\"top\">6 STK<\/td>\n<\/tr>\n<tr>\n<td class=\"left\" valign=\"top\">Sprache:<\/td>\n<td class=\"right\" valign=\"top\">D &#8211; GB &#8211; I &#8211; E &#8211; P<\/td>\n<\/tr>\n<\/tbody>\n<\/table>\n<h3 class=\"detail\">Einsatzzweck<\/h3>\n<p>Unter Beachtung der Herstellervorschrift universell in Ladebordw\u00e4nden sowie in hydraulischen Hebeb\u00fchnen an Nutzfahrzeugen ganzj\u00e4hrig einsetzbar. Des Weiteren f\u00fcr Systeme geeignet, f\u00fcr die ein Hydraulik\u00f6l dieser Kennzeichnung gefordert wird.<\/p>\n<div class=\"d-flex justify-content-md-center gap-1\"><img decoding=\"async\" title=\"ghs08\" src=\"https:\/\/liquimoly.cloudimg.io\/v7\/https:\/\/www.liqui-moly.com\/static\/version1696862969\/frontend\/limo\/base\/de_DE\/images\/info\/ghs08.png\" alt=\"ghs08\" width=\"35px\" height=\"35px\" \/><\/div>\n<div class=\"text-md-center text-muted ps-md-2 pe-md-2\"><strong>Gefahr<\/strong><\/p>\n<ul class=\"info-text m-0 p-0\">\n<li>H304 Kann bei Verschlucken und Eindringen in die Atemwege t\u00f6dlich sein.<\/li>\n<\/ul>\n<\/div>\n<p>Wenn Sie Fragen rund um die Liqui Moly Produkte haben sollten, z\u00f6gern Sie nicht und kontaktieren Sie uns. Gerne stehen wir Ihnen jederzeit gerne zur Verf\u00fcgung.<\/p>\n","protected":false},"excerpt":{"rendered":"<p>Ladebordwand-\u00d6l Spezielle Entwicklung, um eine exakte Funktion der Systeme sicherzustellen. Das typische Ruckgleiten (Stick-Slip-Effekt) geh\u00f6rt damit der Vergangenheit an. Um den hohen Anforderungen in Bezug auf maximales Lasttrageverm\u00f6gen, optimalen Verschlei\u00dfschutz sowie den dort auftretenden thermischen Belastungen und der Oxidationsstabilit\u00e4t gerecht zu werden, wurde auf die Verwendung ausschlie\u00dflich hochwertiger Rohstoffe Wert gelegt. Schaumbildung in Hydrauliksystemen wird [&hellip;]<\/p>\n","protected":false},"featured_media":23845,"comment_status":"closed","ping_status":"closed","template":"","meta":[],"class_list":["post-23844","product","type-product","status-publish","has-post-thumbnail","hentry","product_cat-hydraulikoele-schmierstoffe","product_cat-schmierstoffe"],"_links":{"self":[{"href":"https:\/\/www.liqui-moly-shop.ch\/index.php\/wp-json\/wp\/v2\/product\/23844","targetHints":{"allow":["GET"]}}],"collection":[{"href":"https:\/\/www.liqui-moly-shop.ch\/index.php\/wp-json\/wp\/v2\/product"}],"about":[{"href":"https:\/\/www.liqui-moly-shop.ch\/index.php\/wp-json\/wp\/v2\/types\/product"}],"replies":[{"embeddable":true,"href":"https:\/\/www.liqui-moly-shop.ch\/index.php\/wp-json\/wp\/v2\/comments?post=23844"}],"wp:featuredmedia":[{"embeddable":true,"href":"https:\/\/www.liqui-moly-shop.ch\/index.php\/wp-json\/wp\/v2\/media\/23845"}],"wp:attachment":[{"href":"https:\/\/www.liqui-moly-shop.ch\/index.php\/wp-json\/wp\/v2\/media?parent=23844"}],"curies":[{"name":"wp","href":"https:\/\/api.w.org\/{rel}","templated":true}]}}