{"id":23847,"date":"2018-07-17T00:00:00","date_gmt":"2018-07-17T00:00:00","guid":{"rendered":"https:\/\/dev.liqui-moly-shop.ch\/index.php\/product\/kompressorenoel\/"},"modified":"2023-10-20T08:07:29","modified_gmt":"2023-10-20T08:07:29","slug":"kompressorenoel","status":"publish","type":"product","link":"https:\/\/www.liqui-moly-shop.ch\/index.php\/product\/kompressorenoel\/","title":{"rendered":"Kompressoren\u00f6l"},"content":{"rendered":"<h3>Kompressoren\u00f6l<\/h3>\n<p>Modernes Leichtlauf\u00f6l, das speziell f\u00fcr die ganzj\u00e4hrige Verwendung in Luftverdichtern entwickelt wurde. Die Kombination unkonventioneller Grund\u00f6le mit einer ausgew\u00e4hlten Additivtechnologie garantiert ein Verdichter\u00f6l, welches den Kompressor optimal mit \u00d6l versorgt, \u00fcber hervorragende Hochdruck- und Verschlei\u00dfschutzeigenschaften verf\u00fcgt und durch den ausgezeichneten Korrosionsschutz eine lange Lebensdauer des Verdichters gew\u00e4hrleistet.<\/p>\n<p><!-- --><\/p>\n<table id=\"detail\">\n<tbody>\n<tr>\n<td class=\"left\" valign=\"top\">Artikelnummer:<\/td>\n<td class=\"right\" valign=\"top\">1187<\/td>\n<\/tr>\n<tr>\n<td class=\"left\" valign=\"top\">Gebinde:<\/td>\n<td class=\"right\" valign=\"top\">1 l Kanister Kunststoff<\/td>\n<\/tr>\n<tr>\n<td class=\"left\" valign=\"top\">Paletteninhalt:<\/td>\n<td class=\"right\" valign=\"top\">600<\/td>\n<\/tr>\n<tr>\n<td class=\"left\" valign=\"top\">VPE:<\/td>\n<td class=\"right\" valign=\"top\">6 STK<\/td>\n<\/tr>\n<tr>\n<td class=\"left\" valign=\"top\">Sprache:<\/td>\n<td class=\"right\" valign=\"top\">D<\/td>\n<\/tr>\n<\/tbody>\n<\/table>\n<h3 class=\"detail\">Einsatzzweck<\/h3>\n<p>F\u00fcr Druckluftkompressoren, die einen Schmierstoff dieser Spezifikation fordern.<\/p>\n<ul class=\"info-text m-0 p-0\">\n<li>EUH210 Sicherheitsdatenblatt auf Anfrage erh\u00e4ltlich.<\/li>\n<\/ul>\n<p>Wenn Sie Fragen rund um die Liqui Moly Produkte haben sollten, z\u00f6gern Sie nicht und kontaktieren Sie uns. Gerne stehen wir Ihnen jederzeit gerne zur Verf\u00fcgung.<\/p>\n","protected":false},"excerpt":{"rendered":"<p>Kompressoren\u00f6l Modernes Leichtlauf\u00f6l, das speziell f\u00fcr die ganzj\u00e4hrige Verwendung in Luftverdichtern entwickelt wurde. Die Kombination unkonventioneller Grund\u00f6le mit einer ausgew\u00e4hlten Additivtechnologie garantiert ein Verdichter\u00f6l, welches den Kompressor optimal mit \u00d6l versorgt, \u00fcber hervorragende Hochdruck- und Verschlei\u00dfschutzeigenschaften verf\u00fcgt und durch den ausgezeichneten Korrosionsschutz eine lange Lebensdauer des Verdichters gew\u00e4hrleistet. Artikelnummer: 1187 Gebinde: 1 l Kanister Kunststoff [&hellip;]<\/p>\n","protected":false},"featured_media":23848,"comment_status":"closed","ping_status":"closed","template":"","meta":[],"class_list":["post-23847","product","type-product","status-publish","has-post-thumbnail","hentry","product_cat-kompressorenoele-schmierstoffe","product_cat-schmierstoffe"],"_links":{"self":[{"href":"https:\/\/www.liqui-moly-shop.ch\/index.php\/wp-json\/wp\/v2\/product\/23847","targetHints":{"allow":["GET"]}}],"collection":[{"href":"https:\/\/www.liqui-moly-shop.ch\/index.php\/wp-json\/wp\/v2\/product"}],"about":[{"href":"https:\/\/www.liqui-moly-shop.ch\/index.php\/wp-json\/wp\/v2\/types\/product"}],"replies":[{"embeddable":true,"href":"https:\/\/www.liqui-moly-shop.ch\/index.php\/wp-json\/wp\/v2\/comments?post=23847"}],"wp:featuredmedia":[{"embeddable":true,"href":"https:\/\/www.liqui-moly-shop.ch\/index.php\/wp-json\/wp\/v2\/media\/23848"}],"wp:attachment":[{"href":"https:\/\/www.liqui-moly-shop.ch\/index.php\/wp-json\/wp\/v2\/media?parent=23847"}],"curies":[{"name":"wp","href":"https:\/\/api.w.org\/{rel}","templated":true}]}}