{"id":23855,"date":"2018-07-17T00:00:00","date_gmt":"2018-07-17T00:00:00","guid":{"rendered":"https:\/\/dev.liqui-moly-shop.ch\/index.php\/product\/top-tec-6200-0w-20\/"},"modified":"2023-10-04T13:48:33","modified_gmt":"2023-10-04T13:48:33","slug":"top-tec-6200-0w-20","status":"publish","type":"product","link":"https:\/\/www.liqui-moly-shop.ch\/index.php\/product\/top-tec-6200-0w-20\/","title":{"rendered":"Top Tec 6200 0W-20"},"content":{"rendered":"<h3>Top Tec 6200 0W-20<\/h3>\n<p>Hightech-Leichtlaufmotor\u00f6l auf Basis Synthesetechnologie. Entwickelt f\u00fcr die hohen Anforderungen von Audi, Porsche\u00a0und VW. Sorgt durch abgesenkte Viskosit\u00e4t f\u00fcr ausgezeichnetes Kaltstartverhalten, steigert die Motoreffizienz und reduziert den Verbrauch. Die innovative Additivtechnologie sichert exzellenten Verschlei\u00dfschutz, hervorragende Motorsauberkeit und erh\u00f6hte Oxidationsstabilit\u00e4t. Erm\u00f6glicht extrem lange \u00d6lwechselintervalle (WIV etc.).<\/p>\n<p><!-- --><\/p>\n<table id=\"detail\">\n<tbody>\n<tr>\n<td class=\"left\" valign=\"top\">Artikelnummer:<\/td>\n<td class=\"right\" valign=\"top\">20780<\/td>\n<\/tr>\n<tr>\n<td class=\"left\" valign=\"top\">Gebinde:<\/td>\n<td class=\"right\" valign=\"top\">1 l Kanister Kunststoff<\/td>\n<\/tr>\n<tr>\n<td class=\"left\" valign=\"top\">Paletteninhalt:<\/td>\n<td class=\"right\" valign=\"top\">576<\/td>\n<\/tr>\n<tr>\n<td class=\"left\" valign=\"top\">VPE:<\/td>\n<td class=\"right\" valign=\"top\">6 STK<\/td>\n<\/tr>\n<tr>\n<td class=\"left\" valign=\"top\">Sprache:<\/td>\n<td class=\"right\" valign=\"top\">D &#8211; F &#8211; I<\/td>\n<\/tr>\n<\/tbody>\n<\/table>\n<h3 class=\"detail\">Einsatzzweck<\/h3>\n<p>F\u00fcr verschiedene Modelle von Audi, Porsche und VW. Nur in Benzin- und Dieselmotoren einschlie\u00dflich Partikelfilter verwenden, in denen ein Schmierstoff der Norm VW 508 00\/509 00 bzw. Porsche C20\u00a0gefordert wird. Turbo- und Kat-getestet. Nicht r\u00fcckw\u00e4rtskompatibel.<\/p>\n<p>&nbsp;<\/p>\n<h3 class=\"detail\">Spezifikationen und Freigaben<\/h3>\n<p>VW 508 00 ; VW 509 00<\/p>\n<p>&nbsp;<\/p>\n<p><b>LIQUI MOLY empfiehlt dieses Produkt zus\u00e4tzlich f\u00fcr Fahrzeuge bzw. Aggregate, f\u00fcr die folgende Spezifikationen oder Originalersatzteilnummern gefordert werden:<\/b><\/p>\n<p>Porsche C20<\/p>\n<ul class=\"info-text m-0 p-0\">\n<li>EUH208 Enth\u00e4lt Alkyl-(C18-C28)-Toluolsulfons\u00e4ure, Calciumsalze, boriert, Benzoes\u00e4ure, 2-hydroxy-, mono-C14-18-Alkylderivate, Calciumsalze (2:1). Kann allergische Reaktionen hervorrufen.<\/li>\n<li>EUH210 Sicherheitsdatenblatt auf Anfrage erh\u00e4ltlich.<\/li>\n<\/ul>\n<p>Wenn Sie Fragen rund um die Liqui Moly Produkte haben sollten, z\u00f6gern Sie nicht und kontaktieren Sie uns. Gerne stehen wir Ihnen jederzeit gerne zur Verf\u00fcgung.<\/p>\n","protected":false},"excerpt":{"rendered":"<p>Top Tec 6200 0W-20 Hightech-Leichtlaufmotor\u00f6l auf Basis Synthesetechnologie. Entwickelt f\u00fcr die hohen Anforderungen von Audi, Porsche\u00a0und VW. Sorgt durch abgesenkte Viskosit\u00e4t f\u00fcr ausgezeichnetes Kaltstartverhalten, steigert die Motoreffizienz und reduziert den Verbrauch. Die innovative Additivtechnologie sichert exzellenten Verschlei\u00dfschutz, hervorragende Motorsauberkeit und erh\u00f6hte Oxidationsstabilit\u00e4t. Erm\u00f6glicht extrem lange \u00d6lwechselintervalle (WIV etc.). Artikelnummer: 20780 Gebinde: 1 l Kanister Kunststoff [&hellip;]<\/p>\n","protected":false},"featured_media":23856,"comment_status":"closed","ping_status":"closed","template":"","meta":[],"class_list":["post-23855","product","type-product","status-publish","has-post-thumbnail","hentry","product_cat-0w-20","product_cat-motoroele-4-takt-auto","product_cat-schmierstoffe"],"_links":{"self":[{"href":"https:\/\/www.liqui-moly-shop.ch\/index.php\/wp-json\/wp\/v2\/product\/23855","targetHints":{"allow":["GET"]}}],"collection":[{"href":"https:\/\/www.liqui-moly-shop.ch\/index.php\/wp-json\/wp\/v2\/product"}],"about":[{"href":"https:\/\/www.liqui-moly-shop.ch\/index.php\/wp-json\/wp\/v2\/types\/product"}],"replies":[{"embeddable":true,"href":"https:\/\/www.liqui-moly-shop.ch\/index.php\/wp-json\/wp\/v2\/comments?post=23855"}],"wp:featuredmedia":[{"embeddable":true,"href":"https:\/\/www.liqui-moly-shop.ch\/index.php\/wp-json\/wp\/v2\/media\/23856"}],"wp:attachment":[{"href":"https:\/\/www.liqui-moly-shop.ch\/index.php\/wp-json\/wp\/v2\/media?parent=23855"}],"curies":[{"name":"wp","href":"https:\/\/api.w.org\/{rel}","templated":true}]}}