{"id":23861,"date":"2018-07-17T00:00:00","date_gmt":"2018-07-17T00:00:00","guid":{"rendered":"https:\/\/dev.liqui-moly-shop.ch\/index.php\/product\/special-tec-aa-0w-20\/"},"modified":"2023-10-04T13:03:41","modified_gmt":"2023-10-04T13:03:41","slug":"special-tec-aa-0w-20","status":"publish","type":"product","link":"https:\/\/www.liqui-moly-shop.ch\/index.php\/product\/special-tec-aa-0w-20\/","title":{"rendered":"Special Tec AA 0W-20"},"content":{"rendered":"<h3>Special Tec AA 0W-20<\/h3>\n<p>Modernes Leichtlaufmotor\u00f6l der Premiumklasse, das speziell f\u00fcr die ganzj\u00e4hrige Verwendung asiatischer und amerikanischer Fahrzeuge entwickelt wurde. Die Kombination unkonventioneller Grund\u00f6le auf Synthesetechnologie in Verbindung neuester Additive garantieren ein Motor\u00f6l, das hervorragend vor Verschlei\u00df sch\u00fctzt, den \u00d6l- und Kraftstoffverbrauch senkt, den Motor sauber h\u00e4lt und f\u00fcr eine schnelle Durch\u00f6lung des Motors sorgt.<\/p>\n<p><!-- --><\/p>\n<table id=\"detail\">\n<tbody>\n<tr>\n<td class=\"left\" valign=\"top\">Artikelnummer:<\/td>\n<td class=\"right\" valign=\"top\">9701<\/td>\n<\/tr>\n<tr>\n<td class=\"left\" valign=\"top\">Gebinde:<\/td>\n<td class=\"right\" valign=\"top\">1 l Kanister Kunststoff<\/td>\n<\/tr>\n<tr>\n<td class=\"left\" valign=\"top\">Paletteninhalt:<\/td>\n<td class=\"right\" valign=\"top\">576<\/td>\n<\/tr>\n<tr>\n<td class=\"left\" valign=\"top\">VPE:<\/td>\n<td class=\"right\" valign=\"top\">12 STK<\/td>\n<\/tr>\n<tr>\n<td class=\"left\" valign=\"top\">Sprache:<\/td>\n<td class=\"right\" valign=\"top\">D &#8211; F &#8211; I<\/td>\n<\/tr>\n<\/tbody>\n<\/table>\n<h3 class=\"detail\">Einsatzzweck<\/h3>\n<p>Optimal f\u00fcr moderne asiatische und amerikanische Benzinmotoren. Speziell geeignet bei langen \u00d6lwechselintervallen und hohen motorischen Anforderungen.<\/p>\n<h3 class=\"detail\">Spezifikationen und Freigaben<\/h3>\n<p>API SN ; ILSAC GF-5<\/p>\n<p>&nbsp;<\/p>\n<p><b>LIQUI MOLY empfiehlt dieses Produkt zus\u00e4tzlich f\u00fcr Fahrzeuge bzw. Aggregate, f\u00fcr die folgende Spezifikationen oder Originalersatzteilnummern gefordert werden:<\/b><\/p>\n<p>Chrysler MS-6395 ; Daihatsu ; Ford WSS-M2C 947-A ; GM 6094 M ; Honda ; Hyundai ; Isuzu ; Kia ; Mazda ; Mitsubishi Dia Queen ; Nissan ; Subaru ; Suzuki ; Toyota<\/p>\n<p>EUH210 Sicherheitsdatenblatt auf Anfrage erh\u00e4ltlich.<\/p>\n<p>Wenn Sie Fragen rund um die Liqui Moly Produkte haben sollten, z\u00f6gern Sie nicht und kontaktieren Sie uns. Gerne stehen wir Ihnen jederzeit gerne zur Verf\u00fcgung.<\/p>\n","protected":false},"excerpt":{"rendered":"<p>Special Tec AA 0W-20 Modernes Leichtlaufmotor\u00f6l der Premiumklasse, das speziell f\u00fcr die ganzj\u00e4hrige Verwendung asiatischer und amerikanischer Fahrzeuge entwickelt wurde. Die Kombination unkonventioneller Grund\u00f6le auf Synthesetechnologie in Verbindung neuester Additive garantieren ein Motor\u00f6l, das hervorragend vor Verschlei\u00df sch\u00fctzt, den \u00d6l- und Kraftstoffverbrauch senkt, den Motor sauber h\u00e4lt und f\u00fcr eine schnelle Durch\u00f6lung des Motors sorgt. [&hellip;]<\/p>\n","protected":false},"featured_media":64000,"comment_status":"closed","ping_status":"closed","template":"","meta":[],"class_list":["post-23861","product","type-product","status-publish","has-post-thumbnail","hentry","product_cat-0w-20","product_cat-motoroele-4-takt-auto","product_cat-schmierstoffe","pa_fuellmenge-1-l-kanister-kunststoff","pa_fuellmenge-20-l-kanister-kunststoff","pa_fuellmenge-205-l-fass-blech","pa_fuellmenge-4-l-kanister-kunststoff","pa_fuellmenge-5l-kanister-kunststoff","pa_fuellmenge-60-l-fass-blech"],"_links":{"self":[{"href":"https:\/\/www.liqui-moly-shop.ch\/index.php\/wp-json\/wp\/v2\/product\/23861","targetHints":{"allow":["GET"]}}],"collection":[{"href":"https:\/\/www.liqui-moly-shop.ch\/index.php\/wp-json\/wp\/v2\/product"}],"about":[{"href":"https:\/\/www.liqui-moly-shop.ch\/index.php\/wp-json\/wp\/v2\/types\/product"}],"replies":[{"embeddable":true,"href":"https:\/\/www.liqui-moly-shop.ch\/index.php\/wp-json\/wp\/v2\/comments?post=23861"}],"wp:featuredmedia":[{"embeddable":true,"href":"https:\/\/www.liqui-moly-shop.ch\/index.php\/wp-json\/wp\/v2\/media\/64000"}],"wp:attachment":[{"href":"https:\/\/www.liqui-moly-shop.ch\/index.php\/wp-json\/wp\/v2\/media?parent=23861"}],"curies":[{"name":"wp","href":"https:\/\/api.w.org\/{rel}","templated":true}]}}