{"id":23862,"date":"2018-07-17T00:00:00","date_gmt":"2018-07-17T00:00:00","guid":{"rendered":"https:\/\/dev.liqui-moly-shop.ch\/index.php\/product\/special-tec-lr-0w-20\/"},"modified":"2018-07-17T00:00:00","modified_gmt":"2018-07-17T00:00:00","slug":"special-tec-lr-0w-20","status":"publish","type":"product","link":"https:\/\/www.liqui-moly-shop.ch\/index.php\/product\/special-tec-lr-0w-20\/","title":{"rendered":"Special Tec LR 0W-20"},"content":{"rendered":"<h3>Special Tec LR 0W-20<\/h3>\n<p><strong>Besonders geeignet f\u00fcr Jaguar und Land Rover.<\/strong><br \/>\nLeichtlaufmotor\u00f6l der Premiumklasse. Sch\u00fctzt hervorragend vor Verschlei\u00df, senkt den \u00d6l- und Kraftstoffverbrauch, h\u00e4lt den Motor sauber und sorgt f\u00fcr eine schnelle Durch\u00f6lung.<\/p>\n<p><!-- --><\/p>\n<table id=\"detail\">\n<tbody>\n<tr>\n<td class=\"left\" valign=\"top\">Artikelnummer:<\/td>\n<td class=\"right\" valign=\"top\">21111<\/td>\n<\/tr>\n<tr>\n<td class=\"left\" valign=\"top\">Gebinde:<\/td>\n<td class=\"right\" valign=\"top\">1 l Kanister Kunststoff<\/td>\n<\/tr>\n<tr>\n<td class=\"left\" valign=\"top\">Paletteninhalt:<\/td>\n<td class=\"right\" valign=\"top\">576<\/td>\n<\/tr>\n<tr>\n<td class=\"left\" valign=\"top\">VPE:<\/td>\n<td class=\"right\" valign=\"top\">6 STK<\/td>\n<\/tr>\n<tr>\n<td class=\"left\" valign=\"top\">Sprache:<\/td>\n<td class=\"right\" valign=\"top\">D &#8211; F &#8211; I<\/td>\n<\/tr>\n<\/tbody>\n<\/table>\n<h3 class=\"detail\">Einsatzzweck<\/h3>\n<p>Speziell abgestimmt auf die hohen Anforderungen, die Jaguar und Land Rover in verschiedenen Benzinmotoren f\u00fcr deren Fahrzeuge fordert. Geeignet bei langen \u00d6lwechselintervallen und hohen Anforderungen an den Motor.<\/p>\n<h3 class=\"detail\">Spezifikationen und Freigaben<\/h3>\n<p>ACEA A1 ; ACEA B1 ; Jaguar \/ Land Rover STJLR.51.5122<\/p>\n<p>Wenn Sie Fragen rund um die Liqui Moly Produkte haben sollten, z\u00f6gern Sie nicht und kontaktieren Sie uns. Gerne stehen wir Ihnen jederzeit gerne zur Verf\u00fcgung.<\/p>\n","protected":false},"excerpt":{"rendered":"<p>Special Tec LR 0W-20 Besonders geeignet f\u00fcr Jaguar und Land Rover. Leichtlaufmotor\u00f6l der Premiumklasse. Sch\u00fctzt hervorragend vor Verschlei\u00df, senkt den \u00d6l- und Kraftstoffverbrauch, h\u00e4lt den Motor sauber und sorgt f\u00fcr eine schnelle Durch\u00f6lung. Artikelnummer: 21111 Gebinde: 1 l Kanister Kunststoff Paletteninhalt: 576 VPE: 6 STK Sprache: D &#8211; F &#8211; I Einsatzzweck Speziell abgestimmt auf [&hellip;]<\/p>\n","protected":false},"featured_media":23863,"comment_status":"closed","ping_status":"closed","template":"","meta":[],"class_list":["post-23862","product","type-product","status-publish","has-post-thumbnail","hentry","product_cat-0w-20","product_cat-motoroele-4-takt-auto","product_cat-schmierstoffe"],"_links":{"self":[{"href":"https:\/\/www.liqui-moly-shop.ch\/index.php\/wp-json\/wp\/v2\/product\/23862","targetHints":{"allow":["GET"]}}],"collection":[{"href":"https:\/\/www.liqui-moly-shop.ch\/index.php\/wp-json\/wp\/v2\/product"}],"about":[{"href":"https:\/\/www.liqui-moly-shop.ch\/index.php\/wp-json\/wp\/v2\/types\/product"}],"replies":[{"embeddable":true,"href":"https:\/\/www.liqui-moly-shop.ch\/index.php\/wp-json\/wp\/v2\/comments?post=23862"}],"wp:featuredmedia":[{"embeddable":true,"href":"https:\/\/www.liqui-moly-shop.ch\/index.php\/wp-json\/wp\/v2\/media\/23863"}],"wp:attachment":[{"href":"https:\/\/www.liqui-moly-shop.ch\/index.php\/wp-json\/wp\/v2\/media?parent=23862"}],"curies":[{"name":"wp","href":"https:\/\/api.w.org\/{rel}","templated":true}]}}