{"id":23873,"date":"2018-07-17T00:00:00","date_gmt":"2018-07-17T00:00:00","guid":{"rendered":"https:\/\/dev.liqui-moly-shop.ch\/index.php\/product\/special-tec-f-0w-30\/"},"modified":"2023-10-05T05:40:39","modified_gmt":"2023-10-05T05:40:39","slug":"special-tec-f-0w-30","status":"publish","type":"product","link":"https:\/\/www.liqui-moly-shop.ch\/index.php\/product\/special-tec-f-0w-30\/","title":{"rendered":"Special Tec F 0W-30"},"content":{"rendered":"<h3>Special Tec F 0W-30<\/h3>\n<p>Leichtlaufmotor\u00f6l auf Basis von Synthesetechnologie, das speziell f\u00fcr die Anforderungen von Ford-Dieselmotoren entwickelt wurde. Durch die ausgepr\u00e4gte Haftung des Schmierstoffes an den Metalloberfl\u00e4chen eignet sich das \u00d6l hervorragend f\u00fcr Fahrzeuge mit Start-Stop-Automatik. Dieser Hochleistungsschmierstoff erf\u00fcllt die gestellten Anforderungen von Turboaufladung und modernen Abgasnachbehandlungssystemen wie Kat und Dieselpartikelfilter.<\/p>\n<p><!-- --><\/p>\n<table id=\"detail\">\n<tbody>\n<tr>\n<td class=\"left\" valign=\"top\">Artikelnummer:<\/td>\n<td class=\"right\" valign=\"top\">20722<\/td>\n<\/tr>\n<tr>\n<td class=\"left\" valign=\"top\">Gebinde:<\/td>\n<td class=\"right\" valign=\"top\">1 l Kanister Kunststoff<\/td>\n<\/tr>\n<tr>\n<td class=\"left\" valign=\"top\">Paletteninhalt:<\/td>\n<td class=\"right\" valign=\"top\">576<\/td>\n<\/tr>\n<tr>\n<td class=\"left\" valign=\"top\">VPE:<\/td>\n<td class=\"right\" valign=\"top\">6 STK<\/td>\n<\/tr>\n<tr>\n<td class=\"left\" valign=\"top\">Sprache:<\/td>\n<td class=\"right\" valign=\"top\">D &#8211; F &#8211; I<\/td>\n<\/tr>\n<\/tbody>\n<\/table>\n<h3 class=\"detail\">Einsatzzweck<\/h3>\n<p>Ganzjahres-HC-Synthese-Motor\u00f6l. Speziell f\u00fcr TDCi-Dieselfahrzeuge ab Modelljahr 2014 aus dem Hause Ford. Turbo-, Kat- und Dieselpartikelfilter-getestet.<\/p>\n<h3 class=\"detail\">Spezifikationen und Freigaben<\/h3>\n<p>Jaguar \/ Land Rover STJLR.03.5007<\/p>\n<p>&nbsp;<\/p>\n<p><b>LIQUI MOLY empfiehlt dieses Produkt zus\u00e4tzlich f\u00fcr Fahrzeuge bzw. Aggregate, f\u00fcr die folgende Spezifikationen oder Originalersatzteilnummern gefordert werden:<\/b><\/p>\n<p>Ford WSS-M2C 950-A<\/p>\n<ul class=\"info-text m-0 p-0\">\n<li>EUH208 Enth\u00e4lt C14-16-18 Alkylphenol. Kann allergische Reaktionen hervorrufen.<\/li>\n<li>EUH210 Sicherheitsdatenblatt auf Anfrage erh\u00e4ltlich.<\/li>\n<\/ul>\n<p>Wenn Sie Fragen rund um die Liqui Moly Produkte haben sollten, z\u00f6gern Sie nicht und kontaktieren Sie uns. Gerne stehen wir Ihnen jederzeit gerne zur Verf\u00fcgung.<\/p>\n","protected":false},"excerpt":{"rendered":"<p>Special Tec F 0W-30 Leichtlaufmotor\u00f6l auf Basis von Synthesetechnologie, das speziell f\u00fcr die Anforderungen von Ford-Dieselmotoren entwickelt wurde. Durch die ausgepr\u00e4gte Haftung des Schmierstoffes an den Metalloberfl\u00e4chen eignet sich das \u00d6l hervorragend f\u00fcr Fahrzeuge mit Start-Stop-Automatik. Dieser Hochleistungsschmierstoff erf\u00fcllt die gestellten Anforderungen von Turboaufladung und modernen Abgasnachbehandlungssystemen wie Kat und Dieselpartikelfilter. Artikelnummer: 20722 Gebinde: 1 [&hellip;]<\/p>\n","protected":false},"featured_media":23874,"comment_status":"closed","ping_status":"closed","template":"","meta":[],"class_list":["post-23873","product","type-product","status-publish","has-post-thumbnail","hentry","product_cat-0w-30","product_cat-motoroele-4-takt-auto","product_cat-schmierstoffe"],"_links":{"self":[{"href":"https:\/\/www.liqui-moly-shop.ch\/index.php\/wp-json\/wp\/v2\/product\/23873","targetHints":{"allow":["GET"]}}],"collection":[{"href":"https:\/\/www.liqui-moly-shop.ch\/index.php\/wp-json\/wp\/v2\/product"}],"about":[{"href":"https:\/\/www.liqui-moly-shop.ch\/index.php\/wp-json\/wp\/v2\/types\/product"}],"replies":[{"embeddable":true,"href":"https:\/\/www.liqui-moly-shop.ch\/index.php\/wp-json\/wp\/v2\/comments?post=23873"}],"wp:featuredmedia":[{"embeddable":true,"href":"https:\/\/www.liqui-moly-shop.ch\/index.php\/wp-json\/wp\/v2\/media\/23874"}],"wp:attachment":[{"href":"https:\/\/www.liqui-moly-shop.ch\/index.php\/wp-json\/wp\/v2\/media?parent=23873"}],"curies":[{"name":"wp","href":"https:\/\/api.w.org\/{rel}","templated":true}]}}