{"id":23876,"date":"2018-07-17T00:00:00","date_gmt":"2018-07-17T00:00:00","guid":{"rendered":"https:\/\/dev.liqui-moly-shop.ch\/index.php\/product\/special-tec-v-0w-30\/"},"modified":"2023-10-05T05:45:11","modified_gmt":"2023-10-05T05:45:11","slug":"special-tec-v-0w-30","status":"publish","type":"product","link":"https:\/\/www.liqui-moly-shop.ch\/index.php\/product\/special-tec-v-0w-30\/","title":{"rendered":"Special Tec V 0W-30"},"content":{"rendered":"<h3>Special Tec V 0W-30<\/h3>\n<p><strong>Besonders geeignet f\u00fcr Volvo-Fahrzeuge.<\/strong><br \/>\nLeichtlaufmotor\u00f6l auf Basis Synthesetechnologie. Verhindert sicher Ablagerungen und verf\u00fcgt \u00fcber eine extreme Scherstabilit\u00e4t, die Reibungsverluste im Motor senkt und hervorragend vor Verschlei\u00df sch\u00fctzt. Optimal f\u00fcr moderne Benzin- und Dieselmotoren mit und ohne Mehrventiltechnik, Valvetronic, Abgasturboaufladung sowie mit und ohne Dieselpartikelfilter (DPF) oder Ladeluftk\u00fchlung (LLK). Speziell geeignet bei langen \u00d6lwechselintervallen und hohen motorischen Anforderungen.<\/p>\n<p><!-- --><\/p>\n<table id=\"detail\">\n<tbody>\n<tr>\n<td class=\"left\" valign=\"top\">Artikelnummer:<\/td>\n<td class=\"right\" valign=\"top\">3768<\/td>\n<\/tr>\n<tr>\n<td class=\"left\" valign=\"top\">Gebinde:<\/td>\n<td class=\"right\" valign=\"top\">1 l Kanister Kunststoff<\/td>\n<\/tr>\n<tr>\n<td class=\"left\" valign=\"top\">Paletteninhalt:<\/td>\n<td class=\"right\" valign=\"top\">576<\/td>\n<\/tr>\n<tr>\n<td class=\"left\" valign=\"top\">VPE:<\/td>\n<td class=\"right\" valign=\"top\">6 STK<\/td>\n<\/tr>\n<tr>\n<td class=\"left\" valign=\"top\">Sprache:<\/td>\n<td class=\"right\" valign=\"top\">D &#8211; F &#8211; I<\/td>\n<\/tr>\n<\/tbody>\n<\/table>\n<h3 class=\"detail\">Einsatzzweck<\/h3>\n<p>Speziell entwickelt f\u00fcr die Anforderungen von Volvo-Fahrzeugen in verschiedenen Modellen. Zum Teil fordern auch andere Fahrzeughersteller wie Mitsubishi, Renault, Jaguar, Honda etc. in verschiedenen Fahrzeugtypen einen Schmierstoff dieser Spezifikation.<\/p>\n<h3 class=\"detail\">Spezifikationen und Freigaben<\/h3>\n<p>ACEA A5 ; ACEA B5 ; API SL ; API CF ; ILSAC GF-3 ; Volvo VCC 95200377<\/p>\n<ul class=\"info-text m-0 p-0\">\n<li>EUH208 Enth\u00e4lt C14-16-18 Alkylphenol. Kann allergische Reaktionen hervorrufen.<\/li>\n<\/ul>\n<p>Wenn Sie Fragen rund um die Liqui Moly Produkte haben sollten, z\u00f6gern Sie nicht und kontaktieren Sie uns. Gerne stehen wir Ihnen jederzeit gerne zur Verf\u00fcgung.<\/p>\n","protected":false},"excerpt":{"rendered":"<p>Special Tec V 0W-30 Besonders geeignet f\u00fcr Volvo-Fahrzeuge. Leichtlaufmotor\u00f6l auf Basis Synthesetechnologie. Verhindert sicher Ablagerungen und verf\u00fcgt \u00fcber eine extreme Scherstabilit\u00e4t, die Reibungsverluste im Motor senkt und hervorragend vor Verschlei\u00df sch\u00fctzt. Optimal f\u00fcr moderne Benzin- und Dieselmotoren mit und ohne Mehrventiltechnik, Valvetronic, Abgasturboaufladung sowie mit und ohne Dieselpartikelfilter (DPF) oder Ladeluftk\u00fchlung (LLK). Speziell geeignet bei [&hellip;]<\/p>\n","protected":false},"featured_media":23877,"comment_status":"closed","ping_status":"closed","template":"","meta":[],"class_list":["post-23876","product","type-product","status-publish","has-post-thumbnail","hentry","product_cat-0w-30","product_cat-motoroele-4-takt-auto","product_cat-schmierstoffe"],"_links":{"self":[{"href":"https:\/\/www.liqui-moly-shop.ch\/index.php\/wp-json\/wp\/v2\/product\/23876","targetHints":{"allow":["GET"]}}],"collection":[{"href":"https:\/\/www.liqui-moly-shop.ch\/index.php\/wp-json\/wp\/v2\/product"}],"about":[{"href":"https:\/\/www.liqui-moly-shop.ch\/index.php\/wp-json\/wp\/v2\/types\/product"}],"replies":[{"embeddable":true,"href":"https:\/\/www.liqui-moly-shop.ch\/index.php\/wp-json\/wp\/v2\/comments?post=23876"}],"wp:featuredmedia":[{"embeddable":true,"href":"https:\/\/www.liqui-moly-shop.ch\/index.php\/wp-json\/wp\/v2\/media\/23877"}],"wp:attachment":[{"href":"https:\/\/www.liqui-moly-shop.ch\/index.php\/wp-json\/wp\/v2\/media?parent=23876"}],"curies":[{"name":"wp","href":"https:\/\/api.w.org\/{rel}","templated":true}]}}