{"id":23879,"date":"2018-07-17T00:00:00","date_gmt":"2018-07-17T00:00:00","guid":{"rendered":"https:\/\/dev.liqui-moly-shop.ch\/index.php\/product\/synthoil-longtime-plus-0w-30\/"},"modified":"2023-10-05T05:46:56","modified_gmt":"2023-10-05T05:46:56","slug":"synthoil-longtime-plus-0w-30","status":"publish","type":"product","link":"https:\/\/www.liqui-moly-shop.ch\/index.php\/product\/synthoil-longtime-plus-0w-30\/","title":{"rendered":"Synthoil Longtime Plus 0W-30"},"content":{"rendered":"<h3>Synthoil Longtime Plus 0W-30<\/h3>\n<p><strong>Spezialentwicklung f\u00fcr VW, Audi, SEAT und SKODA Benzin- und Dieselfahrzeuge mit Wartungsintervallverl\u00e4ngerung (auch Pumpe-D\u00fcse-Motoren).<\/strong><br \/>\nDas vollsynthetische Leichtlaufmotor\u00f6l der Longlife 2 Generation sorgt f\u00fcr eine ausgezeichnete Motorsauberkeit. \u00dcbertrifft die hohen Testanforderungen aus dem Hause Volkswagen. Reduziert den Kraftstoffverbrauch in einem der h\u00e4rtesten Verbrauchnormtests Europas (CEC-L-54-T-96 \/ MB M 111) um mehr als 2,5 % gegen\u00fcber dem festgelegten Referenz\u00f6l. Durch die schnelle Durch\u00f6lung wird der Motor bei Start- und Warmlaufphase hervorragend vor Verschlei\u00df gesch\u00fctzt.<\/p>\n<p><!-- --><\/p>\n<table id=\"detail\">\n<tbody>\n<tr>\n<td class=\"left\" valign=\"top\">Artikelnummer:<\/td>\n<td class=\"right\" valign=\"top\">1150<\/td>\n<\/tr>\n<tr>\n<td class=\"left\" valign=\"top\">Gebinde:<\/td>\n<td class=\"right\" valign=\"top\">1 l Kanister Kunststoff<\/td>\n<\/tr>\n<tr>\n<td class=\"left\" valign=\"top\">Paletteninhalt:<\/td>\n<td class=\"right\" valign=\"top\">576<\/td>\n<\/tr>\n<tr>\n<td class=\"left\" valign=\"top\">VPE:<\/td>\n<td class=\"right\" valign=\"top\">6 STK<\/td>\n<\/tr>\n<tr>\n<td class=\"left\" valign=\"top\">Sprache:<\/td>\n<td class=\"right\" valign=\"top\">D &#8211; GB &#8211; I &#8211; E &#8211; P<\/td>\n<\/tr>\n<\/tbody>\n<\/table>\n<h3 class=\"detail\">Einsatzzweck<\/h3>\n<p>Ganzjahres\u00f6l f\u00fcr Benzin- und Dieselmotoren mit und ohne Pumpe-D\u00fcse-Technologie. Speziell entwickelt f\u00fcr Fahrzeuge mit Wartungsintervallverl\u00e4ngerung (WIV) aus dem Hause Audi, Volkswagen, Seat, Skoda. Turbo- und Kat- getestet.<\/p>\n<h3 class=\"detail\">Spezifikationen und Freigaben<\/h3>\n<p>ACEA A1 ; ACEA A5 ; ACEA B1 ; ACEA B5 ; VW 503 00 ; VW 506 00 ; VW 506 01<\/p>\n<p>H412 Sch\u00e4dlich f\u00fcr Wasserorganismen, mit langfristiger Wirkung.<\/p>\n<ul class=\"info-text m-0 p-0\">\n<li>EUH208 Enth\u00e4lt Calciumcarbonat-Monopolybutenylbenzolsulfonat-Succinat-Komplexe. Kann allergische Reaktionen hervorrufen.<\/li>\n<li>EUH210 Sicherheitsdatenblatt auf Anfrage erh\u00e4ltlich.<\/li>\n<\/ul>\n<p>Wenn Sie Fragen rund um die Liqui Moly Produkte haben sollten, z\u00f6gern Sie nicht und kontaktieren Sie uns. Gerne stehen wir Ihnen jederzeit gerne zur Verf\u00fcgung.<\/p>\n","protected":false},"excerpt":{"rendered":"<p>Synthoil Longtime Plus 0W-30 Spezialentwicklung f\u00fcr VW, Audi, SEAT und SKODA Benzin- und Dieselfahrzeuge mit Wartungsintervallverl\u00e4ngerung (auch Pumpe-D\u00fcse-Motoren). Das vollsynthetische Leichtlaufmotor\u00f6l der Longlife 2 Generation sorgt f\u00fcr eine ausgezeichnete Motorsauberkeit. \u00dcbertrifft die hohen Testanforderungen aus dem Hause Volkswagen. Reduziert den Kraftstoffverbrauch in einem der h\u00e4rtesten Verbrauchnormtests Europas (CEC-L-54-T-96 \/ MB M 111) um mehr als [&hellip;]<\/p>\n","protected":false},"featured_media":23880,"comment_status":"closed","ping_status":"closed","template":"","meta":[],"class_list":["post-23879","product","type-product","status-publish","has-post-thumbnail","hentry","product_cat-0w-30","product_cat-motoroele-4-takt-auto","product_cat-schmierstoffe"],"_links":{"self":[{"href":"https:\/\/www.liqui-moly-shop.ch\/index.php\/wp-json\/wp\/v2\/product\/23879","targetHints":{"allow":["GET"]}}],"collection":[{"href":"https:\/\/www.liqui-moly-shop.ch\/index.php\/wp-json\/wp\/v2\/product"}],"about":[{"href":"https:\/\/www.liqui-moly-shop.ch\/index.php\/wp-json\/wp\/v2\/types\/product"}],"replies":[{"embeddable":true,"href":"https:\/\/www.liqui-moly-shop.ch\/index.php\/wp-json\/wp\/v2\/comments?post=23879"}],"wp:featuredmedia":[{"embeddable":true,"href":"https:\/\/www.liqui-moly-shop.ch\/index.php\/wp-json\/wp\/v2\/media\/23880"}],"wp:attachment":[{"href":"https:\/\/www.liqui-moly-shop.ch\/index.php\/wp-json\/wp\/v2\/media?parent=23879"}],"curies":[{"name":"wp","href":"https:\/\/api.w.org\/{rel}","templated":true}]}}