{"id":23901,"date":"2018-07-17T00:00:00","date_gmt":"2018-07-17T00:00:00","guid":{"rendered":"https:\/\/dev.liqui-moly-shop.ch\/index.php\/product\/diesel-leichtlauf-10w-40\/"},"modified":"2025-12-15T14:23:13","modified_gmt":"2025-12-15T14:23:13","slug":"diesel-leichtlauf-10w-40","status":"publish","type":"product","link":"https:\/\/www.liqui-moly-shop.ch\/index.php\/product\/diesel-leichtlauf-10w-40\/","title":{"rendered":"Diesel Leichtlauf 10W-40"},"content":{"rendered":"<h3>Diesel Leichtlauf 10W-40<\/h3>\n<p><strong>H\u00f6chste Sicherheitsreserven durch moderne Additivtechnologie.<\/strong><br \/>\nMineralisches Leichtlaufmotor\u00f6l mit synthetischen Komponenten. F\u00fcr den anspruchsvollen Dieselfahrer. Vermindert \u00d6leindickung durch Ru\u00dfeintrag. Sorgt f\u00fcr eine schnelle Durch\u00f6lung von Motor und Turbolader. Mit verbesserter Verschlei\u00dfschutzformel. F\u00fcr Dieselfahrzeuge mit bew\u00e4hrter Motorentechnologie.<\/p>\n<p><!-- --><\/p>\n<table id=\"detail\">\n<tbody>\n<tr>\n<td class=\"left\" valign=\"top\">Artikelnummer:<\/td>\n<td class=\"right\" valign=\"top\">1387<\/td>\n<\/tr>\n<tr>\n<td class=\"left\" valign=\"top\">Gebinde:<\/td>\n<td class=\"right\" valign=\"top\">5\u00a0l Kanister Kunststoff<\/td>\n<\/tr>\n<tr>\n<td class=\"left\" valign=\"top\">Paletteninhalt:<\/td>\n<td class=\"right\" valign=\"top\">576<\/td>\n<\/tr>\n<tr>\n<td class=\"left\" valign=\"top\">VPE:<\/td>\n<td class=\"right\" valign=\"top\">6 STK<\/td>\n<\/tr>\n<tr>\n<td class=\"left\" valign=\"top\">Sprache:<\/td>\n<td class=\"right\" valign=\"top\">D &#8211; GB &#8211; I &#8211; E &#8211; P<\/td>\n<\/tr>\n<\/tbody>\n<\/table>\n<h3 class=\"detail\">Einsatzzweck<\/h3>\n<p>Ganzjahres\u00f6l. Speziell f\u00fcr Dieselmotoren entwickelt. Universell einsetzbar f\u00fcr Fahrzeuge ohne Ru\u00dfpartikelfilter. Turbo-getestet.<\/p>\n<h3 class=\"detail\">Spezifikationen und Freigaben<\/h3>\n<p>ACEA B4 ; API CF ; MB-Freigabe 229.1 ; MB-Freigabe 229.3 ; VW 505 00<\/p>\n<p>&nbsp;<\/p>\n<p><b>LIQUI MOLY empfiehlt dieses Produkt zus\u00e4tzlich f\u00fcr Fahrzeuge bzw. Aggregate, f\u00fcr die folgende Spezifikationen oder Originalersatzteilnummern gefordert werden:<\/b><\/p>\n<p>Peugeot Citroen (PSA) B71 2294 ; Renault RN 0710<\/p>\n<p>Wenn Sie Fragen rund um die Liqui Moly Produkte haben sollten, z\u00f6gern Sie nicht und kontaktieren Sie uns. Gerne stehen wir Ihnen jederzeit gerne zur Verf\u00fcgung.<\/p>\n","protected":false},"excerpt":{"rendered":"<p>Diesel Leichtlauf 10W-40 H\u00f6chste Sicherheitsreserven durch moderne Additivtechnologie. Mineralisches Leichtlaufmotor\u00f6l mit synthetischen Komponenten. F\u00fcr den anspruchsvollen Dieselfahrer. Vermindert \u00d6leindickung durch Ru\u00dfeintrag. Sorgt f\u00fcr eine schnelle Durch\u00f6lung von Motor und Turbolader. Mit verbesserter Verschlei\u00dfschutzformel. F\u00fcr Dieselfahrzeuge mit bew\u00e4hrter Motorentechnologie. Artikelnummer: 1387 Gebinde: 5\u00a0l Kanister Kunststoff Paletteninhalt: 576 VPE: 6 STK Sprache: D &#8211; GB &#8211; I [&hellip;]<\/p>\n","protected":false},"featured_media":23902,"comment_status":"closed","ping_status":"closed","template":"","meta":[],"class_list":["post-23901","product","type-product","status-publish","has-post-thumbnail","hentry","product_cat-10w-40","product_cat-motoroele-4-takt-auto","product_cat-schmierstoffe"],"_links":{"self":[{"href":"https:\/\/www.liqui-moly-shop.ch\/index.php\/wp-json\/wp\/v2\/product\/23901","targetHints":{"allow":["GET"]}}],"collection":[{"href":"https:\/\/www.liqui-moly-shop.ch\/index.php\/wp-json\/wp\/v2\/product"}],"about":[{"href":"https:\/\/www.liqui-moly-shop.ch\/index.php\/wp-json\/wp\/v2\/types\/product"}],"replies":[{"embeddable":true,"href":"https:\/\/www.liqui-moly-shop.ch\/index.php\/wp-json\/wp\/v2\/comments?post=23901"}],"wp:featuredmedia":[{"embeddable":true,"href":"https:\/\/www.liqui-moly-shop.ch\/index.php\/wp-json\/wp\/v2\/media\/23902"}],"wp:attachment":[{"href":"https:\/\/www.liqui-moly-shop.ch\/index.php\/wp-json\/wp\/v2\/media?parent=23901"}],"curies":[{"name":"wp","href":"https:\/\/api.w.org\/{rel}","templated":true}]}}