{"id":23928,"date":"2018-07-17T00:00:00","date_gmt":"2018-07-17T00:00:00","guid":{"rendered":"https:\/\/dev.liqui-moly-shop.ch\/index.php\/product\/super-leichtlauf-10w-40\/"},"modified":"2023-10-06T07:05:17","modified_gmt":"2023-10-06T07:05:17","slug":"super-leichtlauf-10w-40","status":"publish","type":"product","link":"https:\/\/www.liqui-moly-shop.ch\/index.php\/product\/super-leichtlauf-10w-40\/","title":{"rendered":"Super Leichtlauf 10W-40"},"content":{"rendered":"<h3>Super Leichtlauf 10W-40<\/h3>\n<p><strong>Besonders geeignet f\u00fcr Fahrzeuge mit hoher Kilometerleistung.<\/strong><br \/>\nSynthesetechnologie-Leichtlaufmotor\u00f6l. Besonders gutes Schmutztrage- und Reinigungsverm\u00f6gen. Verhindert die Bildung von Schwarzschlamm. Mit modernster Verschlei\u00dfschutztechnologie. H\u00e4lt Motordichtungen wie z. B. Wellendichtringe und Ventilschaftabdichtungen elastisch und sorgt f\u00fcr einen geringen \u00d6lverbrauch. F\u00fcr Fahrzeuge mit bew\u00e4hrter Motorentechnologie.<\/p>\n<p><!-- --><\/p>\n<table id=\"detail\">\n<tbody>\n<tr>\n<td class=\"left\" valign=\"top\">Artikelnummer:<\/td>\n<td class=\"right\" valign=\"top\">1300<\/td>\n<\/tr>\n<tr>\n<td class=\"left\" valign=\"top\">Gebinde:<\/td>\n<td class=\"right\" valign=\"top\">1 l Kanister Kunststoff<\/td>\n<\/tr>\n<tr>\n<td class=\"left\" valign=\"top\">Paletteninhalt:<\/td>\n<td class=\"right\" valign=\"top\">576<\/td>\n<\/tr>\n<tr>\n<td class=\"left\" valign=\"top\">VPE:<\/td>\n<td class=\"right\" valign=\"top\">6 STK<\/td>\n<\/tr>\n<tr>\n<td class=\"left\" valign=\"top\">Sprache:<\/td>\n<td class=\"right\" valign=\"top\">D &#8211; F &#8211; I<\/td>\n<\/tr>\n<\/tbody>\n<\/table>\n<h3 class=\"detail\">Einsatzzweck<\/h3>\n<p>Ganzjahres\u00f6l f\u00fcr Benzin- und Dieselmotoren. Turbo- und Kat-getestet.<\/p>\n<h3 class=\"detail\">Spezifikationen und Freigaben<\/h3>\n<p>ACEA A3 ; ACEA B4 ; API SN ; API CF ; MB-Freigabe 229.1 ; MB-Freigabe 229.3 ; VW 501 01 ; VW 505 00<\/p>\n<p>&nbsp;<\/p>\n<p><b>LIQUI MOLY empfiehlt dieses Produkt zus\u00e4tzlich f\u00fcr Fahrzeuge bzw. Aggregate, f\u00fcr die folgende Spezifikationen oder Originalersatzteilnummern gefordert werden:<\/b><\/p>\n<p>Fiat 9.55535-D2 ; Fiat 9.55535-G2 ; Peugeot Citroen (PSA) B71 2300 ; Renault RN 0700 ; Renault RN 0710<\/p>\n<div class=\"content-row content-standalone bg-light py-5 py-lg-6 variantswitch-sku-1300\">\n<div class=\"ghs-information container fs-11\">\n<div class=\"d-grid gap-3\">\n<div class=\"text-md-center text-muted ps-md-2 pe-md-2\">\n<ul class=\"info-text m-0 p-0\">\n<li>EUH210 Sicherheitsdatenblatt auf Anfrage erh\u00e4ltlich.<\/li>\n<\/ul>\n<\/div>\n<\/div>\n<\/div>\n<\/div>\n<div class=\"container\">\n<div class=\"content-tabs-wrapper content-tabs-container content-row product info detailed mage-tabs-disabled\">\n<div class=\"horizontal-scroll horizontal-scroll--fade-out\" data-limo-observe-movement=\"\">\n<ul class=\"nav content-tabs scroll-snap-x flex-nowrap\" data-limo-observe-tabs=\"\">\n<li class=\"d-inline-block nav-item px-2_5\" role=\"tablist\"><\/li>\n<\/ul>\n<\/div>\n<\/div>\n<\/div>\n<p>Wenn Sie Fragen rund um die Liqui Moly Produkte haben sollten, z\u00f6gern Sie nicht und kontaktieren Sie uns. Gerne stehen wir Ihnen jederzeit gerne zur Verf\u00fcgung.<\/p>\n","protected":false},"excerpt":{"rendered":"<p>Super Leichtlauf 10W-40 Besonders geeignet f\u00fcr Fahrzeuge mit hoher Kilometerleistung. Synthesetechnologie-Leichtlaufmotor\u00f6l. Besonders gutes Schmutztrage- und Reinigungsverm\u00f6gen. Verhindert die Bildung von Schwarzschlamm. Mit modernster Verschlei\u00dfschutztechnologie. H\u00e4lt Motordichtungen wie z. B. Wellendichtringe und Ventilschaftabdichtungen elastisch und sorgt f\u00fcr einen geringen \u00d6lverbrauch. F\u00fcr Fahrzeuge mit bew\u00e4hrter Motorentechnologie. Artikelnummer: 1300 Gebinde: 1 l Kanister Kunststoff Paletteninhalt: 576 VPE: 6 [&hellip;]<\/p>\n","protected":false},"featured_media":23929,"comment_status":"closed","ping_status":"closed","template":"","meta":[],"class_list":["post-23928","product","type-product","status-publish","has-post-thumbnail","hentry","product_cat-10w-40","product_cat-motoroele-4-takt-auto","product_cat-schmierstoffe"],"_links":{"self":[{"href":"https:\/\/www.liqui-moly-shop.ch\/index.php\/wp-json\/wp\/v2\/product\/23928","targetHints":{"allow":["GET"]}}],"collection":[{"href":"https:\/\/www.liqui-moly-shop.ch\/index.php\/wp-json\/wp\/v2\/product"}],"about":[{"href":"https:\/\/www.liqui-moly-shop.ch\/index.php\/wp-json\/wp\/v2\/types\/product"}],"replies":[{"embeddable":true,"href":"https:\/\/www.liqui-moly-shop.ch\/index.php\/wp-json\/wp\/v2\/comments?post=23928"}],"wp:featuredmedia":[{"embeddable":true,"href":"https:\/\/www.liqui-moly-shop.ch\/index.php\/wp-json\/wp\/v2\/media\/23929"}],"wp:attachment":[{"href":"https:\/\/www.liqui-moly-shop.ch\/index.php\/wp-json\/wp\/v2\/media?parent=23928"}],"curies":[{"name":"wp","href":"https:\/\/api.w.org\/{rel}","templated":true}]}}