{"id":23931,"date":"2018-07-17T00:00:00","date_gmt":"2018-07-17T00:00:00","guid":{"rendered":"https:\/\/dev.liqui-moly-shop.ch\/index.php\/product\/synthoil-race-tech-gt1-10w-60\/"},"modified":"2023-10-06T07:09:44","modified_gmt":"2023-10-06T07:09:44","slug":"synthoil-race-tech-gt1-10w-60","status":"publish","type":"product","link":"https:\/\/www.liqui-moly-shop.ch\/index.php\/product\/synthoil-race-tech-gt1-10w-60\/","title":{"rendered":"Synthoil Race Tech GT1 10W-60"},"content":{"rendered":"<h3>Synthoil Race Tech GT1 10W-60<\/h3>\n<p>Vollsynthetisches Leichtlaufmotor\u00f6l f\u00fcr sportliche Fahrer und extreme Einsatzbedingungen. Bietet h\u00f6chste Schmiersicherheit, optimalen \u00d6ldruck und maximalen Verschlei\u00dfschutz durch klassische Motorsportviskosit\u00e4t. Maximale Performance und hohe Leistungsreserve f\u00fchren schneller und sicherer ans Ziel.<\/p>\n<p><!-- --><\/p>\n<table id=\"detail\">\n<tbody>\n<tr>\n<td class=\"left\" valign=\"top\">Artikelnummer:<\/td>\n<td class=\"right\" valign=\"top\">1390<\/td>\n<\/tr>\n<tr>\n<td class=\"left\" valign=\"top\">Gebinde:<\/td>\n<td class=\"right\" valign=\"top\">1 l Kanister Kunststoff<\/td>\n<\/tr>\n<tr>\n<td class=\"left\" valign=\"top\">Paletteninhalt:<\/td>\n<td class=\"right\" valign=\"top\">576<\/td>\n<\/tr>\n<tr>\n<td class=\"left\" valign=\"top\">VPE:<\/td>\n<td class=\"right\" valign=\"top\">6 STK<\/td>\n<\/tr>\n<tr>\n<td class=\"left\" valign=\"top\">Sprache:<\/td>\n<td class=\"right\" valign=\"top\">D &#8211; F &#8211; I<\/td>\n<\/tr>\n<\/tbody>\n<\/table>\n<h3 class=\"detail\">Einsatzzweck<\/h3>\n<p>Speziell f\u00fcr den Motorsport entwickelt. F\u00fcr Benzin- und Dieselmotoren bei sportlichem Einsatz ganzj\u00e4hrig geeignet. Turbo- und Kat-getestet.<\/p>\n<h3 class=\"detail\">Spezifikationen und Freigaben<\/h3>\n<p>ACEA A3 ; ACEA B4 ; API SL ; API CF<\/p>\n<p>&nbsp;<\/p>\n<p><b>LIQUI MOLY empfiehlt dieses Produkt zus\u00e4tzlich f\u00fcr Fahrzeuge bzw. Aggregate, f\u00fcr die folgende Spezifikationen oder Originalersatzteilnummern gefordert werden:<\/b><\/p>\n<p>Fiat 9.55535-H3<\/p>\n<div class=\"content-row content-standalone bg-light py-5 py-lg-6 variantswitch-sku-1390\">\n<div class=\"ghs-information container fs-11\">\n<div class=\"d-grid gap-3\">\n<div class=\"text-md-center text-muted ps-md-2 pe-md-2\">\n<ul class=\"info-text m-0 p-0\">\n<li>EUH208 Enth\u00e4lt Benzolsulfons\u00e4ure, Methyl-, Mono-C20-24-verzweigte Alkylderivate, Calciumsalze. Kann allergische Reaktionen hervorrufen.<\/li>\n<li>EUH210 Sicherheitsdatenblatt auf Anfrage erh\u00e4ltlich.<\/li>\n<\/ul>\n<\/div>\n<\/div>\n<\/div>\n<\/div>\n<div class=\"container\">\n<div class=\"content-tabs-wrapper content-tabs-container content-row product info detailed mage-tabs-disabled\">\n<div class=\"horizontal-scroll horizontal-scroll--fade-out\" data-limo-observe-movement=\"\">\n<ul class=\"nav content-tabs scroll-snap-x flex-nowrap\" data-limo-observe-tabs=\"\">\n<li class=\"d-inline-block nav-item px-2_5\" role=\"tablist\"><\/li>\n<\/ul>\n<\/div>\n<\/div>\n<\/div>\n<p>Wenn Sie Fragen rund um die Liqui Moly Produkte haben sollten, z\u00f6gern Sie nicht und kontaktieren Sie uns. Gerne stehen wir Ihnen jederzeit gerne zur Verf\u00fcgung.<\/p>\n","protected":false},"excerpt":{"rendered":"<p>Synthoil Race Tech GT1 10W-60 Vollsynthetisches Leichtlaufmotor\u00f6l f\u00fcr sportliche Fahrer und extreme Einsatzbedingungen. Bietet h\u00f6chste Schmiersicherheit, optimalen \u00d6ldruck und maximalen Verschlei\u00dfschutz durch klassische Motorsportviskosit\u00e4t. Maximale Performance und hohe Leistungsreserve f\u00fchren schneller und sicherer ans Ziel. Artikelnummer: 1390 Gebinde: 1 l Kanister Kunststoff Paletteninhalt: 576 VPE: 6 STK Sprache: D &#8211; F &#8211; I Einsatzzweck Speziell [&hellip;]<\/p>\n","protected":false},"featured_media":23932,"comment_status":"closed","ping_status":"closed","template":"","meta":[],"class_list":["post-23931","product","type-product","status-publish","has-post-thumbnail","hentry","product_cat-10w-60","product_cat-motoroele-4-takt-auto","product_cat-schmierstoffe"],"_links":{"self":[{"href":"https:\/\/www.liqui-moly-shop.ch\/index.php\/wp-json\/wp\/v2\/product\/23931","targetHints":{"allow":["GET"]}}],"collection":[{"href":"https:\/\/www.liqui-moly-shop.ch\/index.php\/wp-json\/wp\/v2\/product"}],"about":[{"href":"https:\/\/www.liqui-moly-shop.ch\/index.php\/wp-json\/wp\/v2\/types\/product"}],"replies":[{"embeddable":true,"href":"https:\/\/www.liqui-moly-shop.ch\/index.php\/wp-json\/wp\/v2\/comments?post=23931"}],"wp:featuredmedia":[{"embeddable":true,"href":"https:\/\/www.liqui-moly-shop.ch\/index.php\/wp-json\/wp\/v2\/media\/23932"}],"wp:attachment":[{"href":"https:\/\/www.liqui-moly-shop.ch\/index.php\/wp-json\/wp\/v2\/media?parent=23931"}],"curies":[{"name":"wp","href":"https:\/\/api.w.org\/{rel}","templated":true}]}}