{"id":23934,"date":"2018-07-17T00:00:00","date_gmt":"2018-07-17T00:00:00","guid":{"rendered":"https:\/\/dev.liqui-moly-shop.ch\/index.php\/product\/formula-super-15w-40\/"},"modified":"2018-07-17T00:00:00","modified_gmt":"2018-07-17T00:00:00","slug":"formula-super-15w-40","status":"publish","type":"product","link":"https:\/\/www.liqui-moly-shop.ch\/index.php\/product\/formula-super-15w-40\/","title":{"rendered":"Formula Super 15W-40"},"content":{"rendered":"<h3>Formula Super 15W-40<\/h3>\n<p>Mineralisches Motor\u00f6l. Sorgt f\u00fcr einen stabilen Schmierfilm. Bietet optimalen \u00d6ldruck unter allen Betriebsbedingungen. Hohe Sicherheitsreserven bei extremen Belastungen.<\/p>\n<p><!-- --><\/p>\n<table id=\"detail\">\n<tbody>\n<tr>\n<td class=\"left\" valign=\"top\">Artikelnummer:<\/td>\n<td class=\"right\" valign=\"top\">1439<\/td>\n<\/tr>\n<tr>\n<td class=\"left\" valign=\"top\">Gebinde:<\/td>\n<td class=\"right\" valign=\"top\">1 l Kanister Kunststoff<\/td>\n<\/tr>\n<tr>\n<td class=\"left\" valign=\"top\">Paletteninhalt:<\/td>\n<td class=\"right\" valign=\"top\">600<\/td>\n<\/tr>\n<tr>\n<td class=\"left\" valign=\"top\">VPE:<\/td>\n<td class=\"right\" valign=\"top\">6 STK<\/td>\n<\/tr>\n<tr>\n<td class=\"left\" valign=\"top\">Sprache:<\/td>\n<td class=\"right\" valign=\"top\">D<\/td>\n<\/tr>\n<\/tbody>\n<\/table>\n<h3 class=\"detail\">Einsatzzweck<\/h3>\n<p>Ganzjahres\u00f6l f\u00fcr Benzin- und Dieselmotoren. Besonders geeignet f\u00fcr \u00e4ltere Fahrzeuge\u00a0\u2013 auch mit nachger\u00fcstetem Katalysator. Turbo- und Kat-getestet.<\/p>\n<h3 class=\"detail\">Spezifikationen und Freigaben<\/h3>\n<p>ACEA A2 ; ACEA B3 ; ACEA E3 ; API SJ ; API CF ; API CF-4 ; Allison C4 ; MIL-L 2104 E ; MIL-L 46152 D ; Volvo VDS<\/p>\n<p>&nbsp;<\/p>\n<p><b>LIQUI MOLY empfiehlt dieses Produkt zus\u00e4tzlich f\u00fcr Fahrzeuge bzw. Aggregate, f\u00fcr die folgende Spezifikationen oder Originalersatzteilnummern gefordert werden:<\/b><\/p>\n<p>Caterpillar TO-2 ; MAN 271 ; MB 228.1 ; MTU Typ 1<\/p>\n<p>Wenn Sie Fragen rund um die Liqui Moly Produkte haben sollten, z\u00f6gern Sie nicht und kontaktieren Sie uns. Gerne stehen wir Ihnen jederzeit gerne zur Verf\u00fcgung.<\/p>\n","protected":false},"excerpt":{"rendered":"<p>Formula Super 15W-40 Mineralisches Motor\u00f6l. Sorgt f\u00fcr einen stabilen Schmierfilm. Bietet optimalen \u00d6ldruck unter allen Betriebsbedingungen. Hohe Sicherheitsreserven bei extremen Belastungen. Artikelnummer: 1439 Gebinde: 1 l Kanister Kunststoff Paletteninhalt: 600 VPE: 6 STK Sprache: D Einsatzzweck Ganzjahres\u00f6l f\u00fcr Benzin- und Dieselmotoren. Besonders geeignet f\u00fcr \u00e4ltere Fahrzeuge\u00a0\u2013 auch mit nachger\u00fcstetem Katalysator. Turbo- und Kat-getestet. Spezifikationen und [&hellip;]<\/p>\n","protected":false},"featured_media":23935,"comment_status":"closed","ping_status":"closed","template":"","meta":[],"class_list":["post-23934","product","type-product","status-publish","has-post-thumbnail","hentry","product_cat-15w-40","product_cat-motoroele-4-takt-auto","product_cat-schmierstoffe"],"_links":{"self":[{"href":"https:\/\/www.liqui-moly-shop.ch\/index.php\/wp-json\/wp\/v2\/product\/23934","targetHints":{"allow":["GET"]}}],"collection":[{"href":"https:\/\/www.liqui-moly-shop.ch\/index.php\/wp-json\/wp\/v2\/product"}],"about":[{"href":"https:\/\/www.liqui-moly-shop.ch\/index.php\/wp-json\/wp\/v2\/types\/product"}],"replies":[{"embeddable":true,"href":"https:\/\/www.liqui-moly-shop.ch\/index.php\/wp-json\/wp\/v2\/comments?post=23934"}],"wp:featuredmedia":[{"embeddable":true,"href":"https:\/\/www.liqui-moly-shop.ch\/index.php\/wp-json\/wp\/v2\/media\/23935"}],"wp:attachment":[{"href":"https:\/\/www.liqui-moly-shop.ch\/index.php\/wp-json\/wp\/v2\/media?parent=23934"}],"curies":[{"name":"wp","href":"https:\/\/api.w.org\/{rel}","templated":true}]}}