{"id":23965,"date":"2018-07-17T00:00:00","date_gmt":"2018-07-17T00:00:00","guid":{"rendered":"https:\/\/dev.liqui-moly-shop.ch\/index.php\/product\/special-tec-f-eco-5w-20\/"},"modified":"2023-10-05T06:37:35","modified_gmt":"2023-10-05T06:37:35","slug":"special-tec-f-eco-5w-20","status":"publish","type":"product","link":"https:\/\/www.liqui-moly-shop.ch\/index.php\/product\/special-tec-f-eco-5w-20\/","title":{"rendered":"Special Tec F ECO 5W-20"},"content":{"rendered":"<h3>Special Tec F ECO 5W-20<\/h3>\n<p>Leichtlaufmotor\u00f6l auf Basis Synthesetechnologie. Ablagerungen werden sicher verhindert, eine hervorragende Schmiersicherheit gew\u00e4hrleistet und eine hohe Kraftstoffeinsparung erm\u00f6glicht. Was die Verschlei\u00dffestigkeit betrifft, so werden die Anforderungen der \u00e4lteren Ford-Norm WSS-M2C913-C erf\u00fcllt und in gewissen Aspekten sogar \u00fcbertroffen. Ford empfiehlt es f\u00fcr alle Motoren zu verwenden, f\u00fcr die gegenw\u00e4rtig \u00d6le der Spezifikationen WSS-M2C913-B, WSS-M2C913-C oder WSS-M2C925-B vorgeschrieben wurde.<\/p>\n<p><!-- --><\/p>\n<table id=\"detail\">\n<tbody>\n<tr>\n<td class=\"left\" valign=\"top\">Artikelnummer:<\/td>\n<td class=\"right\" valign=\"top\">3840<\/td>\n<\/tr>\n<tr>\n<td class=\"left\" valign=\"top\">Gebinde:<\/td>\n<td class=\"right\" valign=\"top\">1 l Kanister Kunststoff<\/td>\n<\/tr>\n<tr>\n<td class=\"left\" valign=\"top\">Paletteninhalt:<\/td>\n<td class=\"right\" valign=\"top\">576<\/td>\n<\/tr>\n<tr>\n<td class=\"left\" valign=\"top\">VPE:<\/td>\n<td class=\"right\" valign=\"top\">6 STK<\/td>\n<\/tr>\n<tr>\n<td class=\"left\" valign=\"top\">Sprache:<\/td>\n<td class=\"right\" valign=\"top\">D &#8211; GB &#8211; I &#8211; E &#8211; P<\/td>\n<\/tr>\n<\/tbody>\n<\/table>\n<h3 class=\"detail\">Einsatzzweck<\/h3>\n<p>Ganzjahres\u00f6l f\u00fcr Ford Benzinmotoren mit Ausnahme (Ford Ka (08\/2008-), Focus ST und Focus RS (2004.75 mit 2.5 l Duratec-ST (VI5) Motor). Ein Schmierstoff dieser Norm wird f\u00fcr alle 1.0 l 3-Zylinder EcoBoost-Motoren vorgeschrieben. Des Weiteren ist dieses Motor\u00f6l mit \u00e4lteren Ausf\u00fchrungen voll kompatibel.<\/p>\n<h3 class=\"detail\">Spezifikationen und Freigaben<\/h3>\n<p>ACEA C5 ; API SN ; Ford WSS-M2C 948-B ; Jaguar \/ Land Rover STJLR.03.5004<\/p>\n<ul class=\"info-text m-0 p-0\">\n<li>EUH208 Enth\u00e4lt C14-16-18 Alkylphenol. Kann allergische Reaktionen hervorrufen.<\/li>\n<li>EUH210 Sicherheitsdatenblatt auf Anfrage erh\u00e4ltlich.<\/li>\n<\/ul>\n<p>Wenn Sie Fragen rund um die Liqui Moly Produkte haben sollten, z\u00f6gern Sie nicht und kontaktieren Sie uns. Gerne stehen wir Ihnen jederzeit gerne zur Verf\u00fcgung.<\/p>\n","protected":false},"excerpt":{"rendered":"<p>Special Tec F ECO 5W-20 Leichtlaufmotor\u00f6l auf Basis Synthesetechnologie. Ablagerungen werden sicher verhindert, eine hervorragende Schmiersicherheit gew\u00e4hrleistet und eine hohe Kraftstoffeinsparung erm\u00f6glicht. Was die Verschlei\u00dffestigkeit betrifft, so werden die Anforderungen der \u00e4lteren Ford-Norm WSS-M2C913-C erf\u00fcllt und in gewissen Aspekten sogar \u00fcbertroffen. Ford empfiehlt es f\u00fcr alle Motoren zu verwenden, f\u00fcr die gegenw\u00e4rtig \u00d6le der Spezifikationen [&hellip;]<\/p>\n","protected":false},"featured_media":23966,"comment_status":"closed","ping_status":"closed","template":"","meta":[],"class_list":["post-23965","product","type-product","status-publish","has-post-thumbnail","hentry","product_cat-5w-20","product_cat-motoroele-4-takt-auto","product_cat-schmierstoffe"],"_links":{"self":[{"href":"https:\/\/www.liqui-moly-shop.ch\/index.php\/wp-json\/wp\/v2\/product\/23965","targetHints":{"allow":["GET"]}}],"collection":[{"href":"https:\/\/www.liqui-moly-shop.ch\/index.php\/wp-json\/wp\/v2\/product"}],"about":[{"href":"https:\/\/www.liqui-moly-shop.ch\/index.php\/wp-json\/wp\/v2\/types\/product"}],"replies":[{"embeddable":true,"href":"https:\/\/www.liqui-moly-shop.ch\/index.php\/wp-json\/wp\/v2\/comments?post=23965"}],"wp:featuredmedia":[{"embeddable":true,"href":"https:\/\/www.liqui-moly-shop.ch\/index.php\/wp-json\/wp\/v2\/media\/23966"}],"wp:attachment":[{"href":"https:\/\/www.liqui-moly-shop.ch\/index.php\/wp-json\/wp\/v2\/media?parent=23965"}],"curies":[{"name":"wp","href":"https:\/\/api.w.org\/{rel}","templated":true}]}}